{"id":7276,"date":"2019-04-12T08:52:07","date_gmt":"2019-04-12T05:52:07","guid":{"rendered":"http:\/\/horsefood.ee\/?post_type=product&#038;p=7276"},"modified":"2026-04-30T21:51:10","modified_gmt":"2026-04-30T18:51:10","slug":"suhkrupeet-20kg","status":"publish","type":"product","link":"https:\/\/www.horsefood.ee\/latvia\/pood\/suhkrupeet-20kg\/","title":{"rendered":"Suhkrupeedi viljalihagraanulid (konditsioon \/ seedimine \/ \u00fclimaitsev) 20kg"},"content":{"rendered":"<p><a href=\"https:\/\/i0.wp.com\/horsefood.ee\/wp-content\/uploads\/2019\/04\/Peet-pulp-1.png\"><img data-recalc-dims=\"1\" loading=\"lazy\" decoding=\"async\" data-attachment-id=\"7395\" data-permalink=\"https:\/\/www.horsefood.ee\/latvia\/?attachment_id=7395#main\" data-orig-file=\"https:\/\/i0.wp.com\/www.horsefood.ee\/wp-content\/uploads\/2019\/04\/Peet-pulp-1.png?fit=940%2C788&amp;ssl=1\" data-orig-size=\"940,788\" data-comments-opened=\"0\" data-image-meta=\"{&quot;aperture&quot;:&quot;0&quot;,&quot;credit&quot;:&quot;&quot;,&quot;camera&quot;:&quot;&quot;,&quot;caption&quot;:&quot;&quot;,&quot;created_timestamp&quot;:&quot;0&quot;,&quot;copyright&quot;:&quot;&quot;,&quot;focal_length&quot;:&quot;0&quot;,&quot;iso&quot;:&quot;0&quot;,&quot;shutter_speed&quot;:&quot;0&quot;,&quot;title&quot;:&quot;&quot;,&quot;orientation&quot;:&quot;0&quot;}\" data-image-title=\"\" data-image-description=\"\" data-image-caption=\"\" data-large-file=\"https:\/\/i0.wp.com\/www.horsefood.ee\/wp-content\/uploads\/2019\/04\/Peet-pulp-1.png?fit=940%2C788&amp;ssl=1\" class=\"aligncenter size-full wp-image-7395\" src=\"https:\/\/i0.wp.com\/horsefood.ee\/wp-content\/uploads\/2019\/04\/Peet-pulp-1.png?resize=940%2C788\" alt=\"\" width=\"940\" height=\"788\" srcset=\"https:\/\/i0.wp.com\/www.horsefood.ee\/wp-content\/uploads\/2019\/04\/Peet-pulp-1.png?w=940&amp;ssl=1 940w, https:\/\/i0.wp.com\/www.horsefood.ee\/wp-content\/uploads\/2019\/04\/Peet-pulp-1.png?resize=300%2C251&amp;ssl=1 300w, https:\/\/i0.wp.com\/www.horsefood.ee\/wp-content\/uploads\/2019\/04\/Peet-pulp-1.png?resize=768%2C644&amp;ssl=1 768w, https:\/\/i0.wp.com\/www.horsefood.ee\/wp-content\/uploads\/2019\/04\/Peet-pulp-1.png?resize=416%2C349&amp;ssl=1 416w\" sizes=\"auto, (max-width: 940px) 100vw, 940px\" \/><\/a><\/p>","protected":false},"excerpt":{"rendered":"<p><strong>Van Corp Loomas\u00f6\u00f6dad<\/strong> <strong>suhkrupeedigraanulid<\/strong> on maitsev ja energiarikas lisands\u00f6\u00f6t. Sisaldab kergesti laguneeritavaid s\u00fcsivesikuid (pektiinid), mida vabastatakse j\u00e4rk-j\u00e4rgult. Suhkrupeedi viljalihagraanuleid toodetakse peedist suhkru eemaldamise j\u00e4rgselt, kus allesj\u00e4\u00e4nud peedimass kuivatakse ja pressitakse seej\u00e4rel 6mm vormidesse. S\u00f6\u00f6damaterjal<\/p>\n<p>Hollandi peedipulp on tuntud oma k\u00f5rge kvaliteedi ja v\u00e4ga heade maitseomaduste poolest. <strong>Enne loomadele s\u00f6\u00f6tmist tuleb graanuleid leotada vees <\/strong>(soojas vees paisuvad graanulid kiiremini)!<\/p>\n<p>Graanuli suurus: <strong>6mm.<\/strong><\/p>\n<p>S\u00d6\u00d6TMISSOOVITUSED: ratsioon \u00fclesehitada j\u00e4rk-j\u00e4rgult. 1-2kg\/p\u00e4evas. Kogus oleneb loomaliigist ja individuaalsest vajadusest.<\/p>","protected":false},"featured_media":7615,"template":"","meta":{"jetpack_post_was_ever_published":false,"jetpack_publicize_message":"","jetpack_publicize_feature_enabled":true,"jetpack_social_post_already_shared":true,"jetpack_social_options":{"image_generator_settings":{"template":"highway","default_image_id":0,"font":"","enabled":false},"version":2}},"product_brand":[],"product_cat":[37,56],"product_tag":[75,69,80,71],"class_list":{"0":"post-7276","1":"product","2":"type-product","3":"status-publish","4":"has-post-thumbnail","6":"product_cat-graanulid","7":"product_cat-horsefoodthebest","8":"product_tag-konditsiooni-parandamine","9":"product_tag-seenioritele","10":"product_tag-temperament-kontrolli-alla","11":"product_tag-teravilja-ja-melassivaba","13":"first","14":"onbackorder","15":"shipping-taxable","16":"purchasable","17":"product-type-simple"},"jetpack_publicize_connections":[],"jetpack_sharing_enabled":true,"jetpack-related-posts":[{"id":12840,"url":"https:\/\/www.horsefood.ee\/latvia\/pood\/relax-easy\/","url_meta":{"origin":7276,"position":0},"title":"RELAX &#038; EASY (N\u00e4rvilisus) 500gr","author":"Kaido Koppel","date":"24. Apr 2021","format":false,"excerpt":"Rahustava ja l\u00f5\u00f5gastava toimega dieettoit n\u00e4rvilistele ja kergesti ehmuvatele hobustele \u00e4revates olukordades! RELAX & EASY aidab toetada n\u00e4rvilisi ning kergesti ehmuvaid hobuseid. Loodud hobustele, kelledele p\u00f5hjustavad stressi treeningud, transport, n\u00e4itused ja v\u00f5istlused jm\u2026 RELAX & EASY v\u00e4hendab stressi ning selle negatiivseid tagaj\u00e4rgi hobuse kehale, kuid ei muuda hobust tuimaks ja\u2026","rel":"","context":"Similar post","block_context":{"text":"Similar post","link":""},"img":{"alt_text":"","src":"https:\/\/i0.wp.com\/www.horsefood.ee\/wp-content\/uploads\/2021\/04\/Relax-Easy-0.jpg?fit=1137%2C1200&ssl=1&resize=350%2C200","width":350,"height":200,"srcset":"https:\/\/i0.wp.com\/www.horsefood.ee\/wp-content\/uploads\/2021\/04\/Relax-Easy-0.jpg?fit=1137%2C1200&ssl=1&resize=350%2C200 1x, https:\/\/i0.wp.com\/www.horsefood.ee\/wp-content\/uploads\/2021\/04\/Relax-Easy-0.jpg?fit=1137%2C1200&ssl=1&resize=525%2C300 1.5x, https:\/\/i0.wp.com\/www.horsefood.ee\/wp-content\/uploads\/2021\/04\/Relax-Easy-0.jpg?fit=1137%2C1200&ssl=1&resize=700%2C400 2x, https:\/\/i0.wp.com\/www.horsefood.ee\/wp-content\/uploads\/2021\/04\/Relax-Easy-0.jpg?fit=1137%2C1200&ssl=1&resize=1050%2C600 3x"},"classes":[]},{"id":3746,"url":"https:\/\/www.horsefood.ee\/latvia\/pood\/linaseemned-kohe-kasutusvalmis-sootmiseks-20kg\/","url_meta":{"origin":7276,"position":1},"title":"Linaseemned kohe valmis s\u00f6\u00f6tmiseks (seedimine \/ heaolu) 20kg","author":"kadri koppel","date":"23. Mai 2017","format":false,"excerpt":"T\u00e4iends\u00f6\u00f6t. Horsefood` the best linaseemned on kohe kasutusvalmis s\u00f6\u00f6tmiseks.\u00a0Tootes sisaldub nn linataimeliim+linaseemne\u00f5li+seemnemass. K\u00f5rge \u00f5li sisaldusega.\u00a0Tolmuvabad.\u00a0 Horsefood`the best linaseemned kohe valmis s\u00f6\u00f6tmiseks: \u2013 annab\u00a0karvale\u00a0kauni\u00a0ja\u00a0t\u00e4iusliku\u00a0l\u00e4ike, \u2013\u00a0seedimise\u00a0soodustamiseks\u00a0\u2013\u00a0ennetab koolikuid. Kuivana s\u00f6\u00f6tes soodustab s\u00fcljeeritust, mis aitab neutraliseerida maohapet. Maos on parem pH tasakaal ning v\u00e4heneb v\u00f5imalus maohaavandite tekkimiseks, \u2013 aitab\u00a0piimhappej\u00e4\u00e4ke\u00a0kehast\u00a0v\u00e4ljutada, \u2013 sisaldab\u00a0inuliini\u00a06%\u00a0\u2013\u00a0toimib\u00a0kui\u00a0prebiootikum,\u00a0mis\u00a0soodustab\u00a0piimhappebakterite\u00a0kasvu, \u2013 k\u00f5rgem\u00a0E-vitamiini\u00a0sisaldus, \u2013\u00a0Omega-3\u00a0\u2013\u00a0aeglaselt\u00a0vabanev\u00a0energia\u00a0\u2013\u00a0sobib\u00a0kestvusspordialadele.\u2026","rel":"","context":"Similar post","block_context":{"text":"Similar post","link":""},"img":{"alt_text":"","src":"https:\/\/i0.wp.com\/www.horsefood.ee\/wp-content\/uploads\/2017\/05\/Lijnzaad-Kantklaar-1.jpg?fit=383%2C575&ssl=1&resize=350%2C200","width":350,"height":200},"classes":[]},{"id":5086,"url":"https:\/\/www.horsefood.ee\/latvia\/pood\/digest-control-brok-20kg\/","url_meta":{"origin":7276,"position":2},"title":"Digest Control Brok (seedimine \/ k\u00f5ikidele hobustele) 20kg","author":"kadri koppel","date":"25. Jan 2018","format":false,"excerpt":"T\u00e4iends\u00f6\u00f6t. HORSEFOOD`the best \u00e4\u00e4rmiselt k\u00f5rgekvaliteediline spordigraanul. Loodud spetsiaalselt treenivatele\u00a0hobustele, kelledel on tundlikum seedes\u00fcsteem v\u00f5i probleeme seedimisega. Sobilik graanul k\u00f5ikidele hobustele, igasuguse koormuse juures treenimisel!\u00a0\u00a0J\u00e4rk-j\u00e4rgult\u00a0vabanev energia.\u00a0 Antud graanul sisaldab rikkalikult toorkiudu, mis stimuleerib n\u00e4rimist ning soodustab s\u00fcljeeritust. N\u00e4rimisintensiivsusest s\u00f5ltub s\u00fclje eritumise kogus, mis aitab neutraliseerida happelist maosekreeti. Graanulis sisalduvad toitained on\u2026","rel":"","context":"Similar post","block_context":{"text":"Similar post","link":""},"img":{"alt_text":"","src":"https:\/\/i0.wp.com\/horsefood.ee\/wp-content\/uploads\/2020\/02\/Kvaliteet-1024x576.png?resize=350%2C200","width":350,"height":200,"srcset":"https:\/\/i0.wp.com\/horsefood.ee\/wp-content\/uploads\/2020\/02\/Kvaliteet-1024x576.png?resize=350%2C200 1x, https:\/\/i0.wp.com\/horsefood.ee\/wp-content\/uploads\/2020\/02\/Kvaliteet-1024x576.png?resize=525%2C300 1.5x, https:\/\/i0.wp.com\/horsefood.ee\/wp-content\/uploads\/2020\/02\/Kvaliteet-1024x576.png?resize=700%2C400 2x"},"classes":[]},{"id":3502,"url":"https:\/\/www.horsefood.ee\/latvia\/pood\/linaseemned-kohe-valmis-sootmiseks\/","url_meta":{"origin":7276,"position":3},"title":"Linaseemned kohe valmis s\u00f6\u00f6tmiseks (seedimine \/ heaolu) 5kg","author":"Georg Koppel","date":"14. Apr 2017","format":false,"excerpt":"T\u00e4iends\u00f6\u00f6t.\u00a0Horsefood`the best\u00a0linaseemned on kohe kasutusvalmis s\u00f6\u00f6tmiseks.\u00a0Tootes sisaldub nn linataimeliim+linaseemne\u00f5li+seemnemass. K\u00f5rge \u00f5li sisaldusega.\u00a0Tolmuvabad.\u00a0 Horsefood`the best\u00a0linaseemned kohe valmis s\u00f6\u00f6tmiseks: - annab\u00a0karvale\u00a0kauni\u00a0ja\u00a0t\u00e4iusliku\u00a0l\u00e4ike, - seedimise\u00a0soodustamiseks\u00a0-\u00a0ennetab koolikuid. Kuivana s\u00f6\u00f6tes soodustab s\u00fcljeeritust, mis aitab neutraliseerida maohapet. Maos on parem pH tasakaal ning v\u00e4heneb v\u00f5imalus maohaavandite tekkimiseks, - aitab\u00a0piimhappej\u00e4\u00e4ke\u00a0kehast\u00a0v\u00e4ljutada, - sisaldab\u00a0inuliini\u00a06%\u00a0-\u00a0toimib\u00a0kui\u00a0prebiootikum,\u00a0mis\u00a0soodustab\u00a0piimhappebakterite\u00a0kasvu, - k\u00f5rgem\u00a0E-vitamiini\u00a0sisaldus: antioks\u00fcdant, -\u00a0Omega-3\u00a0-\u00a0aeglaselt\u00a0vabanev\u00a0energia\u00a0-\u00a0sobib\u00a0kestvusspordialadele. Koostis:\u00a0linaseemned, nisukuskuss,\u2026","rel":"","context":"Similar post","block_context":{"text":"Similar post","link":""},"img":{"alt_text":"","src":"https:\/\/i0.wp.com\/www.horsefood.ee\/wp-content\/uploads\/2017\/11\/Linaseemned-kohe-valmis-s%C3%B6%C3%B6tmiseks-e1513026266477.jpg?fit=794%2C1190&ssl=1&resize=350%2C200","width":350,"height":200,"srcset":"https:\/\/i0.wp.com\/www.horsefood.ee\/wp-content\/uploads\/2017\/11\/Linaseemned-kohe-valmis-s%C3%B6%C3%B6tmiseks-e1513026266477.jpg?fit=794%2C1190&ssl=1&resize=350%2C200 1x, https:\/\/i0.wp.com\/www.horsefood.ee\/wp-content\/uploads\/2017\/11\/Linaseemned-kohe-valmis-s%C3%B6%C3%B6tmiseks-e1513026266477.jpg?fit=794%2C1190&ssl=1&resize=525%2C300 1.5x, https:\/\/i0.wp.com\/www.horsefood.ee\/wp-content\/uploads\/2017\/11\/Linaseemned-kohe-valmis-s%C3%B6%C3%B6tmiseks-e1513026266477.jpg?fit=794%2C1190&ssl=1&resize=700%2C400 2x"},"classes":[]},{"id":5451,"url":"https:\/\/www.horsefood.ee\/latvia\/pood\/elektrolyten-mix-elektroluudid-1kg\/","url_meta":{"origin":7276,"position":4},"title":"Elektrolyten+ (elektrol\u00fc\u00fcdid\/taastumine) 1000ml","author":"kadri koppel","date":"17. Apr 2018","format":false,"excerpt":"S\u00f6\u00f6dalisand hobustele. Horsefood Electrolyten+ on ideaalne toode mineraalide ja mikroelementide kiireks t\u00e4iendamiseks suure vedelikukaotuse korral, mis tekib f\u00fc\u00fcsiliste pingutuste tagaj\u00e4rjel. Oluline on seda anda k\u00f5rgetel temperatuuridel ja \u00fclem\u00e4\u00e4rase higistamise korral. Enne ja p\u00e4rast pingutust tuleks anda Electrolyten+ tagamaks hobusele mineraalide tasakaalu ja ennetamaks kehasoolade puudust. See sisaldab kergesti omastatavaid mikroelemente\u2026","rel":"","context":"Similar post","block_context":{"text":"Similar post","link":""},"img":{"alt_text":"","src":"https:\/\/i0.wp.com\/www.horsefood.ee\/wp-content\/uploads\/2023\/10\/IMG_9750.jpeg?fit=1200%2C1155&ssl=1&resize=350%2C200","width":350,"height":200,"srcset":"https:\/\/i0.wp.com\/www.horsefood.ee\/wp-content\/uploads\/2023\/10\/IMG_9750.jpeg?fit=1200%2C1155&ssl=1&resize=350%2C200 1x, https:\/\/i0.wp.com\/www.horsefood.ee\/wp-content\/uploads\/2023\/10\/IMG_9750.jpeg?fit=1200%2C1155&ssl=1&resize=525%2C300 1.5x, https:\/\/i0.wp.com\/www.horsefood.ee\/wp-content\/uploads\/2023\/10\/IMG_9750.jpeg?fit=1200%2C1155&ssl=1&resize=700%2C400 2x, https:\/\/i0.wp.com\/www.horsefood.ee\/wp-content\/uploads\/2023\/10\/IMG_9750.jpeg?fit=1200%2C1155&ssl=1&resize=1050%2C600 3x"},"classes":[]},{"id":7439,"url":"https:\/\/www.horsefood.ee\/latvia\/pood\/heinakuubikud-20kg\/","url_meta":{"origin":7276,"position":5},"title":"Heinagraanulid \/ ei vaja leotamist \/ ei sobi kores\u00f6\u00f6da t\u00e4ielikuks asendamiseks 20kg","author":"kadri koppel","date":"11. Mai 2019","format":false,"excerpt":"Van Corp Loomas\u00f6\u00f6dad heinagraanulid\u00a0on valmistatud 100% tolmuvabast kuivatatud karjamaarohust. Need on loodud ratsiooni t\u00e4iendamiseks v\u00f5i s\u00f6\u00f6tmiseks kores\u00f6\u00f6da puuduse korral. Pelleteid v\u00f5ib s\u00f6\u00f6ta kuivalt, sest meie\u00a0heinagraanulid ei vaja leotamist!\u00a0Loomulikult on lubatud graanuleid soojas vees leotada, kuid see ei ole h\u00e4davajalik. Lisands\u00f6\u00f6t. Ei sobi kores\u00f6\u00f6da t\u00e4ielikuks asendamiseks (t\u00e4ielikuks kores\u00f6\u00f6da asendajaks sobib Multibeet-seniormix).\u2026","rel":"","context":"Similar post","block_context":{"text":"Similar post","link":""},"img":{"alt_text":"","src":"https:\/\/i0.wp.com\/www.horsefood.ee\/wp-content\/uploads\/2019\/05\/1.png?fit=794%2C1123&ssl=1&resize=350%2C200","width":350,"height":200,"srcset":"https:\/\/i0.wp.com\/www.horsefood.ee\/wp-content\/uploads\/2019\/05\/1.png?fit=794%2C1123&ssl=1&resize=350%2C200 1x, https:\/\/i0.wp.com\/www.horsefood.ee\/wp-content\/uploads\/2019\/05\/1.png?fit=794%2C1123&ssl=1&resize=525%2C300 1.5x, https:\/\/i0.wp.com\/www.horsefood.ee\/wp-content\/uploads\/2019\/05\/1.png?fit=794%2C1123&ssl=1&resize=700%2C400 2x"},"classes":[]}],"_links":{"self":[{"href":"https:\/\/www.horsefood.ee\/latvia\/wp-json\/wp\/v2\/product\/7276","targetHints":{"allow":["GET"]}}],"collection":[{"href":"https:\/\/www.horsefood.ee\/latvia\/wp-json\/wp\/v2\/product"}],"about":[{"href":"https:\/\/www.horsefood.ee\/latvia\/wp-json\/wp\/v2\/types\/product"}],"wp:featuredmedia":[{"embeddable":true,"href":"https:\/\/www.horsefood.ee\/latvia\/wp-json\/wp\/v2\/media\/7615"}],"wp:attachment":[{"href":"https:\/\/www.horsefood.ee\/latvia\/wp-json\/wp\/v2\/media?parent=7276"}],"wp:term":[{"taxonomy":"product_brand","embeddable":true,"href":"https:\/\/www.horsefood.ee\/latvia\/wp-json\/wp\/v2\/product_brand?post=7276"},{"taxonomy":"product_cat","embeddable":true,"href":"https:\/\/www.horsefood.ee\/latvia\/wp-json\/wp\/v2\/product_cat?post=7276"},{"taxonomy":"product_tag","embeddable":true,"href":"https:\/\/www.horsefood.ee\/latvia\/wp-json\/wp\/v2\/product_tag?post=7276"}],"curies":[{"name":"wp","href":"https:\/\/api.w.org\/{rel}","templated":true}]}}