{"id":6622,"date":"2019-01-23T20:55:51","date_gmt":"2019-01-23T18:55:51","guid":{"rendered":"http:\/\/horsefood.ee\/?post_type=product&#038;p=6622"},"modified":"2026-04-27T13:37:17","modified_gmt":"2026-04-27T10:37:17","slug":"e-seleenmix-e-vitamiin-seleen","status":"publish","type":"product","link":"https:\/\/www.horsefood.ee\/latvia\/pood\/e-seleenmix-e-vitamiin-seleen\/","title":{"rendered":"E-Seleen (k\u00f5ikide rakkude kaitse, immuunsus) 1000ml"},"content":{"rendered":"<p><strong>Anal\u00fc\u00fctiline koostis:<\/strong><\/p>\n<hr \/>\n<p>niiskus 57,3%<\/p>\n<p>toorproteiin 6,6%<\/p>\n<p>toorrasv 0,3%<\/p>\n<p>toortuhk 0,5%<\/p>\n<p>toorkiud 0,0%<\/p>\n<p>naatrium 0,12%.<\/p>","protected":false},"excerpt":{"rendered":"<hr \/>\n<p>T\u00e4iends\u00f6\u00f6t hobustele.<\/p>\n<p><strong>Horsefood E-Seleen<\/strong> on v\u00f5imas antioks\u00fcdant, mis pakub tuge hobustele ja ponidele, kes peavad regulaarselt treenima. See on oluline lihaste ja k\u00f5\u00f5luste kaitsmiseks ning nende tippvormis hoidmiseks.<\/p>\n<p>See maitsev lisand on kombinatsioon erinevatest E-vitamiini vormidest, sealhulgas looduslikust vormist RRR-alfatokoferoolist, orgaanilisest seleeniallikast, C-vitamiinist ja aminohapetest. E-vitamiin on v\u00f5imas antioks\u00fcdant, mis aitab kaitsta keharakke.<\/p>\n<p><strong>Koostis:<\/strong> mikroelemendid (kg\/kohta): selenometioniin ( Se orgaaniline vorm) (3b814) 22,0mg, gl\u00fctserool, dekstroos.<\/p>\n<p><strong>Lisandid:<\/strong> vitamiinid\/provitamiinid (proportsionaalselt kg kohta)<\/p>\n<p>A-vitamiin (3a672a) 129 000 R\u00dc<\/p>\n<p>E-vitamiin (3a700) 100,00mg<\/p>\n<p>C-vitamiin (3a672b) 35,000mg<\/p>\n<p><strong>Kasutusjuhised<\/strong>\/p\u00e4evane annus:<\/p>\n<ul>\n<li>hobune: 2 x 25 ml v\u00e4hemalt 5 p\u00e4eva jooksul. Seej\u00e4rel 1 x 25 ml.<\/li>\n<li>poni: -50% hobuse annusest.<\/li>\n<\/ul>\n<p>Enne selle toote kasutamist konsulteerige veterinaariga.<\/p>\n<p>Hoida kuivas ja toatemperatuuril. P\u00e4rast kasutamist sulgege korralikult.<\/p>\n<p>Tootel on piiratud s\u00e4ilivusaeg avamise j\u00e4rel. Hoidke lastele k\u00e4ttesaamatus kohas.<\/p>\n<p><strong>Pakend: <\/strong>1000ml pudel.<\/p>\n<p><a href=\"https:\/\/horsefood.ee\/wp-content\/uploads\/2023\/10\/IMG_0763-1-scaled.jpeg\"><img loading=\"lazy\" decoding=\"async\" class=\"alignleft wp-image-18083 size-medium\" src=\"https:\/\/horsefood.ee\/wp-content\/uploads\/2023\/10\/IMG_0763-1-300x225.jpeg\" alt=\"\" width=\"300\" height=\"225\" srcset=\"https:\/\/i0.wp.com\/www.horsefood.ee\/wp-content\/uploads\/2023\/10\/IMG_0763-1-scaled.jpeg?resize=300%2C225&amp;ssl=1 300w, https:\/\/i0.wp.com\/www.horsefood.ee\/wp-content\/uploads\/2023\/10\/IMG_0763-1-scaled.jpeg?resize=1024%2C768&amp;ssl=1 1024w, https:\/\/i0.wp.com\/www.horsefood.ee\/wp-content\/uploads\/2023\/10\/IMG_0763-1-scaled.jpeg?resize=768%2C576&amp;ssl=1 768w, https:\/\/i0.wp.com\/www.horsefood.ee\/wp-content\/uploads\/2023\/10\/IMG_0763-1-scaled.jpeg?resize=1536%2C1152&amp;ssl=1 1536w, https:\/\/i0.wp.com\/www.horsefood.ee\/wp-content\/uploads\/2023\/10\/IMG_0763-1-scaled.jpeg?resize=2048%2C1536&amp;ssl=1 2048w, https:\/\/i0.wp.com\/www.horsefood.ee\/wp-content\/uploads\/2023\/10\/IMG_0763-1-scaled.jpeg?resize=600%2C450&amp;ssl=1 600w\" sizes=\"auto, (max-width: 300px) 100vw, 300px\" \/><\/a><\/p>\n<p>&nbsp;<\/p>\n<p>&nbsp;<\/p>\n<p>&nbsp;<\/p>\n<p>&nbsp;<\/p>\n<p>&nbsp;<\/p>\n<p>&nbsp;<\/p>","protected":false},"featured_media":18089,"template":"","meta":{"jetpack_post_was_ever_published":false,"jetpack_publicize_message":"","jetpack_publicize_feature_enabled":true,"jetpack_social_post_already_shared":true,"jetpack_social_options":{"image_generator_settings":{"template":"highway","default_image_id":0,"font":"","enabled":false},"version":2}},"product_brand":[],"product_cat":[56,40],"product_tag":[77,76,67,65,69],"class_list":{"0":"post-6622","1":"product","2":"type-product","3":"status-publish","4":"has-post-thumbnail","6":"product_cat-horsefoodthebest","7":"product_cat-lisandid","8":"product_tag-harrastus","9":"product_tag-heaolu-ja-tervis","10":"product_tag-keskmine-koormus","11":"product_tag-tippsooritus","12":"product_tag-seenioritele","14":"first","15":"instock","16":"shipping-taxable","17":"purchasable","18":"product-type-simple"},"jetpack_publicize_connections":[],"jetpack_sharing_enabled":true,"jetpack-related-posts":[{"id":23133,"url":"https:\/\/www.horsefood.ee\/latvia\/pood\/pure-sensitive-brok-ei-tee-kuumaks-seedimine-tundlikele-hobustele-20kg\/","url_meta":{"origin":6622,"position":0},"title":"Pure Sensitive brok ( seedimine \/ tundlikele hobustele) 20kg","author":"Kaido Koppel","date":"26. Mar 2026","format":false,"excerpt":"Ei tee hobust kuumaks. Toetab seedimist ja hobuse vastupidavust. Pure Sensitive graanulid on m\u00f5eldud hobustele, kes vajavad stabiilset energiat, head seedimist ja tugevat lihast\u00f6\u00f6d \u2013 ilma liigsete suhkrute ja \u00fcleliigse energiata. Paljud s\u00f6\u00f6dad sisaldavad liiga palju suhkrut ja t\u00e4rklist, mis v\u00f5ib m\u00f5jutada hobuse enesetunnet, seedimist ja lihaste t\u00f6\u00f6d. \ud83d\udc49 See\u2026","rel":"","context":"Similar post","block_context":{"text":"Similar post","link":""},"img":{"alt_text":"","src":"https:\/\/i0.wp.com\/www.horsefood.ee\/wp-content\/uploads\/2026\/03\/toode-1.png?fit=675%2C1200&ssl=1&resize=350%2C200","width":350,"height":200,"srcset":"https:\/\/i0.wp.com\/www.horsefood.ee\/wp-content\/uploads\/2026\/03\/toode-1.png?fit=675%2C1200&ssl=1&resize=350%2C200 1x, https:\/\/i0.wp.com\/www.horsefood.ee\/wp-content\/uploads\/2026\/03\/toode-1.png?fit=675%2C1200&ssl=1&resize=525%2C300 1.5x"},"classes":[]},{"id":17597,"url":"https:\/\/www.horsefood.ee\/latvia\/pood\/all-round-paardenbrok-ulalpidamisgraanul-1000kg-ettetellimisel\/","url_meta":{"origin":6622,"position":1},"title":"All-round paardenbrok (igap\u00e4evane graanul \/ m\u00f5\u00f5dukas koormus) Bigbox 1000,0kg ettetellimisel!","author":"Kaido Koppel","date":"6. Aug 2023","format":false,"excerpt":"Ilma kaerata, suure vitamiinide-, mineraalide ja mikroelementide osakaaluga. Optimaalne graanul, mis sobib k\u00f5ikidele madalat energiataset n\u00f5udvatele hobustele ja ponidele.\u00a0 See lisands\u00f6\u00f6t sisaldab enam kui k\u00fcllaldaselt vajalikke toitaineid, mis on vajalikud hoolduss\u00f6\u00f6dana. See graanul sobib ka kores\u00f6\u00f6da lisandiks, kui hobune on \u00fclalpidamisel v\u00f5i teeb kergemat t\u00f6\u00f6d. Koostis: nisu, oder, mais, kaerajahu,\u2026","rel":"","context":"Similar post","block_context":{"text":"Similar post","link":""},"img":{"alt_text":"","src":"https:\/\/i0.wp.com\/www.horsefood.ee\/wp-content\/uploads\/2023\/08\/Big-Box.-Horsefood-the-best-scaled.jpg?fit=1135%2C1200&ssl=1&resize=350%2C200","width":350,"height":200,"srcset":"https:\/\/i0.wp.com\/www.horsefood.ee\/wp-content\/uploads\/2023\/08\/Big-Box.-Horsefood-the-best-scaled.jpg?fit=1135%2C1200&ssl=1&resize=350%2C200 1x, https:\/\/i0.wp.com\/www.horsefood.ee\/wp-content\/uploads\/2023\/08\/Big-Box.-Horsefood-the-best-scaled.jpg?fit=1135%2C1200&ssl=1&resize=525%2C300 1.5x, https:\/\/i0.wp.com\/www.horsefood.ee\/wp-content\/uploads\/2023\/08\/Big-Box.-Horsefood-the-best-scaled.jpg?fit=1135%2C1200&ssl=1&resize=700%2C400 2x, https:\/\/i0.wp.com\/www.horsefood.ee\/wp-content\/uploads\/2023\/08\/Big-Box.-Horsefood-the-best-scaled.jpg?fit=1135%2C1200&ssl=1&resize=1050%2C600 3x"},"classes":[]},{"id":19604,"url":"https:\/\/www.horsefood.ee\/latvia\/pood\/horsefood-licks-optimaalne-kogus-vitamiinie-mineraale-ja-mikroelemente-15kg\/","url_meta":{"origin":6622,"position":2},"title":"Horsefood Licks  (optimaalne kogus  vitamiinie, mineraale ja mikroelemente)  15kg","author":"Kaido Koppel","date":"10. J\u016bn 2024","format":false,"excerpt":"See suurp\u00e4rane vitamiini\u00e4mber pakub hobustele optimaalset vitamiinide, mineraalide ja mikroelementide t\u00e4iendust, toetades hobuse tervist. - Sobib hobustele, kes ei saa lisands\u00f6\u00f6ta. - Suurep\u00e4rane t\u00e4iendus noorte hobuste kasvatamisel. - Ideaalne karjatamisel. - Sobib tiinetele ja imetavatele m\u00e4radele. - Kergesti omastatav. Horsefood Licks on hea imendumisv\u00f5imega ja on rikastatud k\u00fc\u00fcslaugu ekstraktiga. Pakub\u2026","rel":"","context":"Similar post","block_context":{"text":"Similar post","link":""},"img":{"alt_text":"","src":"https:\/\/i0.wp.com\/www.horsefood.ee\/wp-content\/uploads\/2024\/06\/HF_Licks_Mineralenemmer.png?fit=800%2C800&ssl=1&resize=350%2C200","width":350,"height":200,"srcset":"https:\/\/i0.wp.com\/www.horsefood.ee\/wp-content\/uploads\/2024\/06\/HF_Licks_Mineralenemmer.png?fit=800%2C800&ssl=1&resize=350%2C200 1x, https:\/\/i0.wp.com\/www.horsefood.ee\/wp-content\/uploads\/2024\/06\/HF_Licks_Mineralenemmer.png?fit=800%2C800&ssl=1&resize=525%2C300 1.5x, https:\/\/i0.wp.com\/www.horsefood.ee\/wp-content\/uploads\/2024\/06\/HF_Licks_Mineralenemmer.png?fit=800%2C800&ssl=1&resize=700%2C400 2x"},"classes":[]},{"id":3492,"url":"https:\/\/www.horsefood.ee\/latvia\/pood\/easy-mix\/","url_meta":{"origin":6622,"position":3},"title":"Easy-mix (kaeravaba \/ n\u00e4rvilisus \/ sport \/ keskmine koormus) 20kg","author":"Georg Koppel","date":"14. Apr 2017","format":false,"excerpt":"Kaeravaba m\u00fcsli hobustele L\u00e4bim\u00f5eldud kaeravaba lisands\u00f6\u00f6t hobustele, kelle puhul on oluline piisav energiavarustus ilma liigse erutuvuseta ning kes t\u00f6\u00f6tavad \u00fclalpidamisel kuni keskmise koormusega. See kaeravaba m\u00fcsli on loodud hobustele, kellele on vaja anda h\u00e4sti omastatavat energiat, hoides samal ajal temperamendi rahuliku ja kontrollituna. Sobib igap\u00e4evaseks kasutamiseks hobustele, kes teevad keskmist\u2026","rel":"","context":"Similar post","block_context":{"text":"Similar post","link":""},"img":{"alt_text":"","src":"https:\/\/i0.wp.com\/www.horsefood.ee\/wp-content\/uploads\/2017\/04\/Easy-Mix-1.jpg?fit=383%2C575&ssl=1&resize=350%2C200","width":350,"height":200},"classes":[]},{"id":3488,"url":"https:\/\/www.horsefood.ee\/latvia\/pood\/apfel-mix\/","url_meta":{"origin":6622,"position":4},"title":"Appel-mix (kaeravaba \/ harrastus \/ hobi \/ sport \/ heaolu) 20kg","author":"Georg Koppel","date":"14. Apr 2017","format":false,"excerpt":"Kaeravaba klassikaline t\u00e4iends\u00f6\u00f6t hobustele ja ponidele L\u00e4bim\u00f5eldud kaeravaba lisands\u00f6\u00f6t hobustele ja ponidele, kelle puhul on oluline hea maitse ja m\u00f5\u00f5dukas energiatase igap\u00e4evases s\u00f6\u00f6tmises. Appel-Mix on klassikaline kaeravaba m\u00fcsli, mis on loodud hobustele ja ponidele, kellele soovitakse pakkuda maitsvat ja visuaalselt ahvatlevat lisands\u00f6\u00f6ta. Segu \u00fchendab tasakaalustatud koostise ja loomuliku v\u00e4rskuse, sobides\u2026","rel":"","context":"Similar post","block_context":{"text":"Similar post","link":""},"img":{"alt_text":"","src":"https:\/\/i0.wp.com\/www.horsefood.ee\/wp-content\/uploads\/2020\/02\/Kvaliteet-1024x576.png?resize=350%2C200&ssl=1","width":350,"height":200,"srcset":"https:\/\/i0.wp.com\/www.horsefood.ee\/wp-content\/uploads\/2020\/02\/Kvaliteet-1024x576.png?resize=350%2C200&ssl=1 1x, https:\/\/i0.wp.com\/www.horsefood.ee\/wp-content\/uploads\/2020\/02\/Kvaliteet-1024x576.png?resize=525%2C300&ssl=1 1.5x, https:\/\/i0.wp.com\/www.horsefood.ee\/wp-content\/uploads\/2020\/02\/Kvaliteet-1024x576.png?resize=700%2C400&ssl=1 2x"},"classes":[]},{"id":5952,"url":"https:\/\/www.horsefood.ee\/latvia\/pood\/sunsetbalance-korrel-10kg-mineraalid-eriline-kaitse-hf-ambris\/","url_meta":{"origin":6622,"position":5},"title":"Sunsetbalance Korrel (mineraalid\/immuunsus\/eriline kaitse) 10kg","author":"kadri koppel","date":"25. Aug 2018","format":false,"excerpt":"Terve keha tasakaalu nimel! Hobuse organismi puhastamine ainevahetusej\u00e4\u00e4kidest on oluline samm. Need 3mm graanulid on loodud spetsiaalselt tundlikele (ainevahetushaigused, suveekseem, laminiit, cushing`s, insuliinresistentsus jm) isenditele, aga loomulikult sobivad need k\u00f5ikidele hobustele,\u00a0kellede organism vajab erilist kaitset! S\u00f6\u00f6dalisand. Sisaldavad kergelt seeduvaid s\u00fcsivesikuid, v\u00e4ikeses koguses! Rohkelt\u00a0linaseemneid. P\u00e4rmikultuurid. Madal t\u00e4rklise sisaldus! Olulised vitamiinid on\u2026","rel":"","context":"Similar post","block_context":{"text":"Similar post","link":""},"img":{"alt_text":"","src":"https:\/\/i0.wp.com\/www.horsefood.ee\/wp-content\/uploads\/2018\/08\/Sunset-Balance-6t%C3%B6%C3%B6deldud-scaled.jpg?fit=1200%2C740&ssl=1&resize=350%2C200","width":350,"height":200,"srcset":"https:\/\/i0.wp.com\/www.horsefood.ee\/wp-content\/uploads\/2018\/08\/Sunset-Balance-6t%C3%B6%C3%B6deldud-scaled.jpg?fit=1200%2C740&ssl=1&resize=350%2C200 1x, https:\/\/i0.wp.com\/www.horsefood.ee\/wp-content\/uploads\/2018\/08\/Sunset-Balance-6t%C3%B6%C3%B6deldud-scaled.jpg?fit=1200%2C740&ssl=1&resize=525%2C300 1.5x, https:\/\/i0.wp.com\/www.horsefood.ee\/wp-content\/uploads\/2018\/08\/Sunset-Balance-6t%C3%B6%C3%B6deldud-scaled.jpg?fit=1200%2C740&ssl=1&resize=700%2C400 2x, https:\/\/i0.wp.com\/www.horsefood.ee\/wp-content\/uploads\/2018\/08\/Sunset-Balance-6t%C3%B6%C3%B6deldud-scaled.jpg?fit=1200%2C740&ssl=1&resize=1050%2C600 3x"},"classes":[]}],"_links":{"self":[{"href":"https:\/\/www.horsefood.ee\/latvia\/wp-json\/wp\/v2\/product\/6622","targetHints":{"allow":["GET"]}}],"collection":[{"href":"https:\/\/www.horsefood.ee\/latvia\/wp-json\/wp\/v2\/product"}],"about":[{"href":"https:\/\/www.horsefood.ee\/latvia\/wp-json\/wp\/v2\/types\/product"}],"wp:featuredmedia":[{"embeddable":true,"href":"https:\/\/www.horsefood.ee\/latvia\/wp-json\/wp\/v2\/media\/18089"}],"wp:attachment":[{"href":"https:\/\/www.horsefood.ee\/latvia\/wp-json\/wp\/v2\/media?parent=6622"}],"wp:term":[{"taxonomy":"product_brand","embeddable":true,"href":"https:\/\/www.horsefood.ee\/latvia\/wp-json\/wp\/v2\/product_brand?post=6622"},{"taxonomy":"product_cat","embeddable":true,"href":"https:\/\/www.horsefood.ee\/latvia\/wp-json\/wp\/v2\/product_cat?post=6622"},{"taxonomy":"product_tag","embeddable":true,"href":"https:\/\/www.horsefood.ee\/latvia\/wp-json\/wp\/v2\/product_tag?post=6622"}],"curies":[{"name":"wp","href":"https:\/\/api.w.org\/{rel}","templated":true}]}}