{"id":5449,"date":"2018-04-17T10:14:12","date_gmt":"2018-04-17T07:14:12","guid":{"rendered":"http:\/\/horsefood.ee\/?post_type=product&#038;p=5449"},"modified":"2026-04-29T21:46:28","modified_gmt":"2026-04-29T18:46:28","slug":"mais-lijnzaadbrok-20kg","status":"publish","type":"product","link":"https:\/\/www.horsefood.ee\/latvia\/pood\/mais-lijnzaadbrok-20kg\/","title":{"rendered":"Mais-lijnzaadbrok 5mm (alakaalulisus \/ lisaenergia) 20kg"},"content":{"rendered":"<ul>\n<li><strong>J\u00e4rgnevas tabelis on esitatud toitumuslikud n\u00e4itajad.<\/strong><\/li>\n<li><strong>Tabelis olevad v\u00e4\u00e4rtused vastavad toote kilogrammi kohta.<\/strong><\/li>\n<li><strong>Kuna kasutatakse looduslikku toorainet, v\u00f5ivad allpool loetletud v\u00e4\u00e4rtused m\u00f5ningal m\u00e4\u00e4ral varieeruda.<\/strong><\/li>\n<li><strong>Mikroelemendid on lisatud kelaadivormis e orgaanilisel kujul.\u00a0<\/strong><\/li>\n<\/ul>\n<hr \/>\n<p>Toorproteiin 8,9%<br \/>\nToorrasv\u00a06,2%<br \/>\nToorkiud 3,7%<br \/>\nToortuhk 2,0%<br \/>\nT\u00e4rklis 53,1%<br \/>\nSuhkur 4,0%<\/p>\n<p>Ca 0,8gr<br \/>\nP 3,0gr<br \/>\nMg 1,3gr<br \/>\nNa 0,3gr<br \/>\nKaalium 5,0gr<\/p>\n<p><strong>Lisandid\/kg:<\/strong><\/p>\n<p>ei sisaldu<\/p>\n<p><a href=\"https:\/\/i0.wp.com\/horsefood.ee\/wp-content\/uploads\/2020\/02\/Kvaliteet.png\"><img data-recalc-dims=\"1\" loading=\"lazy\" decoding=\"async\" data-attachment-id=\"9847\" data-permalink=\"https:\/\/www.horsefood.ee\/latvia\/hinnakiri\/kvaliteet\/#main\" data-orig-file=\"https:\/\/i0.wp.com\/horsefood.ee\/wp-content\/uploads\/2020\/02\/Kvaliteet.png?fit=1920%2C1080&amp;ssl=1\" data-orig-size=\"1920,1080\" data-comments-opened=\"0\" data-image-meta=\"{&quot;aperture&quot;:&quot;0&quot;,&quot;credit&quot;:&quot;&quot;,&quot;camera&quot;:&quot;&quot;,&quot;caption&quot;:&quot;&quot;,&quot;created_timestamp&quot;:&quot;0&quot;,&quot;copyright&quot;:&quot;&quot;,&quot;focal_length&quot;:&quot;0&quot;,&quot;iso&quot;:&quot;0&quot;,&quot;shutter_speed&quot;:&quot;0&quot;,&quot;title&quot;:&quot;&quot;,&quot;orientation&quot;:&quot;0&quot;}\" data-image-title=\"\" data-image-description=\"\" data-image-caption=\"\" data-large-file=\"https:\/\/i0.wp.com\/horsefood.ee\/wp-content\/uploads\/2020\/02\/Kvaliteet.png?fit=1020%2C574&amp;ssl=1\" class=\"size-large wp-image-9847 alignleft\" src=\"https:\/\/i0.wp.com\/horsefood.ee\/wp-content\/uploads\/2020\/02\/Kvaliteet-1024x576.png?resize=980%2C551\" alt=\"\" width=\"980\" height=\"551\" srcset=\"https:\/\/i0.wp.com\/horsefood.ee\/wp-content\/uploads\/2020\/02\/Kvaliteet.png?resize=1024%2C576&amp;ssl=1 1024w, https:\/\/i0.wp.com\/horsefood.ee\/wp-content\/uploads\/2020\/02\/Kvaliteet.png?resize=300%2C169&amp;ssl=1 300w, https:\/\/i0.wp.com\/horsefood.ee\/wp-content\/uploads\/2020\/02\/Kvaliteet.png?resize=768%2C432&amp;ssl=1 768w, https:\/\/i0.wp.com\/horsefood.ee\/wp-content\/uploads\/2020\/02\/Kvaliteet.png?resize=1536%2C864&amp;ssl=1 1536w, https:\/\/i0.wp.com\/horsefood.ee\/wp-content\/uploads\/2020\/02\/Kvaliteet.png?resize=416%2C234&amp;ssl=1 416w, https:\/\/i0.wp.com\/horsefood.ee\/wp-content\/uploads\/2020\/02\/Kvaliteet.png?w=1920&amp;ssl=1 1920w\" sizes=\"auto, (max-width: 980px) 100vw, 980px\" \/><\/a><\/p>","protected":false},"excerpt":{"rendered":"<p><strong>Palju \u00f5nnelikumad, heas konditsioonis loomad. <\/strong>Antud graanul on s\u00fcndinud praktilise vajaduse k\u00e4igus, et parandada kiiresti looma lihasmassi ja pakkuda lisaenergiat.<\/p>\n<p>T\u00e4iends\u00f6\u00f6t. Graanul on \u00fclimalt maitsev ja seda on v\u00e4ga kerge s\u00f6\u00f6ta. <strong>Suurus 5mm<\/strong>. Ei sisalda vitamiine ega mineraale ja seega sobib lisas\u00f6\u00f6tmiseks j\u00f5u- ja p\u00f5his\u00f6\u00f6dale. <strong>K\u00f5rge t\u00e4rklise 53% ja kvaliteedilise \u00f5li sisaldus!<\/strong><\/p>\n<p><strong>Koostis:\u00a0<\/strong>mais, linaseemned, oder, nisujahu, peedimelass.<\/p>\n<p><em>Hobuse poolt seeditav energia 16,0MJ\/kg<\/em><br \/>\n<em>Hobuse poolt seeditav valk VREp 7,2%<\/em><\/p>\n<p>EWPa 1,09\/kg<\/p>\n<p>S\u00d6\u00d6TMISSOOVITUSED 100kg\/kehakaalu kohta:<\/p>\n<ul>\n<li><strong>normaalse toidutarbe puhul 0,1-0,25kg.<\/strong><\/li>\n<\/ul>","protected":false},"featured_media":5582,"template":"","meta":{"jetpack_post_was_ever_published":false,"jetpack_publicize_message":"","jetpack_publicize_feature_enabled":true,"jetpack_social_post_already_shared":true,"jetpack_social_options":{"image_generator_settings":{"template":"highway","default_image_id":0,"font":"","enabled":false},"version":2}},"product_brand":[],"product_cat":[37,56],"product_tag":[],"class_list":{"0":"post-5449","1":"product","2":"type-product","3":"status-publish","4":"has-post-thumbnail","6":"product_cat-graanulid","7":"product_cat-horsefoodthebest","9":"first","10":"instock","11":"shipping-taxable","12":"purchasable","13":"product-type-simple"},"jetpack_publicize_connections":[],"jetpack_sharing_enabled":true,"jetpack-related-posts":[{"id":5086,"url":"https:\/\/www.horsefood.ee\/latvia\/pood\/digest-control-brok-20kg\/","url_meta":{"origin":5449,"position":0},"title":"Digest Control Brok (seedimine \/ k\u00f5ikidele hobustele) 20kg","author":"kadri koppel","date":"25. Jan 2018","format":false,"excerpt":"T\u00e4iends\u00f6\u00f6t. HORSEFOOD`the best \u00e4\u00e4rmiselt k\u00f5rgekvaliteediline spordigraanul. Loodud spetsiaalselt treenivatele\u00a0hobustele, kelledel on tundlikum seedes\u00fcsteem v\u00f5i probleeme seedimisega. Sobilik graanul k\u00f5ikidele hobustele, igasuguse koormuse juures treenimisel!\u00a0\u00a0J\u00e4rk-j\u00e4rgult\u00a0vabanev energia.\u00a0 Antud graanul sisaldab rikkalikult toorkiudu, mis stimuleerib n\u00e4rimist ning soodustab s\u00fcljeeritust. N\u00e4rimisintensiivsusest s\u00f5ltub s\u00fclje eritumise kogus, mis aitab neutraliseerida happelist maosekreeti. Graanulis sisalduvad toitained on\u2026","rel":"","context":"Similar post","block_context":{"text":"Similar post","link":""},"img":{"alt_text":"","src":"https:\/\/i0.wp.com\/horsefood.ee\/wp-content\/uploads\/2020\/02\/Kvaliteet-1024x576.png?resize=350%2C200","width":350,"height":200,"srcset":"https:\/\/i0.wp.com\/horsefood.ee\/wp-content\/uploads\/2020\/02\/Kvaliteet-1024x576.png?resize=350%2C200 1x, https:\/\/i0.wp.com\/horsefood.ee\/wp-content\/uploads\/2020\/02\/Kvaliteet-1024x576.png?resize=525%2C300 1.5x, https:\/\/i0.wp.com\/horsefood.ee\/wp-content\/uploads\/2020\/02\/Kvaliteet-1024x576.png?resize=700%2C400 2x"},"classes":[]},{"id":3466,"url":"https:\/\/www.horsefood.ee\/latvia\/pood\/basis-sportbrok\/","url_meta":{"origin":5449,"position":1},"title":"Basis-sportbrok (harrastus \/ sport \/ kerge-keskmine koormus) 20kg","author":"Georg Koppel","date":"14. Apr 2017","format":false,"excerpt":"Sellel maitsval graanulil on ulatuslikud rakendusv\u00f5imalused: v\u00e4ga sobiv ka ratsakoolidele. Ideaalne kiudaine, rasva, t\u00e4rklise ja suhkru tasakaal, mis pakub hobusele palju-palju enamat, kui Sa \"baasgraanulilt\" isegi oodata oskaksid! \u00d6konoomne ja lihtne toita! H\u00e4mmastav hinna ja kvaliteedisuhe! T\u00e4iends\u00f6\u00f6t. Tervislik graanul k\u00f5ikidele hobustele ja ponidele treenimisel kuni keskmise koormuseni. Selle toote eeliseks\u2026","rel":"","context":"Similar post","block_context":{"text":"Similar post","link":""},"img":{"alt_text":"","src":"https:\/\/i0.wp.com\/horsefood.ee\/wp-content\/uploads\/2020\/02\/Kvaliteet-1024x576.png?resize=350%2C200","width":350,"height":200,"srcset":"https:\/\/i0.wp.com\/horsefood.ee\/wp-content\/uploads\/2020\/02\/Kvaliteet-1024x576.png?resize=350%2C200 1x, https:\/\/i0.wp.com\/horsefood.ee\/wp-content\/uploads\/2020\/02\/Kvaliteet-1024x576.png?resize=525%2C300 1.5x, https:\/\/i0.wp.com\/horsefood.ee\/wp-content\/uploads\/2020\/02\/Kvaliteet-1024x576.png?resize=700%2C400 2x"},"classes":[]},{"id":17597,"url":"https:\/\/www.horsefood.ee\/latvia\/pood\/all-round-paardenbrok-ulalpidamisgraanul-1000kg-ettetellimisel\/","url_meta":{"origin":5449,"position":2},"title":"All-round paardenbrok (igap\u00e4evane graanul \/ m\u00f5\u00f5dukas koormus) Bigbox 1000,0kg ettetellimisel!","author":"Kaido Koppel","date":"6. Aug 2023","format":false,"excerpt":"Ilma kaerata, suure vitamiinide-, mineraalide ja mikroelementide osakaaluga. Optimaalne graanul, mis sobib k\u00f5ikidele madalat energiataset n\u00f5udvatele hobustele ja ponidele.\u00a0 See lisands\u00f6\u00f6t sisaldab enam kui k\u00fcllaldaselt vajalikke toitaineid, mis on vajalikud hoolduss\u00f6\u00f6dana. See graanul sobib ka kores\u00f6\u00f6da lisandiks, kui hobune on \u00fclalpidamisel v\u00f5i teeb kergemat t\u00f6\u00f6d. Koostis: nisu, oder, mais, kaerajahu,\u2026","rel":"","context":"Similar post","block_context":{"text":"Similar post","link":""},"img":{"alt_text":"","src":"https:\/\/i0.wp.com\/horsefood.ee\/wp-content\/uploads\/2023\/08\/Big-Box.-Horsefood-the-best-scaled.jpg?fit=1135%2C1200&ssl=1&resize=350%2C200","width":350,"height":200,"srcset":"https:\/\/i0.wp.com\/horsefood.ee\/wp-content\/uploads\/2023\/08\/Big-Box.-Horsefood-the-best-scaled.jpg?fit=1135%2C1200&ssl=1&resize=350%2C200 1x, https:\/\/i0.wp.com\/horsefood.ee\/wp-content\/uploads\/2023\/08\/Big-Box.-Horsefood-the-best-scaled.jpg?fit=1135%2C1200&ssl=1&resize=525%2C300 1.5x, https:\/\/i0.wp.com\/horsefood.ee\/wp-content\/uploads\/2023\/08\/Big-Box.-Horsefood-the-best-scaled.jpg?fit=1135%2C1200&ssl=1&resize=700%2C400 2x, https:\/\/i0.wp.com\/horsefood.ee\/wp-content\/uploads\/2023\/08\/Big-Box.-Horsefood-the-best-scaled.jpg?fit=1135%2C1200&ssl=1&resize=1050%2C600 3x"},"classes":[]},{"id":7118,"url":"https:\/\/www.horsefood.ee\/latvia\/pood\/eko-kvaliteedimargiga-graanulid-25kg\/","url_meta":{"origin":5449,"position":3},"title":"Mahem\u00e4rgisega \u00f6koloogilised s\u00f6\u00f6dagraanulid (k\u00f5ik hobuspordi distsipliinid) 20kg. (Ettetellimisel)","author":"kadri koppel","date":"13. Mar 2019","format":false,"excerpt":"EKO\u00a0(haldaja Skal \u2013 mittetulunduslik orgaanilise toodangu inspektsioon) on Hollandi mahem\u00e4rgis. Vastab Euroopa \u00dchenduse mahem\u00e4rgise kriteeriumitele EU 834\/2007.\u00a0 Graanuli suurus 5mm. T\u00e4iends\u00f6\u00f6t. Antud v\u00e4\u00e4rtuslik hobus\u00f6\u00f6dagraanul on v\u00e4etiste, pestitsiidide, geneetilise muundamise ning keemilise t\u00f6\u00f6tlemise vaba. 100% bioloogilised agrikultuurid!\u00a0 Koostis: nisu, oder, kaer, nisu semolina, mais, spelta, peedimelass, linaseemned, p\u00e4evalilleseemne helbed, kriit, monokaltsiumfosfaat,\u2026","rel":"","context":"Similar post","block_context":{"text":"Similar post","link":""},"img":{"alt_text":"","src":"https:\/\/i0.wp.com\/horsefood.ee\/wp-content\/uploads\/2019\/03\/Bioloogilised-graanulid.png?fit=365%2C500&ssl=1&resize=350%2C200","width":350,"height":200},"classes":[]},{"id":4300,"url":"https:\/\/www.horsefood.ee\/latvia\/pood\/grow-mix-20kg-varsadsaludmarad\/","url_meta":{"origin":5449,"position":4},"title":"Grow-Mix (varsad alates 3-elun\u00e4dalast \/ s\u00e4lud kuni 2,5eluaastat \/ m\u00e4rad) 20kg","author":"kadri koppel","date":"26. Sep 2017","format":false,"excerpt":"T\u00e4iends\u00f6\u00f6t. Spetsiaalne, \u00e4\u00e4rmiselt k\u00f5rgekvaliteediline m\u00fcslisegu tiinetele- ja lakteerivatele m\u00e4radele ning nende varssadele s\u00f6\u00f6tmiseks kuni 1,5 eluaasta-ni. Selles mixis sisalduv kogu teravili on j\u00e4mejahvatatud ja\/v\u00f5i paisutatud ja sisaldab k\u00f5iki vajalikke komponente, et loomalapsest kasvaks tulevikus elur\u00f5\u00f5mus ja terve hobune\/poni. *\u00a0Spetsiaalne\u00a0m\u00fcslisegu\u00a0m\u00e4radele\/varssadele\/s\u00e4lgudele. *\u00a0Sisaldab\u00a0pre-\u00a0ja\u00a0probiootikume. *\u00a0Lisatud\u00a0p\u00e4rmikultuure\u00a0seedimise\u00a0soodustamiseks,\u00a0s\u00f6\u00f6da\u00a0efektiivsuse\u00a0parendamiseks\u00a0ning\u00a0-edendamiseks. *\u00a0Lisatud foolhapet ja E-vitamiini 400mg. Hobuse poolt seeditav energia\u2026","rel":"","context":"Similar post","block_context":{"text":"Similar post","link":""},"img":{"alt_text":"","src":"https:\/\/i0.wp.com\/horsefood.ee\/wp-content\/uploads\/2017\/09\/Grow-Mix-1.jpg?fit=397%2C596&ssl=1&resize=350%2C200","width":350,"height":200},"classes":[]},{"id":3494,"url":"https:\/\/www.horsefood.ee\/latvia\/pood\/omega-3-power-mix\/","url_meta":{"origin":5449,"position":5},"title":"Omega-3 Power Mix (kaeravaba \/ v\u00f5imekad lihased \/ tippsooritus) 20kg","author":"Georg Koppel","date":"14. Apr 2017","format":false,"excerpt":"Kaeravaba t\u00e4iss\u00f6\u00f6t treenivatele ja v\u00f5istlevatele hobustele L\u00e4bim\u00f5eldud kaeravaba lisands\u00f6\u00f6t hobusele, kelle t\u00f6\u00f6koormus n\u00f5uab enamat kui lihtsalt heina ning kelle puhul on oluline, et treeningus tehtud t\u00f6\u00f6 vormistuks v\u00f5istlustel tulemuseks. Kasutusel sporthobuste ratsioonides ka k\u00f5rgema koormuse juures. Vaakuumpakendatud, et s\u00e4ilitada s\u00f6\u00f6da v\u00e4rskus ning vitamiinide ja mineraalide kvaliteet. See kaeravaba m\u00fcslisegu on\u2026","rel":"","context":"Similar post","block_context":{"text":"Similar post","link":""},"img":{"alt_text":"","src":"https:\/\/i0.wp.com\/horsefood.ee\/wp-content\/uploads\/2017\/04\/Omega-3-Power-Mix-1.jpg?fit=395%2C593&ssl=1&resize=350%2C200","width":350,"height":200},"classes":[]}],"_links":{"self":[{"href":"https:\/\/www.horsefood.ee\/latvia\/wp-json\/wp\/v2\/product\/5449","targetHints":{"allow":["GET"]}}],"collection":[{"href":"https:\/\/www.horsefood.ee\/latvia\/wp-json\/wp\/v2\/product"}],"about":[{"href":"https:\/\/www.horsefood.ee\/latvia\/wp-json\/wp\/v2\/types\/product"}],"wp:featuredmedia":[{"embeddable":true,"href":"https:\/\/www.horsefood.ee\/latvia\/wp-json\/wp\/v2\/media\/5582"}],"wp:attachment":[{"href":"https:\/\/www.horsefood.ee\/latvia\/wp-json\/wp\/v2\/media?parent=5449"}],"wp:term":[{"taxonomy":"product_brand","embeddable":true,"href":"https:\/\/www.horsefood.ee\/latvia\/wp-json\/wp\/v2\/product_brand?post=5449"},{"taxonomy":"product_cat","embeddable":true,"href":"https:\/\/www.horsefood.ee\/latvia\/wp-json\/wp\/v2\/product_cat?post=5449"},{"taxonomy":"product_tag","embeddable":true,"href":"https:\/\/www.horsefood.ee\/latvia\/wp-json\/wp\/v2\/product_tag?post=5449"}],"curies":[{"name":"wp","href":"https:\/\/api.w.org\/{rel}","templated":true}]}}