{"id":4954,"date":"2017-12-17T00:17:07","date_gmt":"2017-12-16T22:17:07","guid":{"rendered":"http:\/\/horsefood.ee\/?post_type=product&#038;p=4954"},"modified":"2025-07-03T11:44:26","modified_gmt":"2025-07-03T08:44:26","slug":"urdimaiustused-horsefoodi-ambris-75kg","status":"publish","type":"product","link":"https:\/\/www.horsefood.ee\/latvia\/pood\/urdimaiustused-horsefoodi-ambris-75kg\/","title":{"rendered":"\u00dcrdimaiustused 7,5kg, Horsefoodi originaal\u00e4mbris"},"content":{"rendered":"<p><strong>NB! Kasutatakse naturaalseid komponente, ning sellest johtuvalt v\u00f5ivad osad m\u00e4rgitud v\u00e4\u00e4rtused m\u00f5ningal m\u00e4\u00e4ral k\u00f5ikuda!<\/strong><\/p>\n<hr \/>\n<p>Toorproteiin 12,5%, toorrasv 2,8%, toortselluloos (kiudaine) 13,5%, Ca 2%, P 0,5%, A-vitamiin, D-vitamiin, E-vitamiin.<\/p>","protected":false},"excerpt":{"rendered":"<p>Maitsvad, tervislikud ja naturaalsed maiused Sinu hobusele v\u00f5i ponile! Toode on pakendatud Horsefoodi 15 L originaal\u00e4mbrisse.<\/p>\n<p><strong>Koostis:\u00a0<\/strong>mais, kaltsiumkarbonaat, soolakad kuivikud, kummel, salvei, sarapuup\u00e4hkli lehed, k\u00f5rven\u00f5ges, koriander, majoraan.<\/p>\n<p>Pakend: 7,5kg<\/p>","protected":false},"featured_media":5511,"template":"","meta":{"jetpack_publicize_message":"","jetpack_publicize_feature_enabled":true,"jetpack_social_post_already_shared":false,"jetpack_social_options":{"image_generator_settings":{"template":"highway","default_image_id":0,"font":"","enabled":false},"version":2}},"product_brand":[],"product_cat":[56,51],"product_tag":[],"class_list":{"0":"post-4954","1":"product","2":"type-product","3":"status-publish","4":"has-post-thumbnail","6":"product_cat-horsefoodthebest","7":"product_cat-maiused","9":"first","10":"outofstock","11":"shipping-taxable","12":"purchasable","13":"product-type-simple"},"yoast_head":"<!-- This site is optimized with the Yoast SEO plugin v27.6 - https:\/\/yoast.com\/product\/yoast-seo-wordpress\/ -->\n<title>\u00dcrdimaiustused 7,5kg, Horsefoodi originaal\u00e4mbris - HORSEFOOD Estonia<\/title>\n<meta name=\"robots\" content=\"index, follow, max-snippet:-1, max-image-preview:large, max-video-preview:-1\" \/>\n<link rel=\"canonical\" href=\"https:\/\/www.horsefood.ee\/latvia\/pood\/urdimaiustused-horsefoodi-ambris-75kg\/\" \/>\n<meta property=\"og:locale\" content=\"lv_LV\" \/>\n<meta property=\"og:type\" content=\"article\" \/>\n<meta property=\"og:title\" content=\"\u00dcrdimaiustused 7,5kg, Horsefoodi originaal\u00e4mbris - HORSEFOOD Estonia\" \/>\n<meta property=\"og:description\" content=\"Maitsvad, tervislikud ja naturaalsed maiused Sinu hobusele v\u00f5i ponile! Toode on pakendatud Horsefoodi 15 L originaal\u00e4mbrisse.  Koostis:\u00a0mais, kaltsiumkarbonaat, soolakad kuivikud, kummel, salvei, sarapuup\u00e4hkli lehed, k\u00f5rven\u00f5ges, koriander, majoraan.  Pakend: 7,5kg\" \/>\n<meta property=\"og:url\" content=\"https:\/\/www.horsefood.ee\/latvia\/pood\/urdimaiustused-horsefoodi-ambris-75kg\/\" \/>\n<meta property=\"og:site_name\" content=\"HORSEFOOD Estonia\" \/>\n<meta property=\"article:modified_time\" content=\"2025-07-03T08:44:26+00:00\" \/>\n<meta property=\"og:image\" content=\"https:\/\/i0.wp.com\/horsefood.ee\/wp-content\/uploads\/2017\/12\/%C3%9Crdikommid-75kg.png?fit=794%2C1123&ssl=1\" \/>\n\t<meta property=\"og:image:width\" content=\"794\" \/>\n\t<meta property=\"og:image:height\" content=\"1123\" \/>\n\t<meta property=\"og:image:type\" content=\"image\/png\" \/>\n<meta name=\"twitter:card\" content=\"summary_large_image\" \/>\n<script type=\"application\/ld+json\" class=\"yoast-schema-graph\">{\"@context\":\"https:\\\/\\\/schema.org\",\"@graph\":[{\"@type\":\"WebPage\",\"@id\":\"https:\\\/\\\/www.horsefood.ee\\\/latvia\\\/pood\\\/urdimaiustused-horsefoodi-ambris-75kg\\\/\",\"url\":\"https:\\\/\\\/www.horsefood.ee\\\/latvia\\\/pood\\\/urdimaiustused-horsefoodi-ambris-75kg\\\/\",\"name\":\"\u00dcrdimaiustused 7,5kg, Horsefoodi originaal\u00e4mbris - HORSEFOOD Estonia\",\"isPartOf\":{\"@id\":\"https:\\\/\\\/www.horsefood.ee\\\/latvia\\\/#website\"},\"primaryImageOfPage\":{\"@id\":\"https:\\\/\\\/www.horsefood.ee\\\/latvia\\\/pood\\\/urdimaiustused-horsefoodi-ambris-75kg\\\/#primaryimage\"},\"image\":{\"@id\":\"https:\\\/\\\/www.horsefood.ee\\\/latvia\\\/pood\\\/urdimaiustused-horsefoodi-ambris-75kg\\\/#primaryimage\"},\"thumbnailUrl\":\"https:\\\/\\\/i0.wp.com\\\/horsefood.ee\\\/wp-content\\\/uploads\\\/2017\\\/12\\\/%C3%9Crdikommid-75kg.png?fit=794%2C1123&ssl=1\",\"datePublished\":\"2017-12-16T22:17:07+00:00\",\"dateModified\":\"2025-07-03T08:44:26+00:00\",\"breadcrumb\":{\"@id\":\"https:\\\/\\\/www.horsefood.ee\\\/latvia\\\/pood\\\/urdimaiustused-horsefoodi-ambris-75kg\\\/#breadcrumb\"},\"inLanguage\":\"lv-LV\",\"potentialAction\":[{\"@type\":\"ReadAction\",\"target\":[\"https:\\\/\\\/www.horsefood.ee\\\/latvia\\\/pood\\\/urdimaiustused-horsefoodi-ambris-75kg\\\/\"]}]},{\"@type\":\"ImageObject\",\"inLanguage\":\"lv-LV\",\"@id\":\"https:\\\/\\\/www.horsefood.ee\\\/latvia\\\/pood\\\/urdimaiustused-horsefoodi-ambris-75kg\\\/#primaryimage\",\"url\":\"https:\\\/\\\/i0.wp.com\\\/horsefood.ee\\\/wp-content\\\/uploads\\\/2017\\\/12\\\/%C3%9Crdikommid-75kg.png?fit=794%2C1123&ssl=1\",\"contentUrl\":\"https:\\\/\\\/i0.wp.com\\\/horsefood.ee\\\/wp-content\\\/uploads\\\/2017\\\/12\\\/%C3%9Crdikommid-75kg.png?fit=794%2C1123&ssl=1\",\"width\":794,\"height\":1123},{\"@type\":\"BreadcrumbList\",\"@id\":\"https:\\\/\\\/www.horsefood.ee\\\/latvia\\\/pood\\\/urdimaiustused-horsefoodi-ambris-75kg\\\/#breadcrumb\",\"itemListElement\":[{\"@type\":\"ListItem\",\"position\":1,\"name\":\"Home\",\"item\":\"https:\\\/\\\/horsefood.ee\\\/et\\\/kontakt\\\/meist\\\/\"},{\"@type\":\"ListItem\",\"position\":2,\"name\":\"E-POOD\",\"item\":\"https:\\\/\\\/horsefood.ee\\\/et\\\/e-pood\\\/\"},{\"@type\":\"ListItem\",\"position\":3,\"name\":\"\u00dcrdimaiustused 7,5kg, Horsefoodi originaal\u00e4mbris\"}]},{\"@type\":\"WebSite\",\"@id\":\"https:\\\/\\\/www.horsefood.ee\\\/latvia\\\/#website\",\"url\":\"https:\\\/\\\/www.horsefood.ee\\\/latvia\\\/\",\"name\":\"HORSEFOOD Estonia\",\"description\":\"\",\"potentialAction\":[{\"@type\":\"SearchAction\",\"target\":{\"@type\":\"EntryPoint\",\"urlTemplate\":\"https:\\\/\\\/www.horsefood.ee\\\/latvia\\\/?s={search_term_string}\"},\"query-input\":{\"@type\":\"PropertyValueSpecification\",\"valueRequired\":true,\"valueName\":\"search_term_string\"}}],\"inLanguage\":\"lv-LV\"}]}<\/script>\n<!-- \/ Yoast SEO plugin. -->","yoast_head_json":{"title":"\u00dcrdimaiustused 7,5kg, Horsefoodi originaal\u00e4mbris - HORSEFOOD Estonia","robots":{"index":"index","follow":"follow","max-snippet":"max-snippet:-1","max-image-preview":"max-image-preview:large","max-video-preview":"max-video-preview:-1"},"canonical":"https:\/\/www.horsefood.ee\/latvia\/pood\/urdimaiustused-horsefoodi-ambris-75kg\/","og_locale":"lv_LV","og_type":"article","og_title":"\u00dcrdimaiustused 7,5kg, Horsefoodi originaal\u00e4mbris - HORSEFOOD Estonia","og_description":"Maitsvad, tervislikud ja naturaalsed maiused Sinu hobusele v\u00f5i ponile! Toode on pakendatud Horsefoodi 15 L originaal\u00e4mbrisse.  Koostis:\u00a0mais, kaltsiumkarbonaat, soolakad kuivikud, kummel, salvei, sarapuup\u00e4hkli lehed, k\u00f5rven\u00f5ges, koriander, majoraan.  Pakend: 7,5kg","og_url":"https:\/\/www.horsefood.ee\/latvia\/pood\/urdimaiustused-horsefoodi-ambris-75kg\/","og_site_name":"HORSEFOOD Estonia","article_modified_time":"2025-07-03T08:44:26+00:00","og_image":[{"width":794,"height":1123,"url":"https:\/\/i0.wp.com\/horsefood.ee\/wp-content\/uploads\/2017\/12\/%C3%9Crdikommid-75kg.png?fit=794%2C1123&ssl=1","type":"image\/png"}],"twitter_card":"summary_large_image","schema":{"@context":"https:\/\/schema.org","@graph":[{"@type":"WebPage","@id":"https:\/\/www.horsefood.ee\/latvia\/pood\/urdimaiustused-horsefoodi-ambris-75kg\/","url":"https:\/\/www.horsefood.ee\/latvia\/pood\/urdimaiustused-horsefoodi-ambris-75kg\/","name":"\u00dcrdimaiustused 7,5kg, Horsefoodi originaal\u00e4mbris - HORSEFOOD Estonia","isPartOf":{"@id":"https:\/\/www.horsefood.ee\/latvia\/#website"},"primaryImageOfPage":{"@id":"https:\/\/www.horsefood.ee\/latvia\/pood\/urdimaiustused-horsefoodi-ambris-75kg\/#primaryimage"},"image":{"@id":"https:\/\/www.horsefood.ee\/latvia\/pood\/urdimaiustused-horsefoodi-ambris-75kg\/#primaryimage"},"thumbnailUrl":"https:\/\/i0.wp.com\/horsefood.ee\/wp-content\/uploads\/2017\/12\/%C3%9Crdikommid-75kg.png?fit=794%2C1123&ssl=1","datePublished":"2017-12-16T22:17:07+00:00","dateModified":"2025-07-03T08:44:26+00:00","breadcrumb":{"@id":"https:\/\/www.horsefood.ee\/latvia\/pood\/urdimaiustused-horsefoodi-ambris-75kg\/#breadcrumb"},"inLanguage":"lv-LV","potentialAction":[{"@type":"ReadAction","target":["https:\/\/www.horsefood.ee\/latvia\/pood\/urdimaiustused-horsefoodi-ambris-75kg\/"]}]},{"@type":"ImageObject","inLanguage":"lv-LV","@id":"https:\/\/www.horsefood.ee\/latvia\/pood\/urdimaiustused-horsefoodi-ambris-75kg\/#primaryimage","url":"https:\/\/i0.wp.com\/horsefood.ee\/wp-content\/uploads\/2017\/12\/%C3%9Crdikommid-75kg.png?fit=794%2C1123&ssl=1","contentUrl":"https:\/\/i0.wp.com\/horsefood.ee\/wp-content\/uploads\/2017\/12\/%C3%9Crdikommid-75kg.png?fit=794%2C1123&ssl=1","width":794,"height":1123},{"@type":"BreadcrumbList","@id":"https:\/\/www.horsefood.ee\/latvia\/pood\/urdimaiustused-horsefoodi-ambris-75kg\/#breadcrumb","itemListElement":[{"@type":"ListItem","position":1,"name":"Home","item":"https:\/\/horsefood.ee\/et\/kontakt\/meist\/"},{"@type":"ListItem","position":2,"name":"E-POOD","item":"https:\/\/horsefood.ee\/et\/e-pood\/"},{"@type":"ListItem","position":3,"name":"\u00dcrdimaiustused 7,5kg, Horsefoodi originaal\u00e4mbris"}]},{"@type":"WebSite","@id":"https:\/\/www.horsefood.ee\/latvia\/#website","url":"https:\/\/www.horsefood.ee\/latvia\/","name":"HORSEFOOD Estonia","description":"","potentialAction":[{"@type":"SearchAction","target":{"@type":"EntryPoint","urlTemplate":"https:\/\/www.horsefood.ee\/latvia\/?s={search_term_string}"},"query-input":{"@type":"PropertyValueSpecification","valueRequired":true,"valueName":"search_term_string"}}],"inLanguage":"lv-LV"}]}},"jetpack_publicize_connections":[],"jetpack_sharing_enabled":true,"jetpack-related-posts":[],"_links":{"self":[{"href":"https:\/\/www.horsefood.ee\/latvia\/wp-json\/wp\/v2\/product\/4954","targetHints":{"allow":["GET"]}}],"collection":[{"href":"https:\/\/www.horsefood.ee\/latvia\/wp-json\/wp\/v2\/product"}],"about":[{"href":"https:\/\/www.horsefood.ee\/latvia\/wp-json\/wp\/v2\/types\/product"}],"wp:featuredmedia":[{"embeddable":true,"href":"https:\/\/www.horsefood.ee\/latvia\/wp-json\/wp\/v2\/media\/5511"}],"wp:attachment":[{"href":"https:\/\/www.horsefood.ee\/latvia\/wp-json\/wp\/v2\/media?parent=4954"}],"wp:term":[{"taxonomy":"product_brand","embeddable":true,"href":"https:\/\/www.horsefood.ee\/latvia\/wp-json\/wp\/v2\/product_brand?post=4954"},{"taxonomy":"product_cat","embeddable":true,"href":"https:\/\/www.horsefood.ee\/latvia\/wp-json\/wp\/v2\/product_cat?post=4954"},{"taxonomy":"product_tag","embeddable":true,"href":"https:\/\/www.horsefood.ee\/latvia\/wp-json\/wp\/v2\/product_tag?post=4954"}],"curies":[{"name":"wp","href":"https:\/\/api.w.org\/{rel}","templated":true}]}}