{"id":4316,"date":"2017-10-08T22:24:44","date_gmt":"2017-10-08T19:24:44","guid":{"rendered":"http:\/\/horsefood.ee\/?post_type=product&#038;p=4316"},"modified":"2026-01-22T17:31:17","modified_gmt":"2026-01-22T15:31:17","slug":"jutekott","status":"publish","type":"product","link":"https:\/\/www.horsefood.ee\/latvia\/pood\/jutekott\/","title":{"rendered":"Jutekott"},"content":{"rendered":"","protected":false},"excerpt":{"rendered":"<p>Praktiline jutekott, kas kingiks v\u00f5i hobuvarustuse jaoks.\u00a0 Kandev\u00f5ime 15kg.<\/p>","protected":false},"featured_media":4318,"template":"","meta":{"jetpack_post_was_ever_published":false,"jetpack_publicize_message":"","jetpack_publicize_feature_enabled":true,"jetpack_social_post_already_shared":true,"jetpack_social_options":{"image_generator_settings":{"template":"highway","default_image_id":0,"font":"","enabled":false},"version":2}},"product_brand":[],"product_cat":[56,41],"product_tag":[],"class_list":{"0":"post-4316","1":"product","2":"type-product","3":"status-publish","4":"has-post-thumbnail","6":"product_cat-horsefoodthebest","7":"product_cat-teised-tooted","9":"first","10":"instock","11":"shipping-taxable","12":"purchasable","13":"product-type-simple"},"jetpack_publicize_connections":[],"jetpack_sharing_enabled":true,"jetpack-related-posts":[{"id":5822,"url":"https:\/\/www.horsefood.ee\/latvia\/pood\/msmglukosamiinkondroitiin-liigesed-kohred-1kg\/","url_meta":{"origin":4316,"position":0},"title":"MGC Artro Mix  (liigesed \/ k\u00f5hred \/ sidekude) 1000 gr","author":"kadri koppel","date":"24. J\u016bl 2018","format":false,"excerpt":"\u00a0 Toidulisand hobustele. Tasakaalustatud suhe gl\u00fckosamiini, kollageeni,\u00a0kondroitiini ja\u00a0\u00a0k\u00f5rgekvaliteediline MSM. Tervislikud liigesed, sidemed ja k\u00f5\u00f5lused moodustavad aluse tervislikuks ja paindlikuks liikumiseks. Horsefood MGC Artro Mix on k\u00f5rgekvaliteediline kombinatsioon MSM-ist (met\u00fc\u00fclsulfon\u00fc\u00fclr\u00fchm), gl\u00fckoosamiinist, kondroitiinist ja kollageenist. Kuigi keha toodab m\u00f5nda neist ainetest ise, vajavad hobused tugevas kasvufaasis, rasketes koormustingimustes v\u00f5i vigastuste ja kulumise\u2026","rel":"","context":"Similar post","block_context":{"text":"Similar post","link":""},"img":{"alt_text":"","src":"https:\/\/i0.wp.com\/www.horsefood.ee\/wp-content\/uploads\/2023\/10\/IMG_0740-scaled.jpeg?fit=900%2C1200&ssl=1&resize=350%2C200","width":350,"height":200,"srcset":"https:\/\/i0.wp.com\/www.horsefood.ee\/wp-content\/uploads\/2023\/10\/IMG_0740-scaled.jpeg?fit=900%2C1200&ssl=1&resize=350%2C200 1x, https:\/\/i0.wp.com\/www.horsefood.ee\/wp-content\/uploads\/2023\/10\/IMG_0740-scaled.jpeg?fit=900%2C1200&ssl=1&resize=525%2C300 1.5x, https:\/\/i0.wp.com\/www.horsefood.ee\/wp-content\/uploads\/2023\/10\/IMG_0740-scaled.jpeg?fit=900%2C1200&ssl=1&resize=700%2C400 2x"},"classes":[]},{"id":12959,"url":"https:\/\/www.horsefood.ee\/latvia\/pood\/hoof-resilience-shine\/","url_meta":{"origin":4316,"position":1},"title":"HOOF RESILIENCE &#038; SHINE (Kabjasalv) 850ml","author":"Kaido Koppel","date":"11. Mai 2021","format":false,"excerpt":"Kabja vastupidavus ja s\u00e4ra! Traditsiooniliselt toodetud kabjam\u00e4\u00e4re.\u00a0 Hoolikalt valitud \u00f5lide segu, mida saab kasutada pragunenud, tundlike ja\/v\u00f5i habraste kapjade jaoks. See parandab kabja kvaliteeti, soodustab kabja kasvu ning tagab optimaalse niiskustasakaalu. Spetsiifiliste eeterlike \u00f5lide olemasolu tagab vastupidavuse ning laseb hobuse kapjadel s\u00e4rada.\u00a0 \u00d5li on oluline m\u00e4\u00e4rida harjaga mitu korda n\u00e4dalas\u2026","rel":"","context":"Similar post","block_context":{"text":"Similar post","link":""},"img":{"alt_text":"","src":"https:\/\/i0.wp.com\/www.horsefood.ee\/wp-content\/uploads\/2021\/05\/Hoof-resilience-black-750ml-sh.jpg?fit=1200%2C1200&ssl=1&resize=350%2C200","width":350,"height":200,"srcset":"https:\/\/i0.wp.com\/www.horsefood.ee\/wp-content\/uploads\/2021\/05\/Hoof-resilience-black-750ml-sh.jpg?fit=1200%2C1200&ssl=1&resize=350%2C200 1x, https:\/\/i0.wp.com\/www.horsefood.ee\/wp-content\/uploads\/2021\/05\/Hoof-resilience-black-750ml-sh.jpg?fit=1200%2C1200&ssl=1&resize=525%2C300 1.5x, https:\/\/i0.wp.com\/www.horsefood.ee\/wp-content\/uploads\/2021\/05\/Hoof-resilience-black-750ml-sh.jpg?fit=1200%2C1200&ssl=1&resize=700%2C400 2x, https:\/\/i0.wp.com\/www.horsefood.ee\/wp-content\/uploads\/2021\/05\/Hoof-resilience-black-750ml-sh.jpg?fit=1200%2C1200&ssl=1&resize=1050%2C600 3x"},"classes":[]},{"id":19604,"url":"https:\/\/www.horsefood.ee\/latvia\/pood\/horsefood-licks-optimaalne-kogus-vitamiinie-mineraale-ja-mikroelemente-15kg\/","url_meta":{"origin":4316,"position":2},"title":"Horsefood Licks  (optimaalne kogus  vitamiinie, mineraale ja mikroelemente)  15kg","author":"Kaido Koppel","date":"10. J\u016bn 2024","format":false,"excerpt":"See suurp\u00e4rane vitamiini\u00e4mber pakub hobustele optimaalset vitamiinide, mineraalide ja mikroelementide t\u00e4iendust, toetades hobuse tervist. - Sobib hobustele, kes ei saa lisands\u00f6\u00f6ta. - Suurep\u00e4rane t\u00e4iendus noorte hobuste kasvatamisel. - Ideaalne karjatamisel. - Sobib tiinetele ja imetavatele m\u00e4radele. - Kergesti omastatav. Horsefood Licks on hea imendumisv\u00f5imega ja on rikastatud k\u00fc\u00fcslaugu ekstraktiga. Pakub\u2026","rel":"","context":"Similar post","block_context":{"text":"Similar post","link":""},"img":{"alt_text":"","src":"https:\/\/i0.wp.com\/www.horsefood.ee\/wp-content\/uploads\/2024\/06\/HF_Licks_Mineralenemmer.png?fit=800%2C800&ssl=1&resize=350%2C200","width":350,"height":200,"srcset":"https:\/\/i0.wp.com\/www.horsefood.ee\/wp-content\/uploads\/2024\/06\/HF_Licks_Mineralenemmer.png?fit=800%2C800&ssl=1&resize=350%2C200 1x, https:\/\/i0.wp.com\/www.horsefood.ee\/wp-content\/uploads\/2024\/06\/HF_Licks_Mineralenemmer.png?fit=800%2C800&ssl=1&resize=525%2C300 1.5x, https:\/\/i0.wp.com\/www.horsefood.ee\/wp-content\/uploads\/2024\/06\/HF_Licks_Mineralenemmer.png?fit=800%2C800&ssl=1&resize=700%2C400 2x"},"classes":[]},{"id":3500,"url":"https:\/\/www.horsefood.ee\/latvia\/pood\/kuuslauguhelbed\/","url_meta":{"origin":4316,"position":3},"title":"K\u00fc\u00fcslauguhelbed (immuunsus \/ s\u00f6\u00f6giisu soodustav) 2000gr","author":"Georg Koppel","date":"14. Apr 2017","format":false,"excerpt":"T\u00e4iends\u00f6\u00f6t. Horsefood`the best\u00a0k\u00fc\u00fcslauguhelbed on valmistatud Euroopa p\u00e4ritolu k\u00fc\u00fcslaugu mugulatest. Rikastatud kaltsiumi, magneesiumi, seleeniga. 100% k\u00fc\u00fcslauku! Antibakteriaalne toime: puhastab verd, ennetab seen- ja p\u00f5letikulisi protsesse kehas. Lima eritust soodustav toime. T\u00f5rjub putukaid. K\u00fc\u00fcslaugus on erinevaid v\u00e4\u00e4vli\u00fchendeid, mis annavad k\u00fc\u00fcslaugule tema iseloomuliku terava l\u00f5hna ja tugeva maitse. K\u00fc\u00fcslaugus leiame ka vitamiine B1,\u2026","rel":"","context":"Similar post","block_context":{"text":"Similar post","link":""},"img":{"alt_text":"","src":"https:\/\/i0.wp.com\/www.horsefood.ee\/wp-content\/uploads\/2017\/11\/K%C3%BC%C3%BCslauguliistakud.jpg?fit=801%2C1200&ssl=1&resize=350%2C200","width":350,"height":200,"srcset":"https:\/\/i0.wp.com\/www.horsefood.ee\/wp-content\/uploads\/2017\/11\/K%C3%BC%C3%BCslauguliistakud.jpg?fit=801%2C1200&ssl=1&resize=350%2C200 1x, https:\/\/i0.wp.com\/www.horsefood.ee\/wp-content\/uploads\/2017\/11\/K%C3%BC%C3%BCslauguliistakud.jpg?fit=801%2C1200&ssl=1&resize=525%2C300 1.5x, https:\/\/i0.wp.com\/www.horsefood.ee\/wp-content\/uploads\/2017\/11\/K%C3%BC%C3%BCslauguliistakud.jpg?fit=801%2C1200&ssl=1&resize=700%2C400 2x"},"classes":[]},{"id":12840,"url":"https:\/\/www.horsefood.ee\/latvia\/pood\/relax-easy\/","url_meta":{"origin":4316,"position":4},"title":"RELAX &#038; EASY (N\u00e4rvilisus) 500gr","author":"Kaido Koppel","date":"24. Apr 2021","format":false,"excerpt":"Rahustava ja l\u00f5\u00f5gastava toimega dieettoit n\u00e4rvilistele ja kergesti ehmuvatele hobustele \u00e4revates olukordades! RELAX & EASY aidab toetada n\u00e4rvilisi ning kergesti ehmuvaid hobuseid. Loodud hobustele, kelledele p\u00f5hjustavad stressi treeningud, transport, n\u00e4itused ja v\u00f5istlused jm\u2026 RELAX & EASY v\u00e4hendab stressi ning selle negatiivseid tagaj\u00e4rgi hobuse kehale, kuid ei muuda hobust tuimaks ja\u2026","rel":"","context":"Similar post","block_context":{"text":"Similar post","link":""},"img":{"alt_text":"","src":"https:\/\/i0.wp.com\/www.horsefood.ee\/wp-content\/uploads\/2021\/04\/Relax-Easy-0.jpg?fit=1137%2C1200&ssl=1&resize=350%2C200","width":350,"height":200,"srcset":"https:\/\/i0.wp.com\/www.horsefood.ee\/wp-content\/uploads\/2021\/04\/Relax-Easy-0.jpg?fit=1137%2C1200&ssl=1&resize=350%2C200 1x, https:\/\/i0.wp.com\/www.horsefood.ee\/wp-content\/uploads\/2021\/04\/Relax-Easy-0.jpg?fit=1137%2C1200&ssl=1&resize=525%2C300 1.5x, https:\/\/i0.wp.com\/www.horsefood.ee\/wp-content\/uploads\/2021\/04\/Relax-Easy-0.jpg?fit=1137%2C1200&ssl=1&resize=700%2C400 2x, https:\/\/i0.wp.com\/www.horsefood.ee\/wp-content\/uploads\/2021\/04\/Relax-Easy-0.jpg?fit=1137%2C1200&ssl=1&resize=1050%2C600 3x"},"classes":[]},{"id":5086,"url":"https:\/\/www.horsefood.ee\/latvia\/pood\/digest-control-brok-20kg\/","url_meta":{"origin":4316,"position":5},"title":"Digest Control Brok (seedimine \/ k\u00f5ikidele hobustele) 20kg","author":"kadri koppel","date":"25. Jan 2018","format":false,"excerpt":"T\u00e4iends\u00f6\u00f6t. HORSEFOOD`the best \u00e4\u00e4rmiselt k\u00f5rgekvaliteediline spordigraanul. Loodud spetsiaalselt treenivatele\u00a0hobustele, kelledel on tundlikum seedes\u00fcsteem v\u00f5i probleeme seedimisega. Sobilik graanul k\u00f5ikidele hobustele, igasuguse koormuse juures treenimisel!\u00a0\u00a0J\u00e4rk-j\u00e4rgult\u00a0vabanev energia.\u00a0 Antud graanul sisaldab rikkalikult toorkiudu, mis stimuleerib n\u00e4rimist ning soodustab s\u00fcljeeritust. N\u00e4rimisintensiivsusest s\u00f5ltub s\u00fclje eritumise kogus, mis aitab neutraliseerida happelist maosekreeti. Graanulis sisalduvad toitained on\u2026","rel":"","context":"Similar post","block_context":{"text":"Similar post","link":""},"img":{"alt_text":"","src":"https:\/\/i0.wp.com\/horsefood.ee\/wp-content\/uploads\/2020\/02\/Kvaliteet-1024x576.png?resize=350%2C200","width":350,"height":200,"srcset":"https:\/\/i0.wp.com\/horsefood.ee\/wp-content\/uploads\/2020\/02\/Kvaliteet-1024x576.png?resize=350%2C200 1x, https:\/\/i0.wp.com\/horsefood.ee\/wp-content\/uploads\/2020\/02\/Kvaliteet-1024x576.png?resize=525%2C300 1.5x, https:\/\/i0.wp.com\/horsefood.ee\/wp-content\/uploads\/2020\/02\/Kvaliteet-1024x576.png?resize=700%2C400 2x"},"classes":[]}],"_links":{"self":[{"href":"https:\/\/www.horsefood.ee\/latvia\/wp-json\/wp\/v2\/product\/4316","targetHints":{"allow":["GET"]}}],"collection":[{"href":"https:\/\/www.horsefood.ee\/latvia\/wp-json\/wp\/v2\/product"}],"about":[{"href":"https:\/\/www.horsefood.ee\/latvia\/wp-json\/wp\/v2\/types\/product"}],"wp:featuredmedia":[{"embeddable":true,"href":"https:\/\/www.horsefood.ee\/latvia\/wp-json\/wp\/v2\/media\/4318"}],"wp:attachment":[{"href":"https:\/\/www.horsefood.ee\/latvia\/wp-json\/wp\/v2\/media?parent=4316"}],"wp:term":[{"taxonomy":"product_brand","embeddable":true,"href":"https:\/\/www.horsefood.ee\/latvia\/wp-json\/wp\/v2\/product_brand?post=4316"},{"taxonomy":"product_cat","embeddable":true,"href":"https:\/\/www.horsefood.ee\/latvia\/wp-json\/wp\/v2\/product_cat?post=4316"},{"taxonomy":"product_tag","embeddable":true,"href":"https:\/\/www.horsefood.ee\/latvia\/wp-json\/wp\/v2\/product_tag?post=4316"}],"curies":[{"name":"wp","href":"https:\/\/api.w.org\/{rel}","templated":true}]}}