{"id":3893,"date":"2017-06-27T15:50:19","date_gmt":"2017-06-27T12:50:19","guid":{"rendered":"http:\/\/horsefood.ee\/?post_type=product&#038;p=3893"},"modified":"2026-04-30T10:10:26","modified_gmt":"2026-04-30T07:10:26","slug":"biotiin-1kg","status":"publish","type":"product","link":"https:\/\/www.horsefood.ee\/latvia\/pood\/biotiin-1kg\/","title":{"rendered":"Biotinemix (kabjad\/karvkate\/terve nahk) 1000gr"},"content":{"rendered":"<p><strong>Anal\u00fc\u00fctiline koostis:<\/strong><\/p>\n<p>toorproteiin 5,25%<br \/>\ntoorrasv 0,0%<br \/>\ntoortuhk 15,4%<br \/>\ntoorkiud 0,0%<br \/>\nnaatrium 1,15%<\/p>\n<p>&nbsp;<\/p>\n<p>Lisandid\/kg:<br \/>\nBiotiin 3a880 3000 mg<br \/>\nVaskkelaat (gl\u00fctsiin) 3b413 2280 mg<br \/>\nTsinkkelaat (gl\u00fctsiin) 3b607 6500 mg<br \/>\nMangaanikelaat (gl\u00fctsiin) 3b506 3300 mg<\/p>","protected":false},"excerpt":{"rendered":"<hr \/>\n<p>S\u00f6\u00f6dalisand hobustele.<\/p>\n<p><strong>Horsefood Biotine Mix<\/strong> t\u00e4iendab vajalikke toitaineid nii tervete kapjade kasvu ja elastsuse, kui ka karvkatte tiheduse ning tervisliku naha jaoks. Lisatud on kergesti omastatavat tsinki, vaske, kaltsiumi, magneesiumi ja mangaani, mis tagavad hobusele t\u00e4ieliku sisemise toetuse. L\u00fcsiin ja metioniin tagavad t\u00e4iendava valgu kabjamaterjali ja karvade ehitamiseks. Lisaks sisaldab see lisatud MSM-i (<em>Methyl Sulphonyl Methane<\/em>), mis koosneb puhtast v\u00e4\u00e4vlivormist ning soodustab head vereringet.<\/p>\n<p><strong>Koostis:\u00a0<\/strong>dekstroos, sahharoos, naatriumkloriid, MSM 2%, trimagneesiumtsitraat, trinaatriumfosfaat, trikaltsiumtsitraat.<\/p>\n<p><strong>Kasutusjuhend<\/strong>\/p\u00e4evane annus:<\/p>\n<p><strong>Hobune:<\/strong> 1x m\u00f5\u00f5tlusikat\u00e4is (ligikaudu 35 grammi)<\/p>\n<p><strong> Poni:<\/strong> pool hobuse annusest.<\/p>\n<p>&nbsp;<\/p>\n<p>&nbsp;<\/p>","protected":false},"featured_media":18117,"template":"","meta":{"jetpack_post_was_ever_published":false,"jetpack_publicize_message":"","jetpack_publicize_feature_enabled":true,"jetpack_social_post_already_shared":false,"jetpack_social_options":{"image_generator_settings":{"template":"highway","default_image_id":0,"font":"","enabled":false},"version":2}},"product_brand":[],"product_cat":[56,40],"product_tag":[77,76,67,65,69],"class_list":{"0":"post-3893","1":"product","2":"type-product","3":"status-publish","4":"has-post-thumbnail","6":"product_cat-horsefoodthebest","7":"product_cat-lisandid","8":"product_tag-harrastus","9":"product_tag-heaolu-ja-tervis","10":"product_tag-keskmine-koormus","11":"product_tag-tippsooritus","12":"product_tag-seenioritele","14":"first","15":"instock","16":"shipping-taxable","17":"purchasable","18":"product-type-simple"},"jetpack_publicize_connections":[],"jetpack_sharing_enabled":true,"jetpack-related-posts":[{"id":5451,"url":"https:\/\/www.horsefood.ee\/latvia\/pood\/elektrolyten-mix-elektroluudid-1kg\/","url_meta":{"origin":3893,"position":0},"title":"Elektrolyten+ (elektrol\u00fc\u00fcdid\/taastumine) 1000ml","author":"kadri koppel","date":"17. Apr 2018","format":false,"excerpt":"S\u00f6\u00f6dalisand hobustele. Horsefood Electrolyten+ on ideaalne toode mineraalide ja mikroelementide kiireks t\u00e4iendamiseks suure vedelikukaotuse korral, mis tekib f\u00fc\u00fcsiliste pingutuste tagaj\u00e4rjel. Oluline on seda anda k\u00f5rgetel temperatuuridel ja \u00fclem\u00e4\u00e4rase higistamise korral. Enne ja p\u00e4rast pingutust tuleks anda Electrolyten+ tagamaks hobusele mineraalide tasakaalu ja ennetamaks kehasoolade puudust. See sisaldab kergesti omastatavaid mikroelemente\u2026","rel":"","context":"Similar post","block_context":{"text":"Similar post","link":""},"img":{"alt_text":"","src":"https:\/\/i0.wp.com\/www.horsefood.ee\/wp-content\/uploads\/2023\/10\/IMG_9750.jpeg?fit=1200%2C1155&ssl=1&resize=350%2C200","width":350,"height":200,"srcset":"https:\/\/i0.wp.com\/www.horsefood.ee\/wp-content\/uploads\/2023\/10\/IMG_9750.jpeg?fit=1200%2C1155&ssl=1&resize=350%2C200 1x, https:\/\/i0.wp.com\/www.horsefood.ee\/wp-content\/uploads\/2023\/10\/IMG_9750.jpeg?fit=1200%2C1155&ssl=1&resize=525%2C300 1.5x, https:\/\/i0.wp.com\/www.horsefood.ee\/wp-content\/uploads\/2023\/10\/IMG_9750.jpeg?fit=1200%2C1155&ssl=1&resize=700%2C400 2x, https:\/\/i0.wp.com\/www.horsefood.ee\/wp-content\/uploads\/2023\/10\/IMG_9750.jpeg?fit=1200%2C1155&ssl=1&resize=1050%2C600 3x"},"classes":[]},{"id":18096,"url":"https:\/\/www.horsefood.ee\/latvia\/pood\/detox-immuno-support\/","url_meta":{"origin":3893,"position":1},"title":"Detox Immuno Support (immuunsus\/heaolu\/tervis)","author":"kadri koppel","date":"25. Okt 2023","format":false,"excerpt":"Horsefood Detox Immuno Support on loodud maksa, neerude ja immuuns\u00fcsteemi toetamiseks. M\u00fcrgiste- ja j\u00e4\u00e4kainete eemaldamisel organismist m\u00e4ngivat k\u00f5ige t\u00e4htsamat rolli maks ja neerud. Need organid m\u00f5jutavad ka hobuse hormonaalset tasakaalu ja ainevahetust.\u00a0 \u00d5igeaegne detokskuur on oluline maksa- ja neerufunktsiooni toetamiseks. Antud toode on loodud hobustele, kes vajavad taastumist peale rasket\u2026","rel":"","context":"Similar post","block_context":{"text":"Similar post","link":""},"img":{"alt_text":"","src":"https:\/\/i0.wp.com\/www.horsefood.ee\/wp-content\/uploads\/2023\/10\/IMG_0772.jpeg?fit=1200%2C1108&ssl=1&resize=350%2C200","width":350,"height":200,"srcset":"https:\/\/i0.wp.com\/www.horsefood.ee\/wp-content\/uploads\/2023\/10\/IMG_0772.jpeg?fit=1200%2C1108&ssl=1&resize=350%2C200 1x, https:\/\/i0.wp.com\/www.horsefood.ee\/wp-content\/uploads\/2023\/10\/IMG_0772.jpeg?fit=1200%2C1108&ssl=1&resize=525%2C300 1.5x, https:\/\/i0.wp.com\/www.horsefood.ee\/wp-content\/uploads\/2023\/10\/IMG_0772.jpeg?fit=1200%2C1108&ssl=1&resize=700%2C400 2x, https:\/\/i0.wp.com\/www.horsefood.ee\/wp-content\/uploads\/2023\/10\/IMG_0772.jpeg?fit=1200%2C1108&ssl=1&resize=1050%2C600 3x"},"classes":[]},{"id":17511,"url":"https:\/\/www.horsefood.ee\/latvia\/pood\/gastro-activecare-mix-teravilja-melassi-ja-gluteenivaba-korge-kiudainesisaldus-lisatud-parm-ja-magneesium-20kg\/","url_meta":{"origin":3893,"position":2},"title":"Gastro Activecare-Mix (teravilja-, melassi- ja gluteenivaba \/ k\u00f5rge kiudainesisaldus \/ lisatud p\u00e4rm ja magneesium \/ k\u00f5rgeim koormus) 20kg","author":"kadri koppel","date":"21. J\u016bl 2023","format":false,"excerpt":"L\u00e4bim\u00f5eldud kiudainerikas m\u00fcsli sporthobustele, kellel on tundlik seedimine, kuid kes t\u00f6\u00f6tavad ka k\u00f5rgema koormuse juures. T\u00e4iends\u00f6\u00f6t. Gastro Activecare-Mix on loodud hobustele, kelle puhul ei sobi traditsioonilised teraviljarikkad s\u00f6\u00f6dad, kuid kellelt oodatakse siiski j\u00f5udlust, vastupidavust ja head t\u00f6\u00f6v\u00f5imet ka intensiivse treeningu ja v\u00f5istlusperioodil. K\u00f5rge toorkiu sisaldus (u 21%) toetab s\u00fclje tootmist\u2026","rel":"","context":"Similar post","block_context":{"text":"Similar post","link":""},"img":{"alt_text":"","src":"https:\/\/i0.wp.com\/www.horsefood.ee\/wp-content\/uploads\/2023\/07\/Gastro-ActiveCare-Mix-1.jpg?fit=720%2C1024&ssl=1&resize=350%2C200","width":350,"height":200,"srcset":"https:\/\/i0.wp.com\/www.horsefood.ee\/wp-content\/uploads\/2023\/07\/Gastro-ActiveCare-Mix-1.jpg?fit=720%2C1024&ssl=1&resize=350%2C200 1x, https:\/\/i0.wp.com\/www.horsefood.ee\/wp-content\/uploads\/2023\/07\/Gastro-ActiveCare-Mix-1.jpg?fit=720%2C1024&ssl=1&resize=525%2C300 1.5x, https:\/\/i0.wp.com\/www.horsefood.ee\/wp-content\/uploads\/2023\/07\/Gastro-ActiveCare-Mix-1.jpg?fit=720%2C1024&ssl=1&resize=700%2C400 2x"},"classes":[]},{"id":3496,"url":"https:\/\/www.horsefood.ee\/latvia\/pood\/happy-summer-mix\/","url_meta":{"origin":3893,"position":3},"title":"Happy-Summer Mix (kaeravaba \/ ainevahetushaigused) 20kg","author":"Georg Koppel","date":"14. Apr 2017","format":false,"excerpt":"T\u00e4iends\u00f6\u00f6t. Kaeravaba, 7-t funktsionaalset maitsetaime (ginko, n\u00f5ges, pune, k\u00fc\u00fcslauk, majoraan, t\u00fc\u00fcmian, basiilik) sisalduv kvaliteetm\u00fcslisegu on spetsiaalselt v\u00e4ljat\u00f6\u00f6tatud \u00fclitundlikele hobustele (kaasaarvatud suveekseem, laminiit, EMS, Cushings, rasumine ja insuliinresistentsus). Madal suhkru- ja t\u00e4rklisesisaldus. Kergelt seeduv. Rohkelt head linaseemne\u00f5li.\u00a0Lisatud on diatomiitmuld ning p\u00e4rmikultuure. T\u00e4isvitaminiseeritud. K\u00f5ike mikroelemente, eelk\u00f5ige: tsinki, vaske ning seleeni on piisavalt.\u2026","rel":"","context":"Similar post","block_context":{"text":"Similar post","link":""},"img":{"alt_text":"","src":"https:\/\/i0.wp.com\/www.horsefood.ee\/wp-content\/uploads\/2020\/02\/Kvaliteet-1024x576.png?resize=350%2C200&ssl=1","width":350,"height":200,"srcset":"https:\/\/i0.wp.com\/www.horsefood.ee\/wp-content\/uploads\/2020\/02\/Kvaliteet-1024x576.png?resize=350%2C200&ssl=1 1x, https:\/\/i0.wp.com\/www.horsefood.ee\/wp-content\/uploads\/2020\/02\/Kvaliteet-1024x576.png?resize=525%2C300&ssl=1 1.5x, https:\/\/i0.wp.com\/www.horsefood.ee\/wp-content\/uploads\/2020\/02\/Kvaliteet-1024x576.png?resize=700%2C400&ssl=1 2x"},"classes":[]},{"id":3490,"url":"https:\/\/www.horsefood.ee\/latvia\/pood\/kruidenstruktuurmix\/","url_meta":{"origin":3893,"position":4},"title":"Kruidenstruktuurmix (kaeravaba \/ tervisem\u00fcsli \/ hingamine \/ sport) 20kg","author":"Georg Koppel","date":"14. Apr 2017","format":false,"excerpt":"T\u00e4iends\u00f6\u00f6t. Kaeravaba, \u00e4\u00e4rmiselt\u00a0kergelt seeduv taimem\u00fcsli, mis sobib s\u00f6\u00f6tmiseks k\u00f5ikidele hobustele\/ponidele. See v\u00e4\u00e4rtuslik segu toetab viljakust, kasvu, arengut, sooritusv\u00f5imet ja tervist! Madala suhkrusisaldusega.\u00a0Tervislik segu, mis sisaldab kergelt seeduvaid eelt\u00f6\u00f6deldud teraviljahelbeid, kuivatatud porgandeid, hernehelbeid ning kliisid. V\u00e4rsked lutsernivarred pakuvad piisavalt kiudu ning m\u00fcslisegust saab t\u00e4nu lisatud maitse\u00fcrtidele abi ka kergemate hingamisteede probleemide\u2026","rel":"","context":"Similar post","block_context":{"text":"Similar post","link":""},"img":{"alt_text":"","src":"https:\/\/i0.wp.com\/www.horsefood.ee\/wp-content\/uploads\/2017\/04\/Kruidenstruktuurmix-1.jpg?fit=383%2C575&ssl=1&resize=350%2C200","width":350,"height":200},"classes":[]},{"id":4300,"url":"https:\/\/www.horsefood.ee\/latvia\/pood\/grow-mix-20kg-varsadsaludmarad\/","url_meta":{"origin":3893,"position":5},"title":"Grow-Mix (varsad alates 3-elun\u00e4dalast \/ s\u00e4lud kuni 2,5eluaastat \/ m\u00e4rad) 20kg","author":"kadri koppel","date":"26. Sep 2017","format":false,"excerpt":"T\u00e4iends\u00f6\u00f6t. Spetsiaalne, \u00e4\u00e4rmiselt k\u00f5rgekvaliteediline m\u00fcslisegu tiinetele- ja lakteerivatele m\u00e4radele ning nende varssadele s\u00f6\u00f6tmiseks kuni 1,5 eluaasta-ni. Selles mixis sisalduv kogu teravili on j\u00e4mejahvatatud ja\/v\u00f5i paisutatud ja sisaldab k\u00f5iki vajalikke komponente, et loomalapsest kasvaks tulevikus elur\u00f5\u00f5mus ja terve hobune\/poni. *\u00a0Spetsiaalne\u00a0m\u00fcslisegu\u00a0m\u00e4radele\/varssadele\/s\u00e4lgudele. *\u00a0Sisaldab\u00a0pre-\u00a0ja\u00a0probiootikume. *\u00a0Lisatud\u00a0p\u00e4rmikultuure\u00a0seedimise\u00a0soodustamiseks,\u00a0s\u00f6\u00f6da\u00a0efektiivsuse\u00a0parendamiseks\u00a0ning\u00a0-edendamiseks. *\u00a0Lisatud foolhapet ja E-vitamiini 400mg. Hobuse poolt seeditav energia\u2026","rel":"","context":"Similar post","block_context":{"text":"Similar post","link":""},"img":{"alt_text":"","src":"https:\/\/i0.wp.com\/www.horsefood.ee\/wp-content\/uploads\/2017\/09\/Grow-Mix-1.jpg?fit=397%2C596&ssl=1&resize=350%2C200","width":350,"height":200},"classes":[]}],"_links":{"self":[{"href":"https:\/\/www.horsefood.ee\/latvia\/wp-json\/wp\/v2\/product\/3893","targetHints":{"allow":["GET"]}}],"collection":[{"href":"https:\/\/www.horsefood.ee\/latvia\/wp-json\/wp\/v2\/product"}],"about":[{"href":"https:\/\/www.horsefood.ee\/latvia\/wp-json\/wp\/v2\/types\/product"}],"wp:featuredmedia":[{"embeddable":true,"href":"https:\/\/www.horsefood.ee\/latvia\/wp-json\/wp\/v2\/media\/18117"}],"wp:attachment":[{"href":"https:\/\/www.horsefood.ee\/latvia\/wp-json\/wp\/v2\/media?parent=3893"}],"wp:term":[{"taxonomy":"product_brand","embeddable":true,"href":"https:\/\/www.horsefood.ee\/latvia\/wp-json\/wp\/v2\/product_brand?post=3893"},{"taxonomy":"product_cat","embeddable":true,"href":"https:\/\/www.horsefood.ee\/latvia\/wp-json\/wp\/v2\/product_cat?post=3893"},{"taxonomy":"product_tag","embeddable":true,"href":"https:\/\/www.horsefood.ee\/latvia\/wp-json\/wp\/v2\/product_tag?post=3893"}],"curies":[{"name":"wp","href":"https:\/\/api.w.org\/{rel}","templated":true}]}}