{"id":3754,"date":"2017-05-23T21:23:04","date_gmt":"2017-05-23T18:23:04","guid":{"rendered":"http:\/\/horsefood.ee\/?post_type=product&#038;p=3754"},"modified":"2025-07-03T11:44:25","modified_gmt":"2025-07-03T08:44:25","slug":"msm-salv-250gr","status":"publish","type":"product","link":"https:\/\/www.horsefood.ee\/latvia\/pood\/msm-salv-250gr\/","title":{"rendered":"MSM salv (p\u00f5letikuvastane \/ ravib \/ rahustab) 250ml"},"content":{"rendered":"<hr \/>\n<p>MSM (met\u00fc\u00fclsulfon\u00fc\u00fclmetaan &#8211; orgaaniline v\u00e4\u00e4vel), mineraalne tsink, nisuidu\u00f5li (E-vitamiin), porgandi\u00f5li (A-vitamiin).<\/p>","protected":false},"excerpt":{"rendered":"<p>&nbsp;<\/p>\n<p>MSM salv rahustab, pehmendab ja toetab v\u00e4liseid vigastusi (p\u00f5letikuvastane). Sobib naha, kapjade- ja karvahoolduseks. <strong>100% naturaalne toode!<\/strong><\/p>\n<p><strong>Kasutamine:\u00a0<\/strong>m\u00e4\u00e4rida mitu korda p\u00e4evas kahjustunud piirkondadele.<\/p>","protected":false},"featured_media":4489,"template":"","meta":{"jetpack_post_was_ever_published":false,"jetpack_publicize_message":"","jetpack_publicize_feature_enabled":true,"jetpack_social_post_already_shared":false,"jetpack_social_options":{"image_generator_settings":{"template":"highway","enabled":false},"version":2}},"product_brand":[],"product_cat":[56,41],"product_tag":[],"class_list":{"0":"post-3754","1":"product","2":"type-product","3":"status-publish","4":"has-post-thumbnail","6":"product_cat-horsefoodthebest","7":"product_cat-teised-tooted","9":"first","10":"outofstock","11":"shipping-taxable","12":"purchasable","13":"product-type-simple"},"jetpack_publicize_connections":[],"jetpack_sharing_enabled":true,"jetpack-related-posts":[],"_links":{"self":[{"href":"https:\/\/www.horsefood.ee\/latvia\/wp-json\/wp\/v2\/product\/3754"}],"collection":[{"href":"https:\/\/www.horsefood.ee\/latvia\/wp-json\/wp\/v2\/product"}],"about":[{"href":"https:\/\/www.horsefood.ee\/latvia\/wp-json\/wp\/v2\/types\/product"}],"wp:featuredmedia":[{"embeddable":true,"href":"https:\/\/www.horsefood.ee\/latvia\/wp-json\/wp\/v2\/media\/4489"}],"wp:attachment":[{"href":"https:\/\/www.horsefood.ee\/latvia\/wp-json\/wp\/v2\/media?parent=3754"}],"wp:term":[{"taxonomy":"product_brand","embeddable":true,"href":"https:\/\/www.horsefood.ee\/latvia\/wp-json\/wp\/v2\/product_brand?post=3754"},{"taxonomy":"product_cat","embeddable":true,"href":"https:\/\/www.horsefood.ee\/latvia\/wp-json\/wp\/v2\/product_cat?post=3754"},{"taxonomy":"product_tag","embeddable":true,"href":"https:\/\/www.horsefood.ee\/latvia\/wp-json\/wp\/v2\/product_tag?post=3754"}],"curies":[{"name":"wp","href":"https:\/\/api.w.org\/{rel}","templated":true}]}}