{"id":3666,"date":"2017-04-21T07:41:32","date_gmt":"2017-04-21T04:41:32","guid":{"rendered":"http:\/\/horsefood.ee\/?post_type=product&#038;p=3666"},"modified":"2026-02-08T11:24:31","modified_gmt":"2026-02-08T09:24:31","slug":"horse-dinner","status":"publish","type":"product","link":"https:\/\/www.horsefood.ee\/latvia\/pood\/horse-dinner\/","title":{"rendered":"Horse Dinner (kores\u00f6\u00f6t, silo kvaliteet) 20kg"},"content":{"rendered":"<p>Energia 2900kcal\/kg, Ca 1,8%, P 0,2%.<\/p>","protected":false},"excerpt":{"rendered":"<ul>\n<li>Silo kvaliteet. K\u00f5rgekvaliteediline\u00a0<strong>Itaalia raihein.\u00a0<\/strong><\/li>\n<li>S\u00e4ilitusainete ja kemikaalide vaba. <strong>100% looduslik toode!\u00a0<\/strong><\/li>\n<li>Soodne pH 5,5.<\/li>\n<li>Niiskusesisaldus: 30-45%.<\/li>\n<li>Tolmuvaba!<\/li>\n<li>V\u00e4ga maitsev!<\/li>\n<\/ul>\n<p><strong>Standard kasutamine:<\/strong> 1kg\/100kg kehakaalu kohta p\u00e4evas.<\/p>\n<p>K\u00f5rgekvaliteediline kores\u00f6\u00f6t on hobusele parim valik kiireks energia taastamiseks ja seda eriti just v\u00e4ljas\u00f5itudel v\u00f5istluspaikadesse. Osad isendid kulutavad siis kaks ja rohkem korda energiat, kui tavap\u00e4rases kodutalli elur\u00fctmis. Kores\u00f6\u00f6t on hobusele k\u00f5ige loomulikum toit ning hea kvaliteediga kores\u00f6\u00f6da seedimiseks kulutab hobune v\u00e4hem energiat, kui enamike s\u00f6\u00f6dakontsentraatide seedimiseks. Kiudainerikas dieet aitab ennetada deh\u00fcdratatsiooni ning elektrol\u00fc\u00fctide tasakaalutust.<\/p>\n<p>Toode on vaakumpakendatud. 20kg.<\/p>\n<p>Hind 800.- eur\/50 pakki. Transport tallini TASUTA!<\/p>","protected":false},"featured_media":3667,"template":"","meta":{"jetpack_post_was_ever_published":false,"jetpack_publicize_message":"","jetpack_publicize_feature_enabled":true,"jetpack_social_post_already_shared":true,"jetpack_social_options":{"image_generator_settings":{"template":"highway","enabled":false},"version":2}},"product_brand":[],"product_cat":[56],"product_tag":[],"class_list":{"0":"post-3666","1":"product","2":"type-product","3":"status-publish","4":"has-post-thumbnail","6":"product_cat-horsefoodthebest","8":"first","9":"outofstock","10":"shipping-taxable","11":"purchasable","12":"product-type-simple"},"jetpack_publicize_connections":[],"jetpack_sharing_enabled":true,"jetpack-related-posts":[],"_links":{"self":[{"href":"https:\/\/www.horsefood.ee\/latvia\/wp-json\/wp\/v2\/product\/3666"}],"collection":[{"href":"https:\/\/www.horsefood.ee\/latvia\/wp-json\/wp\/v2\/product"}],"about":[{"href":"https:\/\/www.horsefood.ee\/latvia\/wp-json\/wp\/v2\/types\/product"}],"wp:featuredmedia":[{"embeddable":true,"href":"https:\/\/www.horsefood.ee\/latvia\/wp-json\/wp\/v2\/media\/3667"}],"wp:attachment":[{"href":"https:\/\/www.horsefood.ee\/latvia\/wp-json\/wp\/v2\/media?parent=3666"}],"wp:term":[{"taxonomy":"product_brand","embeddable":true,"href":"https:\/\/www.horsefood.ee\/latvia\/wp-json\/wp\/v2\/product_brand?post=3666"},{"taxonomy":"product_cat","embeddable":true,"href":"https:\/\/www.horsefood.ee\/latvia\/wp-json\/wp\/v2\/product_cat?post=3666"},{"taxonomy":"product_tag","embeddable":true,"href":"https:\/\/www.horsefood.ee\/latvia\/wp-json\/wp\/v2\/product_tag?post=3666"}],"curies":[{"name":"wp","href":"https:\/\/api.w.org\/{rel}","templated":true}]}}