{"id":3512,"date":"2017-04-14T21:49:13","date_gmt":"2017-04-14T18:49:13","guid":{"rendered":"http:\/\/hobukomm.ee\/?post_type=product&#038;p=3512"},"modified":"2026-04-17T12:36:02","modified_gmt":"2026-04-17T09:36:02","slug":"lavendli-shampoon","status":"publish","type":"product","link":"https:\/\/www.horsefood.ee\/latvia\/pood\/lavendli-shampoon\/","title":{"rendered":"Lavendli shampoon (100% naturaalne toode) 1000ml"},"content":{"rendered":"","protected":false},"excerpt":{"rendered":"<p>Soovi korral v\u00f5ib antud shampooniga pesta k\u00f5iki koduloomi. <strong>Naturaalne toode!<\/strong><\/p>\n<ul>\n<li>V\u00e4rske ja \u00f5rn lavendli aroom!<\/li>\n<li>pH neutraalne!<\/li>\n<li>V\u00e4ga heade pesemisomadustega!<\/li>\n<\/ul>\n<p><strong>Kasutamine:\u00a0<\/strong>Pese oma kodulooma tavalisel viisil. V\u00e4ltida shampooni sattumist silma! Loputa hoolikalt!<\/p>","protected":false},"featured_media":4484,"template":"","meta":{"jetpack_post_was_ever_published":false,"jetpack_publicize_message":"","jetpack_publicize_feature_enabled":true,"jetpack_social_post_already_shared":false,"jetpack_social_options":{"image_generator_settings":{"template":"highway","default_image_id":0,"font":"","enabled":false},"version":2}},"product_brand":[],"product_cat":[56,41],"product_tag":[76],"class_list":{"0":"post-3512","1":"product","2":"type-product","3":"status-publish","4":"has-post-thumbnail","6":"product_cat-horsefoodthebest","7":"product_cat-teised-tooted","8":"product_tag-heaolu-ja-tervis","10":"first","11":"instock","12":"shipping-taxable","13":"purchasable","14":"product-type-simple"},"jetpack_publicize_connections":[],"jetpack_sharing_enabled":true,"jetpack-related-posts":[{"id":4215,"url":"https:\/\/www.horsefood.ee\/latvia\/pood\/hippoluz-lutsern-20kg\/","url_meta":{"origin":3512,"position":0},"title":"LUTSERN hekseldatud \/ Hippoluz (100% naturaalne toode \/ tolmuvaba \/ rikastatud linaseemne\u00f5liga) 90 l","author":"kadri koppel","date":"10. Sep 2017","format":false,"excerpt":"T\u00e4iends\u00f6\u00f6t. Eriline lutsernisegu (hekseldatud), rikastatud\u00a0linaseemne\u00f5liga,\u00a0100% naturaalne toode! Lutserniheinal on parim puhverdusv\u00f5ime happelise maon\u00f5re vastu. Teadlikud sportlased pakuvad peot\u00e4is-paar lutserni oma lemmikutele hommikul, enne t\u00f6\u00f6le rakendamist! Ergutab s\u00fcljeeritust ja soodustab seedimist.\u00a0Turvaline valik maohaavadega loomadele. Hea kaltsiumiallikas. Lutsernis on 3x rohkem kaltsiumit, kui tavalises karjamaarohus.\u00a0Kaltsium on luutiheduse moodustamisel oluline komponent (samuti kabja\u2026","rel":"","context":"Similar post","block_context":{"text":"Similar post","link":""},"img":{"alt_text":"","src":"https:\/\/i0.wp.com\/www.horsefood.ee\/wp-content\/uploads\/2017\/09\/Hippoluz-1.jpg?fit=800%2C800&ssl=1&resize=350%2C200","width":350,"height":200,"srcset":"https:\/\/i0.wp.com\/www.horsefood.ee\/wp-content\/uploads\/2017\/09\/Hippoluz-1.jpg?fit=800%2C800&ssl=1&resize=350%2C200 1x, https:\/\/i0.wp.com\/www.horsefood.ee\/wp-content\/uploads\/2017\/09\/Hippoluz-1.jpg?fit=800%2C800&ssl=1&resize=525%2C300 1.5x, https:\/\/i0.wp.com\/www.horsefood.ee\/wp-content\/uploads\/2017\/09\/Hippoluz-1.jpg?fit=800%2C800&ssl=1&resize=700%2C400 2x"},"classes":[]},{"id":3754,"url":"https:\/\/www.horsefood.ee\/latvia\/pood\/msm-salv-250gr\/","url_meta":{"origin":3512,"position":1},"title":"MSM salv (p\u00f5letikuvastane \/ ravib \/ rahustab) 250ml","author":"kadri koppel","date":"23. Mai 2017","format":false,"excerpt":"\u00a0 MSM salv rahustab, pehmendab ja toetab v\u00e4liseid vigastusi (p\u00f5letikuvastane). Sobib naha, kapjade- ja karvahoolduseks. 100% naturaalne toode! Kasutamine:\u00a0m\u00e4\u00e4rida mitu korda p\u00e4evas kahjustunud piirkondadele.","rel":"","context":"Similar post","block_context":{"text":"Similar post","link":""},"img":{"alt_text":"","src":"https:\/\/i0.wp.com\/www.horsefood.ee\/wp-content\/uploads\/2017\/10\/MSM-salv.jpg?fit=801%2C1200&ssl=1&resize=350%2C200","width":350,"height":200,"srcset":"https:\/\/i0.wp.com\/www.horsefood.ee\/wp-content\/uploads\/2017\/10\/MSM-salv.jpg?fit=801%2C1200&ssl=1&resize=350%2C200 1x, https:\/\/i0.wp.com\/www.horsefood.ee\/wp-content\/uploads\/2017\/10\/MSM-salv.jpg?fit=801%2C1200&ssl=1&resize=525%2C300 1.5x, https:\/\/i0.wp.com\/www.horsefood.ee\/wp-content\/uploads\/2017\/10\/MSM-salv.jpg?fit=801%2C1200&ssl=1&resize=700%2C400 2x"},"classes":[]},{"id":3752,"url":"https:\/\/www.horsefood.ee\/latvia\/pood\/linaseemneoli-5l\/","url_meta":{"origin":3512,"position":2},"title":"Linaseemne\u00f5li \/ esimene k\u00fclmpress \/ k\u00f5rge toitev\u00e4\u00e4rtus \/ 5000ml","author":"kadri koppel","date":"23. Mai 2017","format":false,"excerpt":"\u00a0Horsefood`the best\u00a0\u00fclikvaliteetne, esimese k\u00fclmpressi linaseemne\u00f5li. 100% naturaalne toode. Linaseemnetes sisalduv\u00a0Omega-3\u00a0asendamatu rasvhape avaldab hobusele j\u00e4rgmisi toimeid: paraneb karvkatte ning naha seiuskord; aitab hoida naha niisutatud ja elastsena, alandab erutuvust\/n\u00e4rvilisust, alandab allergilisi reaktsioone ning hooajalist naha s\u00fcgelust (suveekseem jm), alandab p\u00f5letikulisi protsesse loomaorganismis, paraneb liigeste paindlikkus ja mobiilsus, omab positiivset m\u00f5ju immuunvastusele,\u2026","rel":"","context":"Similar post","block_context":{"text":"Similar post","link":""},"img":{"alt_text":"","src":"https:\/\/i0.wp.com\/www.horsefood.ee\/wp-content\/uploads\/2023\/10\/IMG_8168.jpeg?fit=920%2C920&ssl=1&resize=350%2C200","width":350,"height":200,"srcset":"https:\/\/i0.wp.com\/www.horsefood.ee\/wp-content\/uploads\/2023\/10\/IMG_8168.jpeg?fit=920%2C920&ssl=1&resize=350%2C200 1x, https:\/\/i0.wp.com\/www.horsefood.ee\/wp-content\/uploads\/2023\/10\/IMG_8168.jpeg?fit=920%2C920&ssl=1&resize=525%2C300 1.5x, https:\/\/i0.wp.com\/www.horsefood.ee\/wp-content\/uploads\/2023\/10\/IMG_8168.jpeg?fit=920%2C920&ssl=1&resize=700%2C400 2x"},"classes":[]},{"id":4127,"url":"https:\/\/www.horsefood.ee\/latvia\/pood\/zeewier-mix-valik-mineraale-ca-biotiin-se-na-2kg\/","url_meta":{"origin":3512,"position":3},"title":"Zeewierbrokjes \/merevetikad (valik mineraale: Ca, biotiin, Se, Na) 2kg","author":"kadri koppel","date":"18. Aug 2017","format":false,"excerpt":"S\u00f6\u00f6dalisand. Valik mineraale. Merevetikad.\u00a0Puhas, naturaalne toode. vitamiinid: A, B1, B2, B3, B12, D-vitamiin ja E-vitamiin, mineraalained: Ca, biotiin, Se, Na. Horsefood`The best\u00a0merevetikad on turvaline valik ja uus t\u00e4iendus hobuste toidulauale. Kui j\u00e4lgid soovituslikke p\u00e4evaannuseid, siis on tegemist turvalise ja suurep\u00e4rase tootega,\u00a0 kuna merevetikates on looduslik valik erinevaid vitamiine, mineraale, mikroelemente\u2026","rel":"","context":"Similar post","block_context":{"text":"Similar post","link":""},"img":{"alt_text":"","src":"https:\/\/i0.wp.com\/www.horsefood.ee\/wp-content\/uploads\/2017\/11\/Merevetikad.jpg?fit=801%2C1200&ssl=1&resize=350%2C200","width":350,"height":200,"srcset":"https:\/\/i0.wp.com\/www.horsefood.ee\/wp-content\/uploads\/2017\/11\/Merevetikad.jpg?fit=801%2C1200&ssl=1&resize=350%2C200 1x, https:\/\/i0.wp.com\/www.horsefood.ee\/wp-content\/uploads\/2017\/11\/Merevetikad.jpg?fit=801%2C1200&ssl=1&resize=525%2C300 1.5x, https:\/\/i0.wp.com\/www.horsefood.ee\/wp-content\/uploads\/2017\/11\/Merevetikad.jpg?fit=801%2C1200&ssl=1&resize=700%2C400 2x"},"classes":[]},{"id":3504,"url":"https:\/\/www.horsefood.ee\/latvia\/pood\/parmigraanulid\/","url_meta":{"origin":3512,"position":4},"title":"P\u00e4rmigraanulid (seedimine \/ investeering tulevikku!) 4kg","author":"Georg Koppel","date":"14. Apr 2017","format":false,"excerpt":"T\u00e4iends\u00f6\u00f6t. Pix-Peq (p\u00e4rmigraanulid) on t\u00e4iends\u00f6\u00f6t graanuli kujul.\u00a0Need\u00a0graanulid sisaldavad t\u00e4ielikult fermenteeritud p\u00e4rmikultuure, mis on v\u00e4ga t\u00f5hus tugi loomaorganismi omaenese soolefloora bakteritele. Eluj\u00f5ulised\u00a0bakterid suudavad s\u00f6\u00f6ta seedida efektiivsemalt ning tagavad sellisel moel t\u00e4iuslikuma toitainete k\u00e4ttesaadavuse ning omastatavuse. Kuidas Bix-Peq graanulid t\u00f6\u00f6tavad? Hobuse toidu ens\u00fcmaatiline seedimine toimub peensooles. Korralikult mitte\u00e4raseedunud toiduosakesed liiguvad edasi j\u00e4me-\u2026","rel":"","context":"Similar post","block_context":{"text":"Similar post","link":""},"img":{"alt_text":"","src":"https:\/\/i0.wp.com\/www.horsefood.ee\/wp-content\/uploads\/2017\/11\/P%C3%A4rmigraanulid.jpg?fit=801%2C1200&ssl=1&resize=350%2C200","width":350,"height":200,"srcset":"https:\/\/i0.wp.com\/www.horsefood.ee\/wp-content\/uploads\/2017\/11\/P%C3%A4rmigraanulid.jpg?fit=801%2C1200&ssl=1&resize=350%2C200 1x, https:\/\/i0.wp.com\/www.horsefood.ee\/wp-content\/uploads\/2017\/11\/P%C3%A4rmigraanulid.jpg?fit=801%2C1200&ssl=1&resize=525%2C300 1.5x, https:\/\/i0.wp.com\/www.horsefood.ee\/wp-content\/uploads\/2017\/11\/P%C3%A4rmigraanulid.jpg?fit=801%2C1200&ssl=1&resize=700%2C400 2x"},"classes":[]},{"id":3510,"url":"https:\/\/www.horsefood.ee\/latvia\/pood\/lakapalsam\/","url_meta":{"origin":3512,"position":5},"title":"Laka &#8211; ja sabapalsam Hi-Gloss 500ml \/kauap\u00fcsiv premiumklassi toode!","author":"Georg Koppel","date":"14. Apr 2017","format":false,"excerpt":"Valides HI-GLOSS laka-ja sabapalsami, valid Sa\u00a0premiumklassi\u00a0toote! Peaaegu mitte \u00fckski teine samalaadne toode Maailmas, ei paku paremat s\u00e4ra ja vol\u00fc\u00fcmikamat look'i v\u00f5istlusteks v\u00f5i mis iganes hobu\u00fcrituseks, kui teeb seda HI-GLOSS! Ilus s\u00e4ra! Vol\u00fc\u00fcmikas look`! Eemaldab kergelt mustuse ja tolmu! Pikaajaline kaitse! Kergelt l\u00e4bikammitav! Kiire kuivamine! Neutraalse aroomiga! Vesi-\u00f5lis segu, mis sisaldab\u2026","rel":"","context":"Similar post","block_context":{"text":"Similar post","link":""},"img":{"alt_text":"","src":"https:\/\/i0.wp.com\/www.horsefood.ee\/wp-content\/uploads\/2017\/10\/Laka-ja-sabapalsam.jpg?fit=801%2C1200&ssl=1&resize=350%2C200","width":350,"height":200,"srcset":"https:\/\/i0.wp.com\/www.horsefood.ee\/wp-content\/uploads\/2017\/10\/Laka-ja-sabapalsam.jpg?fit=801%2C1200&ssl=1&resize=350%2C200 1x, https:\/\/i0.wp.com\/www.horsefood.ee\/wp-content\/uploads\/2017\/10\/Laka-ja-sabapalsam.jpg?fit=801%2C1200&ssl=1&resize=525%2C300 1.5x, https:\/\/i0.wp.com\/www.horsefood.ee\/wp-content\/uploads\/2017\/10\/Laka-ja-sabapalsam.jpg?fit=801%2C1200&ssl=1&resize=700%2C400 2x"},"classes":[]}],"_links":{"self":[{"href":"https:\/\/www.horsefood.ee\/latvia\/wp-json\/wp\/v2\/product\/3512","targetHints":{"allow":["GET"]}}],"collection":[{"href":"https:\/\/www.horsefood.ee\/latvia\/wp-json\/wp\/v2\/product"}],"about":[{"href":"https:\/\/www.horsefood.ee\/latvia\/wp-json\/wp\/v2\/types\/product"}],"wp:featuredmedia":[{"embeddable":true,"href":"https:\/\/www.horsefood.ee\/latvia\/wp-json\/wp\/v2\/media\/4484"}],"wp:attachment":[{"href":"https:\/\/www.horsefood.ee\/latvia\/wp-json\/wp\/v2\/media?parent=3512"}],"wp:term":[{"taxonomy":"product_brand","embeddable":true,"href":"https:\/\/www.horsefood.ee\/latvia\/wp-json\/wp\/v2\/product_brand?post=3512"},{"taxonomy":"product_cat","embeddable":true,"href":"https:\/\/www.horsefood.ee\/latvia\/wp-json\/wp\/v2\/product_cat?post=3512"},{"taxonomy":"product_tag","embeddable":true,"href":"https:\/\/www.horsefood.ee\/latvia\/wp-json\/wp\/v2\/product_tag?post=3512"}],"curies":[{"name":"wp","href":"https:\/\/api.w.org\/{rel}","templated":true}]}}