{"id":3504,"date":"2017-04-14T21:38:45","date_gmt":"2017-04-14T18:38:45","guid":{"rendered":"http:\/\/hobukomm.ee\/?post_type=product&#038;p=3504"},"modified":"2026-04-28T09:45:14","modified_gmt":"2026-04-28T06:45:14","slug":"parmigraanulid","status":"publish","type":"product","link":"https:\/\/www.horsefood.ee\/latvia\/pood\/parmigraanulid\/","title":{"rendered":"P\u00e4rmigraanulid (seedimine \/ investeering tulevikku!) 4kg"},"content":{"rendered":"<p><strong>NB! Kasutatakse naturaalseid komponente ning sellest johtuvalt v\u00f5ivad osad m\u00e4rgitud v\u00e4\u00e4rtused m\u00f5ningal m\u00e4\u00e4ral k\u00f5ikuda!\u00a0<\/strong><\/p>\n<hr \/>\n<p><a href=\"https:\/\/i0.wp.com\/horsefood.ee\/wp-content\/uploads\/2017\/04\/Bix-peq-2.png\"><img data-recalc-dims=\"1\" loading=\"lazy\" decoding=\"async\" data-attachment-id=\"5623\" data-permalink=\"https:\/\/www.horsefood.ee\/latvia\/?attachment_id=5623#main\" data-orig-file=\"https:\/\/i0.wp.com\/www.horsefood.ee\/wp-content\/uploads\/2017\/04\/Bix-peq-2.png?fit=940%2C788&amp;ssl=1\" data-orig-size=\"940,788\" data-comments-opened=\"0\" data-image-meta=\"{&quot;aperture&quot;:&quot;0&quot;,&quot;credit&quot;:&quot;&quot;,&quot;camera&quot;:&quot;&quot;,&quot;caption&quot;:&quot;&quot;,&quot;created_timestamp&quot;:&quot;0&quot;,&quot;copyright&quot;:&quot;&quot;,&quot;focal_length&quot;:&quot;0&quot;,&quot;iso&quot;:&quot;0&quot;,&quot;shutter_speed&quot;:&quot;0&quot;,&quot;title&quot;:&quot;&quot;,&quot;orientation&quot;:&quot;0&quot;}\" data-image-title=\"Bix-peq\" data-image-description=\"\" data-image-caption=\"\" data-large-file=\"https:\/\/i0.wp.com\/www.horsefood.ee\/wp-content\/uploads\/2017\/04\/Bix-peq-2.png?fit=940%2C788&amp;ssl=1\" class=\"alignleft wp-image-5623 size-full\" src=\"https:\/\/i0.wp.com\/horsefood.ee\/wp-content\/uploads\/2017\/04\/Bix-peq-2.png?resize=940%2C788\" alt=\"\" width=\"940\" height=\"788\" srcset=\"https:\/\/i0.wp.com\/www.horsefood.ee\/wp-content\/uploads\/2017\/04\/Bix-peq-2.png?w=940&amp;ssl=1 940w, https:\/\/i0.wp.com\/www.horsefood.ee\/wp-content\/uploads\/2017\/04\/Bix-peq-2.png?resize=300%2C251&amp;ssl=1 300w, https:\/\/i0.wp.com\/www.horsefood.ee\/wp-content\/uploads\/2017\/04\/Bix-peq-2.png?resize=768%2C644&amp;ssl=1 768w, https:\/\/i0.wp.com\/www.horsefood.ee\/wp-content\/uploads\/2017\/04\/Bix-peq-2.png?resize=600%2C503&amp;ssl=1 600w\" sizes=\"auto, (max-width: 940px) 100vw, 940px\" \/><\/a><\/p>\n<p>&nbsp;<\/p>","protected":false},"excerpt":{"rendered":"<p>T\u00e4iends\u00f6\u00f6t. <strong>Pix-Peq (p\u00e4rmigraanulid)<\/strong> on t\u00e4iends\u00f6\u00f6t graanuli kujul.\u00a0Need\u00a0graanulid sisaldavad t\u00e4ielikult fermenteeritud p\u00e4rmikultuure, mis on v\u00e4ga t\u00f5hus tugi loomaorganismi omaenese soolefloora bakteritele. Eluj\u00f5ulised\u00a0bakterid suudavad s\u00f6\u00f6ta seedida efektiivsemalt ning tagavad sellisel moel t\u00e4iuslikuma toitainete k\u00e4ttesaadavuse ning omastatavuse.<\/p>\n<p><strong>Kuidas Bix-Peq graanulid t\u00f6\u00f6tavad?<\/strong> Hobuse toidu ens\u00fcmaatiline seedimine toimub peensooles. Korralikult mitte\u00e4raseedunud toiduosakesed liiguvad edasi j\u00e4me- ja umbsoolde. Just selles piirkonnas, spetsiifilised bakterid &#8220;asuvad&#8221; t\u00f6\u00f6le, et alustada mitteseedunud osakeste\u00a0 l\u00f5plikku lagundamist. Bix-peq graanulid t\u00f6\u00f6tavad optimaalselt just k\u00e4\u00e4rsooles. See piirkond on v\u00e4ga rikas &#8220;kasvulava&#8221; looma omaenese soolefloora bakteritele. Eluj\u00f5ulised bakterid suudavad efektiivsemalt s\u00f6\u00f6ta l\u00f5hustada ning tagavad, et s\u00f6\u00f6dast omastatakse maksimaalne kogus toitaineid.<\/p>\n<hr \/>\n<p>Bix- Peq toote funktsioonid:<\/p>\n<ul>\n<li><strong>kosutavad<\/strong>,<\/li>\n<li><strong>t\u00f5stab kores\u00f6\u00f6da efektiivsust<\/strong> (sobilik nendele isenditele, kellede dieet ei paku neile vajalikul m\u00e4\u00e4ral kiudaineid),<\/li>\n<li><strong>soodustab seedetrakti head funktsiooni\u00a0<\/strong>(v\u00e4hendab koolikute esinemise v\u00f5imalust\/-maovaevuseid),<\/li>\n<li><strong>edendab head j\u00f5udlust\u00a0<\/strong>(intensiivne treeningperiood\/noored loomad),<\/li>\n<li><strong>ennetab hapestumist veres ja lihaskoes,\u00a0<\/strong><\/li>\n<li><strong>toetab\/stimuleerib immuuns\u00fcsteemi.<\/strong><\/li>\n<\/ul>\n<hr \/>\n<p><strong>NB!\u00a0<\/strong>Teadlaste hinnangul <strong>90%-l<\/strong> k\u00f5rgemal tasemel treenivatest hobustest on oma elu jooksul kokku puutunud erinevate maovaevustega\/seedeh\u00e4iretega. Hobuse maohaavandite s\u00fcndroomi kujunemisel on mitmeid riskitegureid. T\u00e4naste teadmiste valguses p\u00f6\u00f6ravad uurijad t\u00e4helepanu asjaolule, et tippsoorituse ajal (olgu seda siis treening- v\u00f5i v\u00f5istluspinge), suunab loomaorganism oma verevarustuse ressursid eelk\u00f5ige s\u00fcdame- ja lihastet\u00f6\u00f6 koordineerimiseks ja maoverevarustus on sellel ajaperioodil j\u00e4etud nn vaeslapse rolli, mis v\u00f5ibki olla maohaavandite kujunemise \u00fcheks tekkep\u00f5hjuseks.\u00a0<em>(Gastric Ulcers: Common in Performance Horses and Foals\/ Thehorse.com).<\/em><\/p>\n<p>&#8230;<strong>Uuringute tulemustele tuginedes v\u00e4idame, et Pix-Peq Korrel p\u00e4rmigraanulite kasutamise j\u00e4rgselt paranesid uuritavate isendite verepunaliblede- ning hemoglobiini v\u00e4\u00e4rtused. Paranesid ka n\u00e4itajad: pulsi kiirem taastumine\/organismi hapnikuga varustamine. Bix-peq Korrel &#8211; investeering tulevikku!<\/strong><\/p>\n<p><strong>Koostis:<\/strong> fermenteeritud p\u00e4rm (Saccharomyces Cerevisiae), mais\/-k\u00f5rvalsaadused, rukki-\/nisupeenkliid, maisigluteen, maisimelass.<\/p>\n<p><strong>Annustamine\/p\u00e4evas: 10gr\/100kg\u00a0<\/strong>kehakaalu kohta<\/p>\n<p>Pix-Peq korrel on <strong>100% naturaalne toode.<\/strong>\u00a0Esimesed positiivsed tulemused saabuvad juba 10 p\u00e4eva p\u00e4rast. Antud toode sisaldab ainult looduslikku p\u00e4ritolu toorainet ja seet\u00f5ttu on k\u00f5ige soodsam kasutada antud toodet ilma katkestusteta, iga p\u00e4ev!<\/p>\n<p><em>Keskmine kulu 4kg = 80p\u00e4eva!<\/em><\/p>\n<p><strong>Pakend: 4kg &#8211; laokaup<\/strong>, 25kg paberkotis &#8211; ettetellimisega!<\/p>\n<p><a href=\"http:\/\/horsefood.ee\/wp-content\/uploads\/2017\/11\/P\u00e4rmigraanulid.jpg\"><img loading=\"lazy\" decoding=\"async\" class=\"wp-image-4849 size-medium alignleft\" src=\"http:\/\/horsefood.ee\/wp-content\/uploads\/2017\/11\/P\u00e4rmigraanulid-200x300.jpg\" alt=\"\" width=\"200\" height=\"300\" srcset=\"https:\/\/i0.wp.com\/www.horsefood.ee\/wp-content\/uploads\/2017\/11\/P%C3%A4rmigraanulid.jpg?resize=200%2C300&amp;ssl=1 200w, https:\/\/i0.wp.com\/www.horsefood.ee\/wp-content\/uploads\/2017\/11\/P%C3%A4rmigraanulid.jpg?resize=768%2C1151&amp;ssl=1 768w, https:\/\/i0.wp.com\/www.horsefood.ee\/wp-content\/uploads\/2017\/11\/P%C3%A4rmigraanulid.jpg?resize=684%2C1024&amp;ssl=1 684w, https:\/\/i0.wp.com\/www.horsefood.ee\/wp-content\/uploads\/2017\/11\/P%C3%A4rmigraanulid.jpg?resize=120%2C180&amp;ssl=1 120w, https:\/\/i0.wp.com\/www.horsefood.ee\/wp-content\/uploads\/2017\/11\/P%C3%A4rmigraanulid.jpg?resize=400%2C600&amp;ssl=1 400w, https:\/\/i0.wp.com\/www.horsefood.ee\/wp-content\/uploads\/2017\/11\/P%C3%A4rmigraanulid.jpg?w=1367&amp;ssl=1 1367w\" sizes=\"auto, (max-width: 200px) 100vw, 200px\" \/><\/a><\/p>","protected":false},"featured_media":4849,"template":"","meta":{"jetpack_post_was_ever_published":false,"jetpack_publicize_message":"","jetpack_publicize_feature_enabled":true,"jetpack_social_post_already_shared":false,"jetpack_social_options":{"image_generator_settings":{"template":"highway","default_image_id":0,"font":"","enabled":false},"version":2}},"product_brand":[],"product_cat":[56,40],"product_tag":[77,76,67,75,65,73,69,70],"class_list":{"0":"post-3504","1":"product","2":"type-product","3":"status-publish","4":"has-post-thumbnail","6":"product_cat-horsefoodthebest","7":"product_cat-lisandid","8":"product_tag-harrastus","9":"product_tag-heaolu-ja-tervis","10":"product_tag-keskmine-koormus","11":"product_tag-konditsiooni-parandamine","12":"product_tag-tippsooritus","13":"product_tag-seedimisprobleemid","14":"product_tag-seenioritele","15":"product_tag-aretussoodad","17":"first","18":"instock","19":"shipping-taxable","20":"purchasable","21":"product-type-simple"},"jetpack_publicize_connections":[],"jetpack_sharing_enabled":true,"jetpack-related-posts":[{"id":17511,"url":"https:\/\/www.horsefood.ee\/latvia\/pood\/gastro-activecare-mix-teravilja-melassi-ja-gluteenivaba-korge-kiudainesisaldus-lisatud-parm-ja-magneesium-20kg\/","url_meta":{"origin":3504,"position":0},"title":"Gastro Activecare-Mix (teravilja-, melassi- ja gluteenivaba \/ k\u00f5rge kiudainesisaldus \/ lisatud p\u00e4rm ja magneesium \/ k\u00f5rgeim koormus) 20kg","author":"kadri koppel","date":"21. J\u016bl 2023","format":false,"excerpt":"L\u00e4bim\u00f5eldud kiudainerikas m\u00fcsli sporthobustele, kellel on tundlik seedimine, kuid kes t\u00f6\u00f6tavad ka k\u00f5rgema koormuse juures. T\u00e4iends\u00f6\u00f6t. Gastro Activecare-Mix on loodud hobustele, kelle puhul ei sobi traditsioonilised teraviljarikkad s\u00f6\u00f6dad, kuid kellelt oodatakse siiski j\u00f5udlust, vastupidavust ja head t\u00f6\u00f6v\u00f5imet ka intensiivse treeningu ja v\u00f5istlusperioodil. K\u00f5rge toorkiu sisaldus (u 21%) toetab s\u00fclje tootmist\u2026","rel":"","context":"Similar post","block_context":{"text":"Similar post","link":""},"img":{"alt_text":"","src":"https:\/\/i0.wp.com\/www.horsefood.ee\/wp-content\/uploads\/2023\/07\/Gastro-ActiveCare-Mix-1.jpg?fit=720%2C1024&ssl=1&resize=350%2C200","width":350,"height":200,"srcset":"https:\/\/i0.wp.com\/www.horsefood.ee\/wp-content\/uploads\/2023\/07\/Gastro-ActiveCare-Mix-1.jpg?fit=720%2C1024&ssl=1&resize=350%2C200 1x, https:\/\/i0.wp.com\/www.horsefood.ee\/wp-content\/uploads\/2023\/07\/Gastro-ActiveCare-Mix-1.jpg?fit=720%2C1024&ssl=1&resize=525%2C300 1.5x, https:\/\/i0.wp.com\/www.horsefood.ee\/wp-content\/uploads\/2023\/07\/Gastro-ActiveCare-Mix-1.jpg?fit=720%2C1024&ssl=1&resize=700%2C400 2x"},"classes":[]},{"id":7276,"url":"https:\/\/www.horsefood.ee\/latvia\/pood\/suhkrupeet-20kg\/","url_meta":{"origin":3504,"position":1},"title":"Suhkrupeedi viljalihagraanulid (konditsioon \/ seedimine \/ \u00fclimaitsev) 20kg","author":"kadri koppel","date":"12. Apr 2019","format":false,"excerpt":"Van Corp Loomas\u00f6\u00f6dad suhkrupeedigraanulid on maitsev ja energiarikas lisands\u00f6\u00f6t. Sisaldab kergesti laguneeritavaid s\u00fcsivesikuid (pektiinid), mida vabastatakse j\u00e4rk-j\u00e4rgult. Suhkrupeedi viljalihagraanuleid toodetakse peedist suhkru eemaldamise j\u00e4rgselt, kus allesj\u00e4\u00e4nud peedimass kuivatakse ja pressitakse seej\u00e4rel 6mm vormidesse. S\u00f6\u00f6damaterjal Hollandi peedipulp on tuntud oma k\u00f5rge kvaliteedi ja v\u00e4ga heade maitseomaduste poolest. Enne loomadele s\u00f6\u00f6tmist tuleb\u2026","rel":"","context":"Similar post","block_context":{"text":"Similar post","link":""},"img":{"alt_text":"","src":"https:\/\/i0.wp.com\/www.horsefood.ee\/wp-content\/uploads\/2019\/04\/Suhkrupeet-transparent.png?fit=1060%2C707&ssl=1&resize=350%2C200","width":350,"height":200,"srcset":"https:\/\/i0.wp.com\/www.horsefood.ee\/wp-content\/uploads\/2019\/04\/Suhkrupeet-transparent.png?fit=1060%2C707&ssl=1&resize=350%2C200 1x, https:\/\/i0.wp.com\/www.horsefood.ee\/wp-content\/uploads\/2019\/04\/Suhkrupeet-transparent.png?fit=1060%2C707&ssl=1&resize=525%2C300 1.5x, https:\/\/i0.wp.com\/www.horsefood.ee\/wp-content\/uploads\/2019\/04\/Suhkrupeet-transparent.png?fit=1060%2C707&ssl=1&resize=700%2C400 2x, https:\/\/i0.wp.com\/www.horsefood.ee\/wp-content\/uploads\/2019\/04\/Suhkrupeet-transparent.png?fit=1060%2C707&ssl=1&resize=1050%2C600 3x"},"classes":[]},{"id":23133,"url":"https:\/\/www.horsefood.ee\/latvia\/pood\/pure-sensitive-brok-ei-tee-kuumaks-seedimine-tundlikele-hobustele-20kg\/","url_meta":{"origin":3504,"position":2},"title":"Pure Sensitive brok ( seedimine \/ tundlikele hobustele) 20kg","author":"Kaido Koppel","date":"26. Mar 2026","format":false,"excerpt":"Ei tee hobust kuumaks. Toetab seedimist ja hobuse vastupidavust. Pure Sensitive graanulid on m\u00f5eldud hobustele, kes vajavad stabiilset energiat, head seedimist ja tugevat lihast\u00f6\u00f6d \u2013 ilma liigsete suhkrute ja \u00fcleliigse energiata. Paljud s\u00f6\u00f6dad sisaldavad liiga palju suhkrut ja t\u00e4rklist, mis v\u00f5ib m\u00f5jutada hobuse enesetunnet, seedimist ja lihaste t\u00f6\u00f6d. \ud83d\udc49 See\u2026","rel":"","context":"Similar post","block_context":{"text":"Similar post","link":""},"img":{"alt_text":"","src":"https:\/\/i0.wp.com\/www.horsefood.ee\/wp-content\/uploads\/2026\/03\/toode-1.png?fit=675%2C1200&ssl=1&resize=350%2C200","width":350,"height":200,"srcset":"https:\/\/i0.wp.com\/www.horsefood.ee\/wp-content\/uploads\/2026\/03\/toode-1.png?fit=675%2C1200&ssl=1&resize=350%2C200 1x, https:\/\/i0.wp.com\/www.horsefood.ee\/wp-content\/uploads\/2026\/03\/toode-1.png?fit=675%2C1200&ssl=1&resize=525%2C300 1.5x"},"classes":[]},{"id":5086,"url":"https:\/\/www.horsefood.ee\/latvia\/pood\/digest-control-brok-20kg\/","url_meta":{"origin":3504,"position":3},"title":"Digest Control Brok (seedimine \/ k\u00f5ikidele hobustele) 20kg","author":"kadri koppel","date":"25. Jan 2018","format":false,"excerpt":"T\u00e4iends\u00f6\u00f6t. HORSEFOOD`the best \u00e4\u00e4rmiselt k\u00f5rgekvaliteediline spordigraanul. Loodud spetsiaalselt treenivatele\u00a0hobustele, kelledel on tundlikum seedes\u00fcsteem v\u00f5i probleeme seedimisega. Sobilik graanul k\u00f5ikidele hobustele, igasuguse koormuse juures treenimisel!\u00a0\u00a0J\u00e4rk-j\u00e4rgult\u00a0vabanev energia.\u00a0 Antud graanul sisaldab rikkalikult toorkiudu, mis stimuleerib n\u00e4rimist ning soodustab s\u00fcljeeritust. N\u00e4rimisintensiivsusest s\u00f5ltub s\u00fclje eritumise kogus, mis aitab neutraliseerida happelist maosekreeti. Graanulis sisalduvad toitained on\u2026","rel":"","context":"Similar post","block_context":{"text":"Similar post","link":""},"img":{"alt_text":"","src":"https:\/\/i0.wp.com\/horsefood.ee\/wp-content\/uploads\/2020\/02\/Kvaliteet-1024x576.png?resize=350%2C200","width":350,"height":200,"srcset":"https:\/\/i0.wp.com\/horsefood.ee\/wp-content\/uploads\/2020\/02\/Kvaliteet-1024x576.png?resize=350%2C200 1x, https:\/\/i0.wp.com\/horsefood.ee\/wp-content\/uploads\/2020\/02\/Kvaliteet-1024x576.png?resize=525%2C300 1.5x, https:\/\/i0.wp.com\/horsefood.ee\/wp-content\/uploads\/2020\/02\/Kvaliteet-1024x576.png?resize=700%2C400 2x"},"classes":[]},{"id":7118,"url":"https:\/\/www.horsefood.ee\/latvia\/pood\/eko-kvaliteedimargiga-graanulid-25kg\/","url_meta":{"origin":3504,"position":4},"title":"Mahem\u00e4rgisega \u00f6koloogilised s\u00f6\u00f6dagraanulid (k\u00f5ik hobuspordi distsipliinid) 20kg. (Ettetellimisel)","author":"kadri koppel","date":"13. Mar 2019","format":false,"excerpt":"EKO\u00a0(haldaja Skal \u2013 mittetulunduslik orgaanilise toodangu inspektsioon) on Hollandi mahem\u00e4rgis. Vastab Euroopa \u00dchenduse mahem\u00e4rgise kriteeriumitele EU 834\/2007.\u00a0 Graanuli suurus 5mm. T\u00e4iends\u00f6\u00f6t. Antud v\u00e4\u00e4rtuslik hobus\u00f6\u00f6dagraanul on v\u00e4etiste, pestitsiidide, geneetilise muundamise ning keemilise t\u00f6\u00f6tlemise vaba. 100% bioloogilised agrikultuurid!\u00a0 Koostis: nisu, oder, kaer, nisu semolina, mais, spelta, peedimelass, linaseemned, p\u00e4evalilleseemne helbed, kriit, monokaltsiumfosfaat,\u2026","rel":"","context":"Similar post","block_context":{"text":"Similar post","link":""},"img":{"alt_text":"","src":"https:\/\/i0.wp.com\/www.horsefood.ee\/wp-content\/uploads\/2019\/03\/Bioloogilised-graanulid.png?fit=365%2C500&ssl=1&resize=350%2C200","width":350,"height":200},"classes":[]},{"id":5970,"url":"https:\/\/www.horsefood.ee\/latvia\/pood\/merriebrok-beta\/","url_meta":{"origin":3504,"position":5},"title":"Merriebrok-Beta (t\u00f5uaretuse m\u00e4rad \/ t\u00e4kud \/ beetakaroteen) 20kg","author":"kadri koppel","date":"26. Aug 2018","format":false,"excerpt":"\u00a0 V\u00e4\u00e4rtuslik t\u00e4iends\u00f6\u00f6t sugum\u00e4radele, et toetada nende viljakust\u00a0ning loob maksimaalsed eeldused tervislikuks loote arenguks. \u00a0Sobivas omavahelise suhtes toitained: vitamiinid, mikroelemendid, aminohapped. Loote kaitse: sisaldab kaetud vormis beetakaroteeni ja foolhapet.\u00a0 E-vitamiini 400mg. Need graanulid sobivad ka s\u00f6\u00f6tmiseks t\u00e4kkudele! Koostis:\u00a0oder, nisupeenkliijahu, sojajahu, nisujahu, linnaseidud, linaseemned, premix, heinagraanulid, kriit, soja\u00f5li, peedimelass, monokaltsiumfosfaat, sool,\u2026","rel":"","context":"Similar post","block_context":{"text":"Similar post","link":""},"img":{"alt_text":"","src":"https:\/\/i0.wp.com\/horsefood.ee\/wp-content\/uploads\/2020\/02\/Kvaliteet-1024x576.png?resize=350%2C200","width":350,"height":200,"srcset":"https:\/\/i0.wp.com\/horsefood.ee\/wp-content\/uploads\/2020\/02\/Kvaliteet-1024x576.png?resize=350%2C200 1x, https:\/\/i0.wp.com\/horsefood.ee\/wp-content\/uploads\/2020\/02\/Kvaliteet-1024x576.png?resize=525%2C300 1.5x, https:\/\/i0.wp.com\/horsefood.ee\/wp-content\/uploads\/2020\/02\/Kvaliteet-1024x576.png?resize=700%2C400 2x"},"classes":[]}],"_links":{"self":[{"href":"https:\/\/www.horsefood.ee\/latvia\/wp-json\/wp\/v2\/product\/3504","targetHints":{"allow":["GET"]}}],"collection":[{"href":"https:\/\/www.horsefood.ee\/latvia\/wp-json\/wp\/v2\/product"}],"about":[{"href":"https:\/\/www.horsefood.ee\/latvia\/wp-json\/wp\/v2\/types\/product"}],"wp:featuredmedia":[{"embeddable":true,"href":"https:\/\/www.horsefood.ee\/latvia\/wp-json\/wp\/v2\/media\/4849"}],"wp:attachment":[{"href":"https:\/\/www.horsefood.ee\/latvia\/wp-json\/wp\/v2\/media?parent=3504"}],"wp:term":[{"taxonomy":"product_brand","embeddable":true,"href":"https:\/\/www.horsefood.ee\/latvia\/wp-json\/wp\/v2\/product_brand?post=3504"},{"taxonomy":"product_cat","embeddable":true,"href":"https:\/\/www.horsefood.ee\/latvia\/wp-json\/wp\/v2\/product_cat?post=3504"},{"taxonomy":"product_tag","embeddable":true,"href":"https:\/\/www.horsefood.ee\/latvia\/wp-json\/wp\/v2\/product_tag?post=3504"}],"curies":[{"name":"wp","href":"https:\/\/api.w.org\/{rel}","templated":true}]}}