{"id":3500,"date":"2017-04-14T21:35:32","date_gmt":"2017-04-14T18:35:32","guid":{"rendered":"http:\/\/hobukomm.ee\/?post_type=product&#038;p=3500"},"modified":"2026-04-30T15:09:52","modified_gmt":"2026-04-30T12:09:52","slug":"kuuslauguhelbed","status":"publish","type":"product","link":"https:\/\/www.horsefood.ee\/latvia\/pood\/kuuslauguhelbed\/","title":{"rendered":"K\u00fc\u00fcslauguhelbed (immuunsus \/ s\u00f6\u00f6giisu soodustav) 2000gr"},"content":{"rendered":"<p><strong>NB! Kasutatakse naturaalseid komponente ning sellest johtuvalt v\u00f5ivad osad m\u00e4rgitud v\u00e4\u00e4rtused m\u00f5ningal m\u00e4\u00e4ral k\u00f5ikuda!<\/strong><\/p>\n<hr \/>\n<p>&nbsp;<\/p>","protected":false},"excerpt":{"rendered":"<hr \/>\n<p>T\u00e4iends\u00f6\u00f6t. <em><strong>Horsefood`the best\u00a0<\/strong><\/em>k\u00fc\u00fcslauguhelbed on valmistatud Euroopa p\u00e4ritolu k\u00fc\u00fcslaugu mugulatest. Rikastatud <b>kaltsiumi, magneesiumi, seleeniga<\/b>. 100% k\u00fc\u00fcslauku!<\/p>\n<ul>\n<li>Antibakteriaalne toime: puhastab verd, ennetab seen- ja p\u00f5letikulisi protsesse kehas.<\/li>\n<li>Lima eritust soodustav toime.<\/li>\n<li>T\u00f5rjub putukaid.<\/li>\n<\/ul>\n<p>K\u00fc\u00fcslaugus on erinevaid v\u00e4\u00e4vli\u00fchendeid, mis annavad k\u00fc\u00fcslaugule tema iseloomuliku terava l\u00f5hna ja tugeva maitse. K\u00fc\u00fcslaugus leiame ka vitamiine B1, B6 ja C ning olulisi toitaineid nagu kaltsium, mangaan, fosfor, tr\u00fcptofaan ja vask.<br \/>\nV\u00e4\u00e4vli aktiivne toimeaine <strong>allitsiin<\/strong> on tuntud oma antibiootikumilaadsete omaduste poolest. Seda kemikaali toodetakse, kui k\u00fc\u00fcslauku kas<b> hakkida<\/b> v\u00f5i n\u00e4rida. Teistel t\u00f6\u00f6tlustel see v\u00e4\u00e4rtuslik \u00fchend kahjuks h\u00e4vineb!<\/p>\n<p>S\u00f6\u00f6tmissoovitused:<br \/>\n<b>V\u00e4ikesed hobused\/ponid<\/b>: 5-10gr\/p\u00e4evas<br \/>\n<b>Keskmised hobused:<\/b> 10-15gr\/p\u00e4evas<br \/>\n<b>Suured hobused:<\/b> 15-20gr\/p\u00e4evas.<\/p>\n<p>Kulp on 20gr<\/p>\n<p><strong>Pakend: 2kg &#8211; laokaup<\/strong>, 25kg- ettetellimisel<\/p>\n<p><a href=\"http:\/\/horsefood.ee\/wp-content\/uploads\/2017\/11\/K\u00fc\u00fcslauguliistakud.jpg\"><img loading=\"lazy\" decoding=\"async\" class=\"wp-image-4844 size-medium alignleft\" src=\"http:\/\/horsefood.ee\/wp-content\/uploads\/2017\/11\/K\u00fc\u00fcslauguliistakud-200x300.jpg\" alt=\"\" width=\"200\" height=\"300\" srcset=\"https:\/\/i0.wp.com\/www.horsefood.ee\/wp-content\/uploads\/2017\/11\/K%C3%BC%C3%BCslauguliistakud.jpg?resize=200%2C300&amp;ssl=1 200w, https:\/\/i0.wp.com\/www.horsefood.ee\/wp-content\/uploads\/2017\/11\/K%C3%BC%C3%BCslauguliistakud.jpg?resize=768%2C1151&amp;ssl=1 768w, https:\/\/i0.wp.com\/www.horsefood.ee\/wp-content\/uploads\/2017\/11\/K%C3%BC%C3%BCslauguliistakud.jpg?resize=684%2C1024&amp;ssl=1 684w, https:\/\/i0.wp.com\/www.horsefood.ee\/wp-content\/uploads\/2017\/11\/K%C3%BC%C3%BCslauguliistakud.jpg?resize=120%2C180&amp;ssl=1 120w, https:\/\/i0.wp.com\/www.horsefood.ee\/wp-content\/uploads\/2017\/11\/K%C3%BC%C3%BCslauguliistakud.jpg?resize=400%2C600&amp;ssl=1 400w, https:\/\/i0.wp.com\/www.horsefood.ee\/wp-content\/uploads\/2017\/11\/K%C3%BC%C3%BCslauguliistakud.jpg?w=1367&amp;ssl=1 1367w\" sizes=\"auto, (max-width: 200px) 100vw, 200px\" \/><\/a><\/p>","protected":false},"featured_media":4844,"template":"","meta":{"jetpack_post_was_ever_published":false,"jetpack_publicize_message":"","jetpack_publicize_feature_enabled":true,"jetpack_social_post_already_shared":false,"jetpack_social_options":{"image_generator_settings":{"template":"highway","default_image_id":0,"font":"","enabled":false},"version":2}},"product_brand":[],"product_cat":[56,40],"product_tag":[76,74],"class_list":{"0":"post-3500","1":"product","2":"type-product","3":"status-publish","4":"has-post-thumbnail","6":"product_cat-horsefoodthebest","7":"product_cat-lisandid","8":"product_tag-heaolu-ja-tervis","9":"product_tag-hingamisprobleemid","11":"first","12":"instock","13":"shipping-taxable","14":"purchasable","15":"product-type-simple"},"jetpack_publicize_connections":[],"jetpack_sharing_enabled":true,"jetpack-related-posts":[{"id":12963,"url":"https:\/\/www.horsefood.ee\/latvia\/pood\/hydra-fix-horse-lipstick\/","url_meta":{"origin":3500,"position":0},"title":"HYDRA-FIX HORSE LIPSTICK (Huulepulk hobusele) 100ml","author":"Kaido Koppel","date":"11. Mai 2021","format":false,"excerpt":"Hydra-Fix Horse huulepulk: kaitseb suud ja huuli kuivade, l\u00f5henenud ja\/v\u00f5i karedate suunurkade vastu, kaitseb ja aitab ninal taastuda tugevate p\u00e4ikesep\u00f5letuste korral, v\u00e4hendab naha punetust \u00fchtlaselt pika aja v\u00e4ltel. Hobuse suu, huuled ja nina puutuvad pidevalt kokku erinevate stressifaktoritega nagu valjad ja suulised aga ka keskkonnateguritega nagu tugev p\u00e4ike, temperatuurik\u00f5ikumised ja\u2026","rel":"","context":"Similar post","block_context":{"text":"Similar post","link":""},"img":{"alt_text":"","src":"https:\/\/i0.wp.com\/www.horsefood.ee\/wp-content\/uploads\/2021\/05\/lipstick-1200.jpg?fit=1200%2C1200&ssl=1&resize=350%2C200","width":350,"height":200,"srcset":"https:\/\/i0.wp.com\/www.horsefood.ee\/wp-content\/uploads\/2021\/05\/lipstick-1200.jpg?fit=1200%2C1200&ssl=1&resize=350%2C200 1x, https:\/\/i0.wp.com\/www.horsefood.ee\/wp-content\/uploads\/2021\/05\/lipstick-1200.jpg?fit=1200%2C1200&ssl=1&resize=525%2C300 1.5x, https:\/\/i0.wp.com\/www.horsefood.ee\/wp-content\/uploads\/2021\/05\/lipstick-1200.jpg?fit=1200%2C1200&ssl=1&resize=700%2C400 2x, https:\/\/i0.wp.com\/www.horsefood.ee\/wp-content\/uploads\/2021\/05\/lipstick-1200.jpg?fit=1200%2C1200&ssl=1&resize=1050%2C600 3x"},"classes":[]},{"id":8688,"url":"https:\/\/www.horsefood.ee\/latvia\/pood\/graanvrij-mix-teraviljavaba-muslisegu-melassivaba-madal-suhkur-tarklis-20kg\/","url_meta":{"origin":3500,"position":1},"title":"Graanvrij-Mix (teravilja- ja melassivaba \/ madal suhkur-t\u00e4rklis \/ probiootikum \/ kerge-keskmine t\u00f6\u00f6) 20kg","author":"kadri koppel","date":"29. Jan 2020","format":false,"excerpt":"L\u00e4bim\u00f5eldud teravilja- ja melassivaba t\u00e4iends\u00f6\u00f6t hobustele, kelle t\u00f6\u00f6koormus on kerge kuni keskmine ning kelle puhul on oluline seedes\u00fcsteemi tasakaal ja kontrollitud energiatase. Grainfree-Mix on t\u00e4iss\u00f6\u00f6t hobustele, kellel ei sobi teraviljarikkad s\u00f6\u00f6dad ning kelle ratsioon peab olema madala suhkru- ja t\u00e4rklisesisaldusega. Sobib h\u00e4sti igap\u00e4evaseks s\u00f6\u00f6tmiseks hobustele, kelle energiavajadus ei ole k\u00f5rge,\u2026","rel":"","context":"Similar post","block_context":{"text":"Similar post","link":""},"img":{"alt_text":"","src":"https:\/\/i0.wp.com\/www.horsefood.ee\/wp-content\/uploads\/2019\/03\/26.-Teraviljavaba-poster.png?fit=365%2C500&ssl=1&resize=350%2C200","width":350,"height":200},"classes":[]},{"id":12840,"url":"https:\/\/www.horsefood.ee\/latvia\/pood\/relax-easy\/","url_meta":{"origin":3500,"position":2},"title":"RELAX &#038; EASY (N\u00e4rvilisus) 500gr","author":"Kaido Koppel","date":"24. Apr 2021","format":false,"excerpt":"Rahustava ja l\u00f5\u00f5gastava toimega dieettoit n\u00e4rvilistele ja kergesti ehmuvatele hobustele \u00e4revates olukordades! RELAX & EASY aidab toetada n\u00e4rvilisi ning kergesti ehmuvaid hobuseid. Loodud hobustele, kelledele p\u00f5hjustavad stressi treeningud, transport, n\u00e4itused ja v\u00f5istlused jm\u2026 RELAX & EASY v\u00e4hendab stressi ning selle negatiivseid tagaj\u00e4rgi hobuse kehale, kuid ei muuda hobust tuimaks ja\u2026","rel":"","context":"Similar post","block_context":{"text":"Similar post","link":""},"img":{"alt_text":"","src":"https:\/\/i0.wp.com\/www.horsefood.ee\/wp-content\/uploads\/2021\/04\/Relax-Easy-0.jpg?fit=1137%2C1200&ssl=1&resize=350%2C200","width":350,"height":200,"srcset":"https:\/\/i0.wp.com\/www.horsefood.ee\/wp-content\/uploads\/2021\/04\/Relax-Easy-0.jpg?fit=1137%2C1200&ssl=1&resize=350%2C200 1x, https:\/\/i0.wp.com\/www.horsefood.ee\/wp-content\/uploads\/2021\/04\/Relax-Easy-0.jpg?fit=1137%2C1200&ssl=1&resize=525%2C300 1.5x, https:\/\/i0.wp.com\/www.horsefood.ee\/wp-content\/uploads\/2021\/04\/Relax-Easy-0.jpg?fit=1137%2C1200&ssl=1&resize=700%2C400 2x, https:\/\/i0.wp.com\/www.horsefood.ee\/wp-content\/uploads\/2021\/04\/Relax-Easy-0.jpg?fit=1137%2C1200&ssl=1&resize=1050%2C600 3x"},"classes":[]},{"id":12959,"url":"https:\/\/www.horsefood.ee\/latvia\/pood\/hoof-resilience-shine\/","url_meta":{"origin":3500,"position":3},"title":"HOOF RESILIENCE &#038; SHINE (Kabjasalv) 850ml","author":"Kaido Koppel","date":"11. Mai 2021","format":false,"excerpt":"Kabja vastupidavus ja s\u00e4ra! Traditsiooniliselt toodetud kabjam\u00e4\u00e4re.\u00a0 Hoolikalt valitud \u00f5lide segu, mida saab kasutada pragunenud, tundlike ja\/v\u00f5i habraste kapjade jaoks. See parandab kabja kvaliteeti, soodustab kabja kasvu ning tagab optimaalse niiskustasakaalu. Spetsiifiliste eeterlike \u00f5lide olemasolu tagab vastupidavuse ning laseb hobuse kapjadel s\u00e4rada.\u00a0 \u00d5li on oluline m\u00e4\u00e4rida harjaga mitu korda n\u00e4dalas\u2026","rel":"","context":"Similar post","block_context":{"text":"Similar post","link":""},"img":{"alt_text":"","src":"https:\/\/i0.wp.com\/www.horsefood.ee\/wp-content\/uploads\/2021\/05\/Hoof-resilience-black-750ml-sh.jpg?fit=1200%2C1200&ssl=1&resize=350%2C200","width":350,"height":200,"srcset":"https:\/\/i0.wp.com\/www.horsefood.ee\/wp-content\/uploads\/2021\/05\/Hoof-resilience-black-750ml-sh.jpg?fit=1200%2C1200&ssl=1&resize=350%2C200 1x, https:\/\/i0.wp.com\/www.horsefood.ee\/wp-content\/uploads\/2021\/05\/Hoof-resilience-black-750ml-sh.jpg?fit=1200%2C1200&ssl=1&resize=525%2C300 1.5x, https:\/\/i0.wp.com\/www.horsefood.ee\/wp-content\/uploads\/2021\/05\/Hoof-resilience-black-750ml-sh.jpg?fit=1200%2C1200&ssl=1&resize=700%2C400 2x, https:\/\/i0.wp.com\/www.horsefood.ee\/wp-content\/uploads\/2021\/05\/Hoof-resilience-black-750ml-sh.jpg?fit=1200%2C1200&ssl=1&resize=1050%2C600 3x"},"classes":[]},{"id":4127,"url":"https:\/\/www.horsefood.ee\/latvia\/pood\/zeewier-mix-valik-mineraale-ca-biotiin-se-na-2kg\/","url_meta":{"origin":3500,"position":4},"title":"Zeewierbrokjes \/merevetikad (valik mineraale: Ca, biotiin, Se, Na) 2kg","author":"kadri koppel","date":"18. Aug 2017","format":false,"excerpt":"S\u00f6\u00f6dalisand. Valik mineraale. Merevetikad.\u00a0Puhas, naturaalne toode. vitamiinid: A, B1, B2, B3, B12, D-vitamiin ja E-vitamiin, mineraalained: Ca, biotiin, Se, Na. Horsefood`The best\u00a0merevetikad on turvaline valik ja uus t\u00e4iendus hobuste toidulauale. Kui j\u00e4lgid soovituslikke p\u00e4evaannuseid, siis on tegemist turvalise ja suurep\u00e4rase tootega,\u00a0 kuna merevetikates on looduslik valik erinevaid vitamiine, mineraale, mikroelemente\u2026","rel":"","context":"Similar post","block_context":{"text":"Similar post","link":""},"img":{"alt_text":"","src":"https:\/\/i0.wp.com\/www.horsefood.ee\/wp-content\/uploads\/2017\/11\/Merevetikad.jpg?fit=801%2C1200&ssl=1&resize=350%2C200","width":350,"height":200,"srcset":"https:\/\/i0.wp.com\/www.horsefood.ee\/wp-content\/uploads\/2017\/11\/Merevetikad.jpg?fit=801%2C1200&ssl=1&resize=350%2C200 1x, https:\/\/i0.wp.com\/www.horsefood.ee\/wp-content\/uploads\/2017\/11\/Merevetikad.jpg?fit=801%2C1200&ssl=1&resize=525%2C300 1.5x, https:\/\/i0.wp.com\/www.horsefood.ee\/wp-content\/uploads\/2017\/11\/Merevetikad.jpg?fit=801%2C1200&ssl=1&resize=700%2C400 2x"},"classes":[]},{"id":5956,"url":"https:\/\/www.horsefood.ee\/latvia\/pood\/sport-recovery-sooritusvoime-taastumine-10kg\/","url_meta":{"origin":3500,"position":5},"title":"Sport Recovery (sooritusv\u00f5ime \/ taastumine) HF \u00e4mbris 10kg","author":"kadri koppel","date":"25. Aug 2018","format":false,"excerpt":"Maksimaalse v\u00f5imekusega lihased ja kiire taastumine pingutusest. Iga p\u00e4ev! T\u00e4iends\u00f6\u00f6t.\u00a0Sport Recovery+\u00a0granuleeritud lisandit kasutatakse \u00fche komponendina ka\u00a0Horsefood`the best\u00a0s\u00f6\u00f6das, Refit Energybrok. Siiski, k\u00f5ik hobused ei vaja s\u00f6\u00f6dast saadavat energiatihedust\/toitev\u00e4\u00e4rtust, kuid ometi vajavad ka nemad maksimaalse v\u00f5imekusega lihaseid ja tuge pingutusest taastumiseks. Teatud isendid v\u00f5ivad vajada lisatuge, kas siis\u00a0vigastusest taastumise j\u00e4rgselt\u00a0v\u00f5i tippsoorituse juures\u2026","rel":"","context":"Similar post","block_context":{"text":"Similar post","link":""},"img":{"alt_text":"","src":"https:\/\/i0.wp.com\/www.horsefood.ee\/wp-content\/uploads\/2018\/08\/Sport-recovery.jpg?fit=500%2C667&ssl=1&resize=350%2C200","width":350,"height":200},"classes":[]}],"_links":{"self":[{"href":"https:\/\/www.horsefood.ee\/latvia\/wp-json\/wp\/v2\/product\/3500","targetHints":{"allow":["GET"]}}],"collection":[{"href":"https:\/\/www.horsefood.ee\/latvia\/wp-json\/wp\/v2\/product"}],"about":[{"href":"https:\/\/www.horsefood.ee\/latvia\/wp-json\/wp\/v2\/types\/product"}],"wp:featuredmedia":[{"embeddable":true,"href":"https:\/\/www.horsefood.ee\/latvia\/wp-json\/wp\/v2\/media\/4844"}],"wp:attachment":[{"href":"https:\/\/www.horsefood.ee\/latvia\/wp-json\/wp\/v2\/media?parent=3500"}],"wp:term":[{"taxonomy":"product_brand","embeddable":true,"href":"https:\/\/www.horsefood.ee\/latvia\/wp-json\/wp\/v2\/product_brand?post=3500"},{"taxonomy":"product_cat","embeddable":true,"href":"https:\/\/www.horsefood.ee\/latvia\/wp-json\/wp\/v2\/product_cat?post=3500"},{"taxonomy":"product_tag","embeddable":true,"href":"https:\/\/www.horsefood.ee\/latvia\/wp-json\/wp\/v2\/product_tag?post=3500"}],"curies":[{"name":"wp","href":"https:\/\/api.w.org\/{rel}","templated":true}]}}