{"id":3490,"date":"2017-04-14T21:14:15","date_gmt":"2017-04-14T18:14:15","guid":{"rendered":"http:\/\/hobukomm.ee\/?post_type=product&#038;p=3490"},"modified":"2026-04-30T17:18:48","modified_gmt":"2026-04-30T14:18:48","slug":"kruidenstruktuurmix","status":"publish","type":"product","link":"https:\/\/www.horsefood.ee\/latvia\/pood\/kruidenstruktuurmix\/","title":{"rendered":"Kruidenstruktuurmix (kaeravaba \/ tervisem\u00fcsli \/ hingamine \/ sport) 20kg"},"content":{"rendered":"<ul>\n<li><strong>J\u00e4rgnevas tabelis on esitatud toitumuslikud n\u00e4itajad.<\/strong><\/li>\n<li><strong>Tabelis olevad v\u00e4\u00e4rtused vastavad toote kilogrammi kohta.<\/strong><\/li>\n<li><strong>Kuna kasutatakse looduslikku toorainet, v\u00f5ivad allpool loetletud v\u00e4\u00e4rtused m\u00f5ningal m\u00e4\u00e4ral varieeruda.<\/strong><\/li>\n<li><strong>Hobusele olulisemad mikroelemendid on lisatud kelaadivormis e orgaanilisel kujul.\u00a0<\/strong><\/li>\n<\/ul>\n<hr \/>\n<p>Energia 13.9 MJ<br \/>\nEWPa 0.95<br \/>\nSeeditav valk (VREp) 9.3 %<br \/>\nToorproteiin 11.5 %<br \/>\nToorrasv 5.5 %<br \/>\nToorkiud 12.1 %<br \/>\nToortuhk 6.3 %<br \/>\nSuhkur 3.4 %<br \/>\nT\u00e4rklis 28.2 %<\/p>\n<p>Mineraalid ja mikroelemendid (kg kohta):<\/p>\n<p>Kaltsium 9.7 g<br \/>\nFosfor 4.6 g<br \/>\nNaatrium 2.5 g<br \/>\nKaalium 8.9 g<br \/>\nMagneesium 2.7 g<br \/>\nVask 24 mg<br \/>\nRaud 34 mg<br \/>\nTsink 100 mg<br \/>\nMangaan 47 mg<br \/>\nSeleen 0.16 mg<br \/>\nJood 1.20 mg<\/p>\n<p><strong>Lisandid\/kg:<\/strong><\/p>\n<p class=\"p1\">A-vitamiin 3a672a 16200 IE<br \/>\nD3-vitamiin 3a671 1485 IE<br \/>\nE-vitamiin 3a700 253 mg<br \/>\nRaud(II)sulfaat monoh\u00fcdraat 3b103 23 mg<br \/>\nKoobaltkabonaat (kattega) 3b304 0.4 mg<br \/>\nMangaanoksiid 3b502 47 mg<br \/>\nSeleenip\u00e4rm 3b811 0.16 mg<br \/>\nVaskkelaat (gl\u00fctsiin) 3b413 12 mg<br \/>\nTsinksulfaat monoh\u00fcdraat 3b605 35 mg<br \/>\nTsinkkelaat (gl\u00fctsiin) 3b607 63 mg<br \/>\nNaatriumseleniit 3b801 0.19 mg<br \/>\nKaltsiumjodaat (veevaba) 3b202 1.2 mg<br \/>\nVasksulfaat pentah\u00fcdraat 3b405 12 mg<\/p>\n<p>erinevaid \u00fcrdid<\/p>\n<p><a href=\"https:\/\/i0.wp.com\/horsefood.ee\/wp-content\/uploads\/2020\/02\/Kvaliteet.png\"><img data-recalc-dims=\"1\" loading=\"lazy\" decoding=\"async\" data-attachment-id=\"9847\" data-permalink=\"https:\/\/www.horsefood.ee\/latvia\/hinnakiri\/kvaliteet\/#main\" data-orig-file=\"https:\/\/i0.wp.com\/www.horsefood.ee\/wp-content\/uploads\/2020\/02\/Kvaliteet.png?fit=1920%2C1080&amp;ssl=1\" data-orig-size=\"1920,1080\" data-comments-opened=\"0\" data-image-meta=\"{&quot;aperture&quot;:&quot;0&quot;,&quot;credit&quot;:&quot;&quot;,&quot;camera&quot;:&quot;&quot;,&quot;caption&quot;:&quot;&quot;,&quot;created_timestamp&quot;:&quot;0&quot;,&quot;copyright&quot;:&quot;&quot;,&quot;focal_length&quot;:&quot;0&quot;,&quot;iso&quot;:&quot;0&quot;,&quot;shutter_speed&quot;:&quot;0&quot;,&quot;title&quot;:&quot;&quot;,&quot;orientation&quot;:&quot;0&quot;}\" data-image-title=\"\" data-image-description=\"\" data-image-caption=\"\" data-large-file=\"https:\/\/i0.wp.com\/www.horsefood.ee\/wp-content\/uploads\/2020\/02\/Kvaliteet.png?fit=1020%2C574&amp;ssl=1\" class=\"alignleft wp-image-9847 size-large\" src=\"https:\/\/i0.wp.com\/horsefood.ee\/wp-content\/uploads\/2020\/02\/Kvaliteet-1024x576.png?resize=980%2C551\" alt=\"\" width=\"980\" height=\"551\" srcset=\"https:\/\/i0.wp.com\/www.horsefood.ee\/wp-content\/uploads\/2020\/02\/Kvaliteet.png?resize=1024%2C576&amp;ssl=1 1024w, https:\/\/i0.wp.com\/www.horsefood.ee\/wp-content\/uploads\/2020\/02\/Kvaliteet.png?resize=300%2C169&amp;ssl=1 300w, https:\/\/i0.wp.com\/www.horsefood.ee\/wp-content\/uploads\/2020\/02\/Kvaliteet.png?resize=768%2C432&amp;ssl=1 768w, https:\/\/i0.wp.com\/www.horsefood.ee\/wp-content\/uploads\/2020\/02\/Kvaliteet.png?resize=1536%2C864&amp;ssl=1 1536w, https:\/\/i0.wp.com\/www.horsefood.ee\/wp-content\/uploads\/2020\/02\/Kvaliteet.png?resize=416%2C234&amp;ssl=1 416w, https:\/\/i0.wp.com\/www.horsefood.ee\/wp-content\/uploads\/2020\/02\/Kvaliteet.png?w=1920&amp;ssl=1 1920w\" sizes=\"auto, (max-width: 980px) 100vw, 980px\" \/><\/a><\/p>","protected":false},"excerpt":{"rendered":"<p>T\u00e4iends\u00f6\u00f6t.<b> Kaeravaba,<\/b> \u00e4\u00e4rmiselt\u00a0kergelt seeduv<b> taimem\u00fcsli, <\/b>mis sobib s\u00f6\u00f6tmiseks k\u00f5ikidele hobustele\/ponidele. See v\u00e4\u00e4rtuslik segu toetab viljakust, kasvu, arengut, sooritusv\u00f5imet ja tervist!<\/p>\n<p><b>Madala suhkrusisaldusega.\u00a0<\/b>Tervislik segu, mis sisaldab kergelt seeduvaid eelt\u00f6\u00f6deldud teraviljahelbeid, kuivatatud porgandeid, hernehelbeid ning kliisid. V\u00e4rsked lutsernivarred pakuvad piisavalt kiudu ning m\u00fcslisegust saab t\u00e4nu lisatud maitse\u00fcrtidele abi ka kergemate hingamisteede probleemide puhul. Raskematel juhtudel soovitatakse mixile lisada <strong>Bronchoplus Siroop\u00a0<\/strong>vedelat s\u00f6\u00f6dalisandit).<\/p>\n<p>Sisaldab v\u00e4\u00e4rtuslikke linaseemneid, mis soodustavad seedimist ning <b>Omega-3\/Omega-6<\/b> asendamatuid rasvhappeid, mis toetavad keha kaitsev\u00f5imet! See m\u00fcsli sisaldab sigurijuurt, inuliini(prebiootikum) ja v\u00f5imsaid \u00fcrte.<\/p>\n<p>Sisaldab k\u00f5ike n\u00f5utud vitamiine ja mineraale, mida hobune vajab iga p\u00e4ev! <b>V\u00c4\u00c4RTUSLIK M\u00dcSLISEGU, MIS\u00a0 SOBIB S\u00d6\u00d6TMISEKS IGALE HOBUSELE\/-PONILE!<\/b><\/p>\n<p><i>Hobuse poolt seeditav energia 13,9MJ\/kg<br \/>\nHobuse poolt seeditav toores valk 9,3%<\/i><\/p>\n<p><strong>Koostis:\u00a0<\/strong>odrahelbed, maisihelbed, kaerakliid, p\u00e4evalilleseemnejahu, lutsern, hernehelbed, linaseemned, peedimelass, nisupeenkliijahu, linaseemne\u00f5li, maisihelbed, kaltsiumkarbonaat, sigurijuur(prebiootikum), oder, naatriumkloriid, monokaltsiumfosfaat, magneesiumoksiid.<\/p>\n<p>S\u00d6\u00d6TMISSOOVITUSED 100kg\/kehakaalu kohta:<br \/>\n<b>\u00dclalpidamine<\/b> &#8211; 0,3-0,4kg<br \/>\n<b>Kerge t\u00f6\u00f6<\/b> &#8211; 0,4-0,5kg<br \/>\n<b>Keskmine koormus<\/b> &#8211; 0,5-0,6kg<br \/>\n<b>K\u00f5rgeim koormus<\/b> &#8211; 0,6-0,7kg<\/p>","protected":false},"featured_media":5602,"template":"","meta":{"jetpack_post_was_ever_published":false,"jetpack_publicize_message":"","jetpack_publicize_feature_enabled":true,"jetpack_social_post_already_shared":false,"jetpack_social_options":{"image_generator_settings":{"template":"highway","default_image_id":0,"font":"","enabled":false},"version":2}},"product_brand":[],"product_cat":[56,39],"product_tag":[77,74,67,65],"class_list":{"0":"post-3490","1":"product","2":"type-product","3":"status-publish","4":"has-post-thumbnail","6":"product_cat-horsefoodthebest","7":"product_cat-muslid","8":"product_tag-harrastus","9":"product_tag-hingamisprobleemid","10":"product_tag-keskmine-koormus","11":"product_tag-tippsooritus","13":"first","14":"instock","15":"shipping-taxable","16":"purchasable","17":"product-type-simple"},"jetpack_publicize_connections":[],"jetpack_sharing_enabled":true,"jetpack-related-posts":[{"id":7118,"url":"https:\/\/www.horsefood.ee\/latvia\/pood\/eko-kvaliteedimargiga-graanulid-25kg\/","url_meta":{"origin":3490,"position":0},"title":"Mahem\u00e4rgisega \u00f6koloogilised s\u00f6\u00f6dagraanulid (k\u00f5ik hobuspordi distsipliinid) 20kg. (Ettetellimisel)","author":"kadri koppel","date":"13. Mar 2019","format":false,"excerpt":"EKO\u00a0(haldaja Skal \u2013 mittetulunduslik orgaanilise toodangu inspektsioon) on Hollandi mahem\u00e4rgis. Vastab Euroopa \u00dchenduse mahem\u00e4rgise kriteeriumitele EU 834\/2007.\u00a0 Graanuli suurus 5mm. T\u00e4iends\u00f6\u00f6t. Antud v\u00e4\u00e4rtuslik hobus\u00f6\u00f6dagraanul on v\u00e4etiste, pestitsiidide, geneetilise muundamise ning keemilise t\u00f6\u00f6tlemise vaba. 100% bioloogilised agrikultuurid!\u00a0 Koostis: nisu, oder, kaer, nisu semolina, mais, spelta, peedimelass, linaseemned, p\u00e4evalilleseemne helbed, kriit, monokaltsiumfosfaat,\u2026","rel":"","context":"Similar post","block_context":{"text":"Similar post","link":""},"img":{"alt_text":"","src":"https:\/\/i0.wp.com\/www.horsefood.ee\/wp-content\/uploads\/2019\/03\/Bioloogilised-graanulid.png?fit=365%2C500&ssl=1&resize=350%2C200","width":350,"height":200},"classes":[]},{"id":3496,"url":"https:\/\/www.horsefood.ee\/latvia\/pood\/happy-summer-mix\/","url_meta":{"origin":3490,"position":1},"title":"Happy-Summer Mix (kaeravaba \/ ainevahetushaigused) 20kg","author":"Georg Koppel","date":"14. Apr 2017","format":false,"excerpt":"T\u00e4iends\u00f6\u00f6t. Kaeravaba, 7-t funktsionaalset maitsetaime (ginko, n\u00f5ges, pune, k\u00fc\u00fcslauk, majoraan, t\u00fc\u00fcmian, basiilik) sisalduv kvaliteetm\u00fcslisegu on spetsiaalselt v\u00e4ljat\u00f6\u00f6tatud \u00fclitundlikele hobustele (kaasaarvatud suveekseem, laminiit, EMS, Cushings, rasumine ja insuliinresistentsus). Madal suhkru- ja t\u00e4rklisesisaldus. Kergelt seeduv. Rohkelt head linaseemne\u00f5li.\u00a0Lisatud on diatomiitmuld ning p\u00e4rmikultuure. T\u00e4isvitaminiseeritud. K\u00f5ike mikroelemente, eelk\u00f5ige: tsinki, vaske ning seleeni on piisavalt.\u2026","rel":"","context":"Similar post","block_context":{"text":"Similar post","link":""},"img":{"alt_text":"","src":"https:\/\/i0.wp.com\/www.horsefood.ee\/wp-content\/uploads\/2020\/02\/Kvaliteet-1024x576.png?resize=350%2C200&ssl=1","width":350,"height":200,"srcset":"https:\/\/i0.wp.com\/www.horsefood.ee\/wp-content\/uploads\/2020\/02\/Kvaliteet-1024x576.png?resize=350%2C200&ssl=1 1x, https:\/\/i0.wp.com\/www.horsefood.ee\/wp-content\/uploads\/2020\/02\/Kvaliteet-1024x576.png?resize=525%2C300&ssl=1 1.5x, https:\/\/i0.wp.com\/www.horsefood.ee\/wp-content\/uploads\/2020\/02\/Kvaliteet-1024x576.png?resize=700%2C400&ssl=1 2x"},"classes":[]},{"id":5993,"url":"https:\/\/www.horsefood.ee\/latvia\/pood\/speed-mix-plahvatuslik-energia-tippsport-pre-ja-probiootikumid-20kg\/","url_meta":{"origin":3490,"position":2},"title":"Speed-Mix (must kaer \/pre- ja probiootikumid \/ plahvatuslik energia) 20kg","author":"kadri koppel","date":"27. Aug 2018","format":false,"excerpt":"\u00a0 ...Kiiresti, kiiremini, veel kiiremini! T\u00e4iends\u00f6\u00f6t. K\u00f5rgekvaliteediline maitsev mix, mis pakub plahvatuslikku energiat. Baas t\u00e4isteravilja, ohtralt j\u00e4mejahvatusega teravilja, nagu must kaer jm ning maisihelbed. Lisatud hernehelbed ja pre- ja probiootikumid.\u00a0Kohandatud t\u00e4rklise- ja suhkrusisaldusega. Sporthobustele, kes vajavad plahvatuslikku energiat. Tippsportivad isendid. Vitamiinide, mineraalide, toitainete sisaldus vastab rangemale saavutusspordi normidele! Mix sisaldab\u2026","rel":"","context":"Similar post","block_context":{"text":"Similar post","link":""},"img":{"alt_text":"","src":"https:\/\/i0.wp.com\/www.horsefood.ee\/wp-content\/uploads\/2018\/08\/Pilt.jpg?fit=383%2C575&ssl=1&resize=350%2C200","width":350,"height":200},"classes":[]},{"id":4300,"url":"https:\/\/www.horsefood.ee\/latvia\/pood\/grow-mix-20kg-varsadsaludmarad\/","url_meta":{"origin":3490,"position":3},"title":"Grow-Mix (varsad alates 3-elun\u00e4dalast \/ s\u00e4lud kuni 2,5eluaastat \/ m\u00e4rad) 20kg","author":"kadri koppel","date":"26. Sep 2017","format":false,"excerpt":"T\u00e4iends\u00f6\u00f6t. Spetsiaalne, \u00e4\u00e4rmiselt k\u00f5rgekvaliteediline m\u00fcslisegu tiinetele- ja lakteerivatele m\u00e4radele ning nende varssadele s\u00f6\u00f6tmiseks kuni 1,5 eluaasta-ni. Selles mixis sisalduv kogu teravili on j\u00e4mejahvatatud ja\/v\u00f5i paisutatud ja sisaldab k\u00f5iki vajalikke komponente, et loomalapsest kasvaks tulevikus elur\u00f5\u00f5mus ja terve hobune\/poni. *\u00a0Spetsiaalne\u00a0m\u00fcslisegu\u00a0m\u00e4radele\/varssadele\/s\u00e4lgudele. *\u00a0Sisaldab\u00a0pre-\u00a0ja\u00a0probiootikume. *\u00a0Lisatud\u00a0p\u00e4rmikultuure\u00a0seedimise\u00a0soodustamiseks,\u00a0s\u00f6\u00f6da\u00a0efektiivsuse\u00a0parendamiseks\u00a0ning\u00a0-edendamiseks. *\u00a0Lisatud foolhapet ja E-vitamiini 400mg. Hobuse poolt seeditav energia\u2026","rel":"","context":"Similar post","block_context":{"text":"Similar post","link":""},"img":{"alt_text":"","src":"https:\/\/i0.wp.com\/www.horsefood.ee\/wp-content\/uploads\/2017\/09\/Grow-Mix-1.jpg?fit=397%2C596&ssl=1&resize=350%2C200","width":350,"height":200},"classes":[]},{"id":5970,"url":"https:\/\/www.horsefood.ee\/latvia\/pood\/merriebrok-beta\/","url_meta":{"origin":3490,"position":4},"title":"Merriebrok-Beta (t\u00f5uaretuse m\u00e4rad \/ t\u00e4kud \/ beetakaroteen) 20kg","author":"kadri koppel","date":"26. Aug 2018","format":false,"excerpt":"\u00a0 V\u00e4\u00e4rtuslik t\u00e4iends\u00f6\u00f6t sugum\u00e4radele, et toetada nende viljakust\u00a0ning loob maksimaalsed eeldused tervislikuks loote arenguks. \u00a0Sobivas omavahelise suhtes toitained: vitamiinid, mikroelemendid, aminohapped. Loote kaitse: sisaldab kaetud vormis beetakaroteeni ja foolhapet.\u00a0 E-vitamiini 400mg. Need graanulid sobivad ka s\u00f6\u00f6tmiseks t\u00e4kkudele! Koostis:\u00a0oder, nisupeenkliijahu, sojajahu, nisujahu, linnaseidud, linaseemned, premix, heinagraanulid, kriit, soja\u00f5li, peedimelass, monokaltsiumfosfaat, sool,\u2026","rel":"","context":"Similar post","block_context":{"text":"Similar post","link":""},"img":{"alt_text":"","src":"https:\/\/i0.wp.com\/horsefood.ee\/wp-content\/uploads\/2020\/02\/Kvaliteet-1024x576.png?resize=350%2C200","width":350,"height":200,"srcset":"https:\/\/i0.wp.com\/horsefood.ee\/wp-content\/uploads\/2020\/02\/Kvaliteet-1024x576.png?resize=350%2C200 1x, https:\/\/i0.wp.com\/horsefood.ee\/wp-content\/uploads\/2020\/02\/Kvaliteet-1024x576.png?resize=525%2C300 1.5x, https:\/\/i0.wp.com\/horsefood.ee\/wp-content\/uploads\/2020\/02\/Kvaliteet-1024x576.png?resize=700%2C400 2x"},"classes":[]},{"id":3492,"url":"https:\/\/www.horsefood.ee\/latvia\/pood\/easy-mix\/","url_meta":{"origin":3490,"position":5},"title":"Easy-mix (kaeravaba \/ n\u00e4rvilisus \/ sport \/ keskmine koormus) 20kg","author":"Georg Koppel","date":"14. Apr 2017","format":false,"excerpt":"Kaeravaba m\u00fcsli hobustele L\u00e4bim\u00f5eldud kaeravaba lisands\u00f6\u00f6t hobustele, kelle puhul on oluline piisav energiavarustus ilma liigse erutuvuseta ning kes t\u00f6\u00f6tavad \u00fclalpidamisel kuni keskmise koormusega. See kaeravaba m\u00fcsli on loodud hobustele, kellele on vaja anda h\u00e4sti omastatavat energiat, hoides samal ajal temperamendi rahuliku ja kontrollituna. Sobib igap\u00e4evaseks kasutamiseks hobustele, kes teevad keskmist\u2026","rel":"","context":"Similar post","block_context":{"text":"Similar post","link":""},"img":{"alt_text":"","src":"https:\/\/i0.wp.com\/www.horsefood.ee\/wp-content\/uploads\/2017\/04\/Easy-Mix-1.jpg?fit=383%2C575&ssl=1&resize=350%2C200","width":350,"height":200},"classes":[]}],"_links":{"self":[{"href":"https:\/\/www.horsefood.ee\/latvia\/wp-json\/wp\/v2\/product\/3490","targetHints":{"allow":["GET"]}}],"collection":[{"href":"https:\/\/www.horsefood.ee\/latvia\/wp-json\/wp\/v2\/product"}],"about":[{"href":"https:\/\/www.horsefood.ee\/latvia\/wp-json\/wp\/v2\/types\/product"}],"wp:featuredmedia":[{"embeddable":true,"href":"https:\/\/www.horsefood.ee\/latvia\/wp-json\/wp\/v2\/media\/5602"}],"wp:attachment":[{"href":"https:\/\/www.horsefood.ee\/latvia\/wp-json\/wp\/v2\/media?parent=3490"}],"wp:term":[{"taxonomy":"product_brand","embeddable":true,"href":"https:\/\/www.horsefood.ee\/latvia\/wp-json\/wp\/v2\/product_brand?post=3490"},{"taxonomy":"product_cat","embeddable":true,"href":"https:\/\/www.horsefood.ee\/latvia\/wp-json\/wp\/v2\/product_cat?post=3490"},{"taxonomy":"product_tag","embeddable":true,"href":"https:\/\/www.horsefood.ee\/latvia\/wp-json\/wp\/v2\/product_tag?post=3490"}],"curies":[{"name":"wp","href":"https:\/\/api.w.org\/{rel}","templated":true}]}}