{"id":23133,"date":"2026-03-26T15:30:20","date_gmt":"2026-03-26T13:30:20","guid":{"rendered":"https:\/\/horsefood.ee\/?post_type=product&#038;p=23133"},"modified":"2026-03-28T11:59:54","modified_gmt":"2026-03-28T09:59:54","slug":"pure-sensitive-brok-ei-tee-kuumaks-seedimine-tundlikele-hobustele-20kg","status":"publish","type":"product","link":"https:\/\/www.horsefood.ee\/latvia\/pood\/pure-sensitive-brok-ei-tee-kuumaks-seedimine-tundlikele-hobustele-20kg\/","title":{"rendered":"Pure Sensitive brok ( seedimine \/ tundlikele hobustele) 20kg"},"content":{"rendered":"<h2><b>Anal\u00fc\u00fctiline koostis (kg kohta)<\/b><\/h2>\n<ul>\n<li>\n<p class=\"p1\">Energia: 11,5 MJ<\/p>\n<\/li>\n<li>\n<p class=\"p1\">EWPa: 0,81<\/p>\n<\/li>\n<li>\n<p class=\"p1\">VREp: 11,0%<\/p>\n<\/li>\n<li>\n<p class=\"p1\">Toorvalk: 14,5%<\/p>\n<\/li>\n<li>\n<p class=\"p1\">Toorrasv: 5,5%<\/p>\n<\/li>\n<li>\n<p class=\"p1\">Toorkiud: 18,2%<\/p>\n<\/li>\n<li>\n<p class=\"p1\">Toortuhk: 7,6%<\/p>\n<\/li>\n<li>\n<p class=\"p1\">Suhkur: 4,9%<\/p>\n<\/li>\n<li>\n<p class=\"p1\">T\u00e4rklis: 12,0%<\/p>\n<\/li>\n<\/ul>\n<h2><b>Mineraalid ja mikroelemendid (kg kohta)<\/b><\/h2>\n<ul>\n<li>\n<p class=\"p1\">Kaltsium: 0,8%<\/p>\n<\/li>\n<li>\n<p class=\"p1\">Fosfor: 0,5%<\/p>\n<\/li>\n<li>\n<p class=\"p1\">Naatrium: 0,3%<\/p>\n<\/li>\n<li>\n<p class=\"p1\">Kaalium: 1,3%<\/p>\n<\/li>\n<li>\n<p class=\"p1\">Magneesium: 0,4%<\/p>\n<\/li>\n<li>\n<p class=\"p1\">Vask (kelaat): 30 mg<\/p>\n<\/li>\n<li>\n<p class=\"p1\">Raud: 105 mg<\/p>\n<\/li>\n<li>\n<p class=\"p1\">Tsink: 93 mg<\/p>\n<\/li>\n<li>\n<p class=\"p1\">Mangaan: 35 mg<\/p>\n<\/li>\n<li>\n<p class=\"p1\">Seleen: 0,4 mg<\/p>\n<\/li>\n<li>\n<p class=\"p1\">Jood: 0,9 mg<\/p>\n<\/li>\n<\/ul>\n<h2><b>Vitamiinid (kg kohta)<\/b><\/h2>\n<ul>\n<li>\n<p class=\"p1\">A-vitamiin (3a672a): 21 550 R\u00dc<\/p>\n<\/li>\n<li>\n<p class=\"p1\">D3-vitamiin (3a671): 4 000 R\u00dc<\/p>\n<\/li>\n<li>\n<p class=\"p1\">E-vitamiin (3a700): 400 mg<\/p>\n<\/li>\n<li>\n<p class=\"p1\">B1-vitamiin (3a821): 2,3 mg<\/p>\n<\/li>\n<li>\n<p class=\"p1\">B2-vitamiin (3a825i): 6,3 mg<\/p>\n<\/li>\n<li>\n<p class=\"p1\">B6-vitamiin (3a831): 5,3 mg<\/p>\n<\/li>\n<li>\n<p class=\"p1\">B12-vitamiin (ts\u00fcanokobalamiin): 27 \u00b5g<\/p>\n<\/li>\n<li>\n<p class=\"p1\">D-biotiin (3a880): 206 \u00b5g<\/p>\n<\/li>\n<\/ul>\n<h2><b>Koostisosad<\/b><\/h2>\n<p class=\"p3\">Kaerakliid, herned, lupiin, peedimass, p\u00e4evalilleseemnejahu, speltakestad, soja (ekstrudeeritud), soja\u00f5li, rohu graanulid, linaseemned, melass, p\u00e4rm, sool, monokaltsiumfosfaat, L-tr\u00fcptofaan.<\/p>\n<h2><b>Soovituslik p\u00e4evane kogus (100 kg kehakaalu kohta)<\/b><\/h2>\n<ul>\n<li>\n<p class=\"p1\">Hooldus: 0,2\u20130,3 kg<\/p>\n<\/li>\n<li>\n<p class=\"p1\">Kerge t\u00f6\u00f6: 0,3\u20130,4 kg<\/p>\n<\/li>\n<li>\n<p class=\"p1\">Keskmine t\u00f6\u00f6: 0,4\u20130,7 kg<\/p>\n<\/li>\n<\/ul>\n<p>&nbsp;<\/p>","protected":false},"excerpt":{"rendered":"<p class=\"p1\"><b>Ei tee hobust kuumaks. Toetab seedimist ja hobuse vastupidavust.<\/b><\/p>\n<p class=\"p3\">Pure Sensitive graanulid on m\u00f5eldud hobustele, kes vajavad stabiilset energiat, head seedimist ja tugevat lihast\u00f6\u00f6d \u2013 ilma liigsete suhkrute ja \u00fcleliigse energiata.<\/p>\n<p class=\"p3\">Paljud s\u00f6\u00f6dad sisaldavad liiga palju suhkrut ja t\u00e4rklist, mis v\u00f5ib m\u00f5jutada hobuse enesetunnet, seedimist ja lihaste t\u00f6\u00f6d.<\/p>\n<p class=\"p3\">\ud83d\udc49 See graanul aitab seda tasakaalustada t\u00e4nu madalale suhkru- (4,9%) ja t\u00e4rklisesisaldusele (12%).<\/p>\n<h2><b>Miks valida Pure Sensitive?<\/b><\/h2>\n<ul>\n<li>\n<p class=\"p1\">Annab \u00fchtlase energia ega tee hobust kuumaks<\/p>\n<\/li>\n<li>\n<p class=\"p1\">Hoiab seedimise korras<\/p>\n<\/li>\n<li>\n<p class=\"p1\">V\u00e4hem piimhapet \u2013 parem vastupidavus ja kiirem taastumine<\/p>\n<\/li>\n<li>\n<p class=\"p1\">Sobib tundlikele hobustele<\/p>\n<\/li>\n<li>\n<p class=\"p1\">V\u00e4hese teraviljasisaldusega, kergesti seeditav<\/p>\n<\/li>\n<\/ul>\n<h2><b>Mis teeb selle s\u00f6\u00f6da eriliseks?<\/b><\/h2>\n<p class=\"p3\">Sisaldab pre-, pro- ja postbiootikume, mis toetavad soolestiku mikrofloorat ja aitavad toitaineid paremini omastada.\u00a0Lisaks toetavad olulised aminohapped ja kvaliteetsed \u00f5lid lihaste arengut ning aitavad hobusel paremini taastuda.<\/p>","protected":false},"featured_media":23148,"template":"","meta":{"jetpack_publicize_message":"","jetpack_publicize_feature_enabled":true,"jetpack_social_post_already_shared":true,"jetpack_social_options":{"image_generator_settings":{"template":"highway","default_image_id":0,"font":"","enabled":false},"version":2}},"product_brand":[],"product_cat":[37,56],"product_tag":[76,73,80],"class_list":{"0":"post-23133","1":"product","2":"type-product","3":"status-publish","4":"has-post-thumbnail","6":"product_cat-graanulid","7":"product_cat-horsefoodthebest","8":"product_tag-heaolu-ja-tervis","9":"product_tag-seedimisprobleemid","10":"product_tag-temperament-kontrolli-alla","12":"first","13":"instock","14":"shipping-taxable","15":"purchasable","16":"product-type-simple"},"yoast_head":"<!-- This site is optimized with the Yoast SEO plugin v27.6 - https:\/\/yoast.com\/product\/yoast-seo-wordpress\/ -->\n<title>Pure Sensitive brok ( seedimine \/ tundlikele hobustele) 20kg - HORSEFOOD Estonia<\/title>\n<meta name=\"robots\" content=\"index, follow, max-snippet:-1, max-image-preview:large, max-video-preview:-1\" \/>\n<link rel=\"canonical\" href=\"https:\/\/www.horsefood.ee\/latvia\/pood\/pure-sensitive-brok-ei-tee-kuumaks-seedimine-tundlikele-hobustele-20kg\/\" \/>\n<meta property=\"og:locale\" content=\"lv_LV\" \/>\n<meta property=\"og:type\" content=\"article\" \/>\n<meta property=\"og:title\" content=\"Pure Sensitive brok ( seedimine \/ tundlikele hobustele) 20kg - HORSEFOOD Estonia\" \/>\n<meta property=\"og:description\" content=\"Ei tee hobust kuumaks. Toetab seedimist ja hobuse vastupidavust. Pure Sensitive graanulid on m\u00f5eldud hobustele, kes vajavad stabiilset energiat, head seedimist ja tugevat lihast\u00f6\u00f6d \u2013 ilma liigsete suhkrute ja \u00fcleliigse energiata. Paljud s\u00f6\u00f6dad sisaldavad liiga palju suhkrut ja t\u00e4rklist, mis v\u00f5ib m\u00f5jutada hobuse enesetunnet, seedimist ja lihaste t\u00f6\u00f6d. \ud83d\udc49 See graanul aitab seda tasakaalustada t\u00e4nu madalale suhkru- (4,9%) ja t\u00e4rklisesisaldusele (12%).  Miks valida Pure Sensitive?    Annab \u00fchtlase energia ega tee hobust kuumaks    Hoiab seedimise korras    V\u00e4hem piimhapet \u2013 parem vastupidavus ja kiirem taastumine    Sobib tundlikele hobustele    V\u00e4hese teraviljasisaldusega, kergesti seeditav   Mis teeb selle s\u00f6\u00f6da eriliseks? Sisaldab pre-, pro- ja postbiootikume, mis toetavad soolestiku mikrofloorat ja aitavad toitaineid paremini omastada.\u00a0Lisaks toetavad olulised aminohapped ja kvaliteetsed \u00f5lid lihaste arengut ning aitavad hobusel paremini taastuda.\" \/>\n<meta property=\"og:url\" content=\"https:\/\/www.horsefood.ee\/latvia\/pood\/pure-sensitive-brok-ei-tee-kuumaks-seedimine-tundlikele-hobustele-20kg\/\" \/>\n<meta property=\"og:site_name\" content=\"HORSEFOOD Estonia\" \/>\n<meta property=\"article:modified_time\" content=\"2026-03-28T09:59:54+00:00\" \/>\n<meta property=\"og:image\" content=\"https:\/\/i0.wp.com\/www.horsefood.ee\/wp-content\/uploads\/2026\/03\/toode-1.png?fit=900%2C1600&ssl=1\" \/>\n\t<meta property=\"og:image:width\" content=\"900\" \/>\n\t<meta property=\"og:image:height\" content=\"1600\" \/>\n\t<meta property=\"og:image:type\" content=\"image\/png\" \/>\n<meta name=\"twitter:card\" content=\"summary_large_image\" \/>\n<meta name=\"twitter:label1\" content=\"Est. reading time\" \/>\n\t<meta name=\"twitter:data1\" content=\"1 min\u016bte\" \/>\n<script type=\"application\/ld+json\" class=\"yoast-schema-graph\">{\"@context\":\"https:\\\/\\\/schema.org\",\"@graph\":[{\"@type\":\"WebPage\",\"@id\":\"https:\\\/\\\/www.horsefood.ee\\\/latvia\\\/pood\\\/pure-sensitive-brok-ei-tee-kuumaks-seedimine-tundlikele-hobustele-20kg\\\/\",\"url\":\"https:\\\/\\\/www.horsefood.ee\\\/latvia\\\/pood\\\/pure-sensitive-brok-ei-tee-kuumaks-seedimine-tundlikele-hobustele-20kg\\\/\",\"name\":\"Pure Sensitive brok ( seedimine \\\/ tundlikele hobustele) 20kg - HORSEFOOD Estonia\",\"isPartOf\":{\"@id\":\"https:\\\/\\\/www.horsefood.ee\\\/latvia\\\/#website\"},\"primaryImageOfPage\":{\"@id\":\"https:\\\/\\\/www.horsefood.ee\\\/latvia\\\/pood\\\/pure-sensitive-brok-ei-tee-kuumaks-seedimine-tundlikele-hobustele-20kg\\\/#primaryimage\"},\"image\":{\"@id\":\"https:\\\/\\\/www.horsefood.ee\\\/latvia\\\/pood\\\/pure-sensitive-brok-ei-tee-kuumaks-seedimine-tundlikele-hobustele-20kg\\\/#primaryimage\"},\"thumbnailUrl\":\"https:\\\/\\\/i0.wp.com\\\/www.horsefood.ee\\\/wp-content\\\/uploads\\\/2026\\\/03\\\/toode-1.png?fit=900%2C1600&ssl=1\",\"datePublished\":\"2026-03-26T13:30:20+00:00\",\"dateModified\":\"2026-03-28T09:59:54+00:00\",\"breadcrumb\":{\"@id\":\"https:\\\/\\\/www.horsefood.ee\\\/latvia\\\/pood\\\/pure-sensitive-brok-ei-tee-kuumaks-seedimine-tundlikele-hobustele-20kg\\\/#breadcrumb\"},\"inLanguage\":\"lv-LV\",\"potentialAction\":[{\"@type\":\"ReadAction\",\"target\":[\"https:\\\/\\\/www.horsefood.ee\\\/latvia\\\/pood\\\/pure-sensitive-brok-ei-tee-kuumaks-seedimine-tundlikele-hobustele-20kg\\\/\"]}]},{\"@type\":\"ImageObject\",\"inLanguage\":\"lv-LV\",\"@id\":\"https:\\\/\\\/www.horsefood.ee\\\/latvia\\\/pood\\\/pure-sensitive-brok-ei-tee-kuumaks-seedimine-tundlikele-hobustele-20kg\\\/#primaryimage\",\"url\":\"https:\\\/\\\/i0.wp.com\\\/www.horsefood.ee\\\/wp-content\\\/uploads\\\/2026\\\/03\\\/toode-1.png?fit=900%2C1600&ssl=1\",\"contentUrl\":\"https:\\\/\\\/i0.wp.com\\\/www.horsefood.ee\\\/wp-content\\\/uploads\\\/2026\\\/03\\\/toode-1.png?fit=900%2C1600&ssl=1\",\"width\":900,\"height\":1600},{\"@type\":\"BreadcrumbList\",\"@id\":\"https:\\\/\\\/www.horsefood.ee\\\/latvia\\\/pood\\\/pure-sensitive-brok-ei-tee-kuumaks-seedimine-tundlikele-hobustele-20kg\\\/#breadcrumb\",\"itemListElement\":[{\"@type\":\"ListItem\",\"position\":1,\"name\":\"Home\",\"item\":\"https:\\\/\\\/horsefood.ee\\\/et\\\/kontakt\\\/meist\\\/\"},{\"@type\":\"ListItem\",\"position\":2,\"name\":\"E-POOD\",\"item\":\"https:\\\/\\\/horsefood.ee\\\/et\\\/e-pood\\\/\"},{\"@type\":\"ListItem\",\"position\":3,\"name\":\"Pure Sensitive brok ( seedimine \\\/ tundlikele hobustele) 20kg\"}]},{\"@type\":\"WebSite\",\"@id\":\"https:\\\/\\\/www.horsefood.ee\\\/latvia\\\/#website\",\"url\":\"https:\\\/\\\/www.horsefood.ee\\\/latvia\\\/\",\"name\":\"HORSEFOOD Estonia\",\"description\":\"\",\"potentialAction\":[{\"@type\":\"SearchAction\",\"target\":{\"@type\":\"EntryPoint\",\"urlTemplate\":\"https:\\\/\\\/www.horsefood.ee\\\/latvia\\\/?s={search_term_string}\"},\"query-input\":{\"@type\":\"PropertyValueSpecification\",\"valueRequired\":true,\"valueName\":\"search_term_string\"}}],\"inLanguage\":\"lv-LV\"}]}<\/script>\n<!-- \/ Yoast SEO plugin. -->","yoast_head_json":{"title":"Pure Sensitive brok ( seedimine \/ tundlikele hobustele) 20kg - HORSEFOOD Estonia","robots":{"index":"index","follow":"follow","max-snippet":"max-snippet:-1","max-image-preview":"max-image-preview:large","max-video-preview":"max-video-preview:-1"},"canonical":"https:\/\/www.horsefood.ee\/latvia\/pood\/pure-sensitive-brok-ei-tee-kuumaks-seedimine-tundlikele-hobustele-20kg\/","og_locale":"lv_LV","og_type":"article","og_title":"Pure Sensitive brok ( seedimine \/ tundlikele hobustele) 20kg - HORSEFOOD Estonia","og_description":"Ei tee hobust kuumaks. Toetab seedimist ja hobuse vastupidavust. Pure Sensitive graanulid on m\u00f5eldud hobustele, kes vajavad stabiilset energiat, head seedimist ja tugevat lihast\u00f6\u00f6d \u2013 ilma liigsete suhkrute ja \u00fcleliigse energiata. Paljud s\u00f6\u00f6dad sisaldavad liiga palju suhkrut ja t\u00e4rklist, mis v\u00f5ib m\u00f5jutada hobuse enesetunnet, seedimist ja lihaste t\u00f6\u00f6d. \ud83d\udc49 See graanul aitab seda tasakaalustada t\u00e4nu madalale suhkru- (4,9%) ja t\u00e4rklisesisaldusele (12%).  Miks valida Pure Sensitive?    Annab \u00fchtlase energia ega tee hobust kuumaks    Hoiab seedimise korras    V\u00e4hem piimhapet \u2013 parem vastupidavus ja kiirem taastumine    Sobib tundlikele hobustele    V\u00e4hese teraviljasisaldusega, kergesti seeditav   Mis teeb selle s\u00f6\u00f6da eriliseks? Sisaldab pre-, pro- ja postbiootikume, mis toetavad soolestiku mikrofloorat ja aitavad toitaineid paremini omastada.\u00a0Lisaks toetavad olulised aminohapped ja kvaliteetsed \u00f5lid lihaste arengut ning aitavad hobusel paremini taastuda.","og_url":"https:\/\/www.horsefood.ee\/latvia\/pood\/pure-sensitive-brok-ei-tee-kuumaks-seedimine-tundlikele-hobustele-20kg\/","og_site_name":"HORSEFOOD Estonia","article_modified_time":"2026-03-28T09:59:54+00:00","og_image":[{"width":900,"height":1600,"url":"https:\/\/i0.wp.com\/www.horsefood.ee\/wp-content\/uploads\/2026\/03\/toode-1.png?fit=900%2C1600&ssl=1","type":"image\/png"}],"twitter_card":"summary_large_image","twitter_misc":{"Est. reading time":"1 min\u016bte"},"schema":{"@context":"https:\/\/schema.org","@graph":[{"@type":"WebPage","@id":"https:\/\/www.horsefood.ee\/latvia\/pood\/pure-sensitive-brok-ei-tee-kuumaks-seedimine-tundlikele-hobustele-20kg\/","url":"https:\/\/www.horsefood.ee\/latvia\/pood\/pure-sensitive-brok-ei-tee-kuumaks-seedimine-tundlikele-hobustele-20kg\/","name":"Pure Sensitive brok ( seedimine \/ tundlikele hobustele) 20kg - HORSEFOOD Estonia","isPartOf":{"@id":"https:\/\/www.horsefood.ee\/latvia\/#website"},"primaryImageOfPage":{"@id":"https:\/\/www.horsefood.ee\/latvia\/pood\/pure-sensitive-brok-ei-tee-kuumaks-seedimine-tundlikele-hobustele-20kg\/#primaryimage"},"image":{"@id":"https:\/\/www.horsefood.ee\/latvia\/pood\/pure-sensitive-brok-ei-tee-kuumaks-seedimine-tundlikele-hobustele-20kg\/#primaryimage"},"thumbnailUrl":"https:\/\/i0.wp.com\/www.horsefood.ee\/wp-content\/uploads\/2026\/03\/toode-1.png?fit=900%2C1600&ssl=1","datePublished":"2026-03-26T13:30:20+00:00","dateModified":"2026-03-28T09:59:54+00:00","breadcrumb":{"@id":"https:\/\/www.horsefood.ee\/latvia\/pood\/pure-sensitive-brok-ei-tee-kuumaks-seedimine-tundlikele-hobustele-20kg\/#breadcrumb"},"inLanguage":"lv-LV","potentialAction":[{"@type":"ReadAction","target":["https:\/\/www.horsefood.ee\/latvia\/pood\/pure-sensitive-brok-ei-tee-kuumaks-seedimine-tundlikele-hobustele-20kg\/"]}]},{"@type":"ImageObject","inLanguage":"lv-LV","@id":"https:\/\/www.horsefood.ee\/latvia\/pood\/pure-sensitive-brok-ei-tee-kuumaks-seedimine-tundlikele-hobustele-20kg\/#primaryimage","url":"https:\/\/i0.wp.com\/www.horsefood.ee\/wp-content\/uploads\/2026\/03\/toode-1.png?fit=900%2C1600&ssl=1","contentUrl":"https:\/\/i0.wp.com\/www.horsefood.ee\/wp-content\/uploads\/2026\/03\/toode-1.png?fit=900%2C1600&ssl=1","width":900,"height":1600},{"@type":"BreadcrumbList","@id":"https:\/\/www.horsefood.ee\/latvia\/pood\/pure-sensitive-brok-ei-tee-kuumaks-seedimine-tundlikele-hobustele-20kg\/#breadcrumb","itemListElement":[{"@type":"ListItem","position":1,"name":"Home","item":"https:\/\/horsefood.ee\/et\/kontakt\/meist\/"},{"@type":"ListItem","position":2,"name":"E-POOD","item":"https:\/\/horsefood.ee\/et\/e-pood\/"},{"@type":"ListItem","position":3,"name":"Pure Sensitive brok ( seedimine \/ tundlikele hobustele) 20kg"}]},{"@type":"WebSite","@id":"https:\/\/www.horsefood.ee\/latvia\/#website","url":"https:\/\/www.horsefood.ee\/latvia\/","name":"HORSEFOOD Estonia","description":"","potentialAction":[{"@type":"SearchAction","target":{"@type":"EntryPoint","urlTemplate":"https:\/\/www.horsefood.ee\/latvia\/?s={search_term_string}"},"query-input":{"@type":"PropertyValueSpecification","valueRequired":true,"valueName":"search_term_string"}}],"inLanguage":"lv-LV"}]}},"jetpack_publicize_connections":[],"jetpack_sharing_enabled":true,"jetpack-related-posts":[],"_links":{"self":[{"href":"https:\/\/www.horsefood.ee\/latvia\/wp-json\/wp\/v2\/product\/23133","targetHints":{"allow":["GET"]}}],"collection":[{"href":"https:\/\/www.horsefood.ee\/latvia\/wp-json\/wp\/v2\/product"}],"about":[{"href":"https:\/\/www.horsefood.ee\/latvia\/wp-json\/wp\/v2\/types\/product"}],"wp:featuredmedia":[{"embeddable":true,"href":"https:\/\/www.horsefood.ee\/latvia\/wp-json\/wp\/v2\/media\/23148"}],"wp:attachment":[{"href":"https:\/\/www.horsefood.ee\/latvia\/wp-json\/wp\/v2\/media?parent=23133"}],"wp:term":[{"taxonomy":"product_brand","embeddable":true,"href":"https:\/\/www.horsefood.ee\/latvia\/wp-json\/wp\/v2\/product_brand?post=23133"},{"taxonomy":"product_cat","embeddable":true,"href":"https:\/\/www.horsefood.ee\/latvia\/wp-json\/wp\/v2\/product_cat?post=23133"},{"taxonomy":"product_tag","embeddable":true,"href":"https:\/\/www.horsefood.ee\/latvia\/wp-json\/wp\/v2\/product_tag?post=23133"}],"curies":[{"name":"wp","href":"https:\/\/api.w.org\/{rel}","templated":true}]}}