{"id":19604,"date":"2024-06-10T08:52:22","date_gmt":"2024-06-10T05:52:22","guid":{"rendered":"https:\/\/horsefood.ee\/?post_type=product&#038;p=19604"},"modified":"2026-04-29T21:46:28","modified_gmt":"2026-04-29T18:46:28","slug":"horsefood-licks-optimaalne-kogus-vitamiinie-mineraale-ja-mikroelemente-15kg","status":"publish","type":"product","link":"https:\/\/www.horsefood.ee\/latvia\/pood\/horsefood-licks-optimaalne-kogus-vitamiinie-mineraale-ja-mikroelemente-15kg\/","title":{"rendered":"Horsefood Licks  (optimaalne kogus  vitamiinie, mineraale ja mikroelemente)  15kg"},"content":{"rendered":"<p>Koostis: Rohumelass, Naatriumkloriid, Kaltsiumkarbonaat, Magneesiumfosfaat, Monokaltsiumfosfaat,<\/p>\n<p>Kaltsiumh\u00fcdroksiid, Kaltsiumoksiid, kuivatatud sibulapressij\u00e4\u00e4k, viinamarjaseemne pressimisj\u00e4\u00e4k.<\/p>\n<p>Sisaldus 1 kg kohta:<\/p>\n<p class=\"p1\">A-vitamiin (<span class=\"s1\"><b>3a672a<\/b><\/span>) \u2013 500 000 R\u00dc\/kg<\/p>\n<p class=\"p1\">D3-vitamiin (<span class=\"s1\"><b>3a671<\/b><\/span>) \u2013 80 000 R\u00dc\/kg<\/p>\n<p class=\"p1\">E-vitamiin (<span class=\"s1\"><b>3a700<\/b><\/span>) \u2013 2 000 mg\/kg<\/p>\n<p class=\"p1\">B1-vitamiin (<span class=\"s1\"><b>3a821<\/b><\/span>) \u2013 200 mg\/kg<\/p>\n<p class=\"p1\">B2-vitamiin (<span class=\"s1\"><b>3a825<\/b><\/span>) \u2013 200 mg\/kg<\/p>\n<p class=\"p1\">B6-vitamiin (<span class=\"s1\"><b>3a831<\/b><\/span>) \u2013 140 mg\/kg<\/p>\n<p class=\"p1\">B12-vitamiin (<span class=\"s1\"><b>3a835<\/b><\/span>) \u2013 30 \u00b5g\/kg<\/p>\n<p class=\"p1\">Biotiin (<span class=\"s1\"><b>3a880<\/b><\/span>) \u2013 20 000 \u00b5g\/kg<\/p>\n<p class=\"p1\">Niatsiinamiid (<span class=\"s1\"><b>3a315<\/b><\/span>) \u2013 200 mg\/kg<\/p>\n<p class=\"p1\">Kaltsium-D-pantotenaat (<span class=\"s1\"><b>3a841<\/b><\/span>) \u2013 152 mg\/kg<\/p>\n<p class=\"p1\">Foolhape (<span class=\"s1\"><b>3a316<\/b><\/span>) \u2013 100 mg\/kg<\/p>\n<p class=\"p1\">Koliinkloriid (<span class=\"s1\"><b>3a890<\/b><\/span>) \u2013 3 000 mg\/kg<\/p>\n<p class=\"p1\">Koobalt (koobalt(II)karbonaadina) (<span class=\"s1\"><b>3b304<\/b><\/span>) \u2013 10 mg\/kg<\/p>\n<p class=\"p1\">Tsink (tsinkoksiidina) (<span class=\"s1\"><b>3b603<\/b><\/span>) \u2013 3 800 mg\/kg<\/p>\n<p class=\"p1\">Tsink (aminohapete kelaadina, h\u00fcdraat) (<span class=\"s1\"><b>3b606<\/b><\/span>) \u2013 105 mg\/kg<\/p>\n<p class=\"p1\">Mangaan (mangaan(II)sulfaadina, monoh\u00fcdraat) (<span class=\"s1\"><b>3b503<\/b><\/span>) \u2013 1 750 mg\/kg<\/p>\n<p class=\"p1\">Mangaan (aminohapete kelaadina, h\u00fcdraat) (<span class=\"s1\"><b>3b504<\/b><\/span>) \u2013 70 mg\/kg<\/p>\n<p class=\"p1\">Jood (kaltsiumjodaadina, veevaba) (<span class=\"s1\"><b>3b202<\/b><\/span>) \u2013 50 mg\/kg<\/p>\n<p class=\"p1\">Seleen (naatriumseleniidina) (<span class=\"s1\"><b>3b801<\/b><\/span>) \u2013 10 mg\/kg<\/p>\n<p class=\"p1\">Vask (vasksulfaadina, pentah\u00fcdraat) (<span class=\"s1\"><b>3b405<\/b><\/span>) \u2013 1 750 mg\/kg<\/p>\n<p class=\"p1\">Vask (aminohapete kelaadina) (<span class=\"s1\"><b>3b406<\/b><\/span>) \u2013 35 mg\/kg<\/p>","protected":false},"excerpt":{"rendered":"<p><span style=\"font-size: 100%;\">See suurp\u00e4rane vitamiini\u00e4mber pakub hobustele optimaalset vitamiinide, mineraalide ja mikroelementide t\u00e4iendust, toetades hobuse tervist.<\/span><\/p>\n<p><span style=\"font-size: 100%;\">&#8211; Sobib hobustele, kes ei saa lisands\u00f6\u00f6ta.<\/span><\/p>\n<p><span style=\"font-size: 100%;\">&#8211; Suurep\u00e4rane t\u00e4iendus noorte hobuste kasvatamisel.<\/span><\/p>\n<p><span style=\"font-size: 100%;\">&#8211; Ideaalne karjatamisel.<\/span><\/p>\n<p><span style=\"font-size: 100%;\">&#8211; Sobib tiinetele ja imetavatele m\u00e4radele.<\/span><\/p>\n<p><span style=\"font-size: 100%;\">&#8211; Kergesti omastatav.<\/span><\/p>\n<p><span style=\"font-size: 100%;\"><strong>Horsefood Licks<\/strong> on hea imendumisv\u00f5imega ja on rikastatud k\u00fc\u00fcslaugu ekstraktiga. Pakub tugevat antioks\u00fcdantset kaitset t\u00e4nu viinamarjaseemne ekstraktist saadud antioks\u00fcdantidele, mis vastavad 500 \u00fchikule E-vitamiinile. Sisaldab lisaks biotiini ja orgaanilisi mikroelemente.<\/span><\/p>\n<p><span style=\"font-size: 100%;\">Tips! Kasutades eemalda \u00e4mbri sang.<\/span><\/p>","protected":false},"featured_media":19605,"template":"","meta":{"jetpack_publicize_message":"","jetpack_publicize_feature_enabled":true,"jetpack_social_post_already_shared":true,"jetpack_social_options":{"image_generator_settings":{"template":"highway","default_image_id":0,"font":"","enabled":false},"version":2}},"product_brand":[],"product_cat":[52],"product_tag":[],"class_list":{"0":"post-19604","1":"product","2":"type-product","3":"status-publish","4":"has-post-thumbnail","6":"product_cat-mineraalid","8":"first","9":"instock","10":"shipping-taxable","11":"purchasable","12":"product-type-simple"},"yoast_head":"<!-- This site is optimized with the Yoast SEO plugin v27.6 - https:\/\/yoast.com\/product\/yoast-seo-wordpress\/ -->\n<title>Horsefood Licks (optimaalne kogus vitamiinie, mineraale ja mikroelemente) 15kg - HORSEFOOD Estonia<\/title>\n<meta name=\"robots\" content=\"index, follow, max-snippet:-1, max-image-preview:large, max-video-preview:-1\" \/>\n<link rel=\"canonical\" href=\"https:\/\/www.horsefood.ee\/latvia\/pood\/horsefood-licks-optimaalne-kogus-vitamiinie-mineraale-ja-mikroelemente-15kg\/\" \/>\n<meta property=\"og:locale\" content=\"lv_LV\" \/>\n<meta property=\"og:type\" content=\"article\" \/>\n<meta property=\"og:title\" content=\"Horsefood Licks (optimaalne kogus vitamiinie, mineraale ja mikroelemente) 15kg - HORSEFOOD Estonia\" \/>\n<meta property=\"og:description\" content=\"See suurp\u00e4rane vitamiini\u00e4mber pakub hobustele optimaalset vitamiinide, mineraalide ja mikroelementide t\u00e4iendust, toetades hobuse tervist.  - Sobib hobustele, kes ei saa lisands\u00f6\u00f6ta.  - Suurep\u00e4rane t\u00e4iendus noorte hobuste kasvatamisel.  - Ideaalne karjatamisel.  - Sobib tiinetele ja imetavatele m\u00e4radele.  - Kergesti omastatav.  Horsefood Licks on hea imendumisv\u00f5imega ja on rikastatud k\u00fc\u00fcslaugu ekstraktiga. Pakub tugevat antioks\u00fcdantset kaitset t\u00e4nu viinamarjaseemne ekstraktist saadud antioks\u00fcdantidele, mis vastavad 500 \u00fchikule E-vitamiinile. Sisaldab lisaks biotiini ja orgaanilisi mikroelemente.  Tips! Kasutades eemalda \u00e4mbri sang.\" \/>\n<meta property=\"og:url\" content=\"https:\/\/www.horsefood.ee\/latvia\/pood\/horsefood-licks-optimaalne-kogus-vitamiinie-mineraale-ja-mikroelemente-15kg\/\" \/>\n<meta property=\"og:site_name\" content=\"HORSEFOOD Estonia\" \/>\n<meta property=\"article:modified_time\" content=\"2026-04-29T18:46:28+00:00\" \/>\n<meta property=\"og:image\" content=\"https:\/\/i0.wp.com\/horsefood.ee\/wp-content\/uploads\/2024\/06\/HF_Licks_Mineralenemmer.png?fit=800%2C800&ssl=1\" \/>\n\t<meta property=\"og:image:width\" content=\"800\" \/>\n\t<meta property=\"og:image:height\" content=\"800\" \/>\n\t<meta property=\"og:image:type\" content=\"image\/png\" \/>\n<meta name=\"twitter:card\" content=\"summary_large_image\" \/>\n<meta name=\"twitter:label1\" content=\"Est. reading time\" \/>\n\t<meta name=\"twitter:data1\" content=\"1 min\u016bte\" \/>\n<script type=\"application\/ld+json\" class=\"yoast-schema-graph\">{\"@context\":\"https:\\\/\\\/schema.org\",\"@graph\":[{\"@type\":\"WebPage\",\"@id\":\"https:\\\/\\\/www.horsefood.ee\\\/latvia\\\/pood\\\/horsefood-licks-optimaalne-kogus-vitamiinie-mineraale-ja-mikroelemente-15kg\\\/\",\"url\":\"https:\\\/\\\/www.horsefood.ee\\\/latvia\\\/pood\\\/horsefood-licks-optimaalne-kogus-vitamiinie-mineraale-ja-mikroelemente-15kg\\\/\",\"name\":\"Horsefood Licks (optimaalne kogus vitamiinie, mineraale ja mikroelemente) 15kg - HORSEFOOD Estonia\",\"isPartOf\":{\"@id\":\"https:\\\/\\\/www.horsefood.ee\\\/latvia\\\/#website\"},\"primaryImageOfPage\":{\"@id\":\"https:\\\/\\\/www.horsefood.ee\\\/latvia\\\/pood\\\/horsefood-licks-optimaalne-kogus-vitamiinie-mineraale-ja-mikroelemente-15kg\\\/#primaryimage\"},\"image\":{\"@id\":\"https:\\\/\\\/www.horsefood.ee\\\/latvia\\\/pood\\\/horsefood-licks-optimaalne-kogus-vitamiinie-mineraale-ja-mikroelemente-15kg\\\/#primaryimage\"},\"thumbnailUrl\":\"https:\\\/\\\/i0.wp.com\\\/horsefood.ee\\\/wp-content\\\/uploads\\\/2024\\\/06\\\/HF_Licks_Mineralenemmer.png?fit=800%2C800&ssl=1\",\"datePublished\":\"2024-06-10T05:52:22+00:00\",\"dateModified\":\"2026-04-29T18:46:28+00:00\",\"breadcrumb\":{\"@id\":\"https:\\\/\\\/www.horsefood.ee\\\/latvia\\\/pood\\\/horsefood-licks-optimaalne-kogus-vitamiinie-mineraale-ja-mikroelemente-15kg\\\/#breadcrumb\"},\"inLanguage\":\"lv-LV\",\"potentialAction\":[{\"@type\":\"ReadAction\",\"target\":[\"https:\\\/\\\/www.horsefood.ee\\\/latvia\\\/pood\\\/horsefood-licks-optimaalne-kogus-vitamiinie-mineraale-ja-mikroelemente-15kg\\\/\"]}]},{\"@type\":\"ImageObject\",\"inLanguage\":\"lv-LV\",\"@id\":\"https:\\\/\\\/www.horsefood.ee\\\/latvia\\\/pood\\\/horsefood-licks-optimaalne-kogus-vitamiinie-mineraale-ja-mikroelemente-15kg\\\/#primaryimage\",\"url\":\"https:\\\/\\\/i0.wp.com\\\/horsefood.ee\\\/wp-content\\\/uploads\\\/2024\\\/06\\\/HF_Licks_Mineralenemmer.png?fit=800%2C800&ssl=1\",\"contentUrl\":\"https:\\\/\\\/i0.wp.com\\\/horsefood.ee\\\/wp-content\\\/uploads\\\/2024\\\/06\\\/HF_Licks_Mineralenemmer.png?fit=800%2C800&ssl=1\",\"width\":800,\"height\":800},{\"@type\":\"BreadcrumbList\",\"@id\":\"https:\\\/\\\/www.horsefood.ee\\\/latvia\\\/pood\\\/horsefood-licks-optimaalne-kogus-vitamiinie-mineraale-ja-mikroelemente-15kg\\\/#breadcrumb\",\"itemListElement\":[{\"@type\":\"ListItem\",\"position\":1,\"name\":\"Home\",\"item\":\"https:\\\/\\\/horsefood.ee\\\/et\\\/kontakt\\\/meist\\\/\"},{\"@type\":\"ListItem\",\"position\":2,\"name\":\"E-POOD\",\"item\":\"https:\\\/\\\/horsefood.ee\\\/et\\\/e-pood\\\/\"},{\"@type\":\"ListItem\",\"position\":3,\"name\":\"Horsefood Licks (optimaalne kogus vitamiinie, mineraale ja mikroelemente) 15kg\"}]},{\"@type\":\"WebSite\",\"@id\":\"https:\\\/\\\/www.horsefood.ee\\\/latvia\\\/#website\",\"url\":\"https:\\\/\\\/www.horsefood.ee\\\/latvia\\\/\",\"name\":\"HORSEFOOD Estonia\",\"description\":\"\",\"potentialAction\":[{\"@type\":\"SearchAction\",\"target\":{\"@type\":\"EntryPoint\",\"urlTemplate\":\"https:\\\/\\\/www.horsefood.ee\\\/latvia\\\/?s={search_term_string}\"},\"query-input\":{\"@type\":\"PropertyValueSpecification\",\"valueRequired\":true,\"valueName\":\"search_term_string\"}}],\"inLanguage\":\"lv-LV\"}]}<\/script>\n<!-- \/ Yoast SEO plugin. -->","yoast_head_json":{"title":"Horsefood Licks (optimaalne kogus vitamiinie, mineraale ja mikroelemente) 15kg - HORSEFOOD Estonia","robots":{"index":"index","follow":"follow","max-snippet":"max-snippet:-1","max-image-preview":"max-image-preview:large","max-video-preview":"max-video-preview:-1"},"canonical":"https:\/\/www.horsefood.ee\/latvia\/pood\/horsefood-licks-optimaalne-kogus-vitamiinie-mineraale-ja-mikroelemente-15kg\/","og_locale":"lv_LV","og_type":"article","og_title":"Horsefood Licks (optimaalne kogus vitamiinie, mineraale ja mikroelemente) 15kg - HORSEFOOD Estonia","og_description":"See suurp\u00e4rane vitamiini\u00e4mber pakub hobustele optimaalset vitamiinide, mineraalide ja mikroelementide t\u00e4iendust, toetades hobuse tervist.  - Sobib hobustele, kes ei saa lisands\u00f6\u00f6ta.  - Suurep\u00e4rane t\u00e4iendus noorte hobuste kasvatamisel.  - Ideaalne karjatamisel.  - Sobib tiinetele ja imetavatele m\u00e4radele.  - Kergesti omastatav.  Horsefood Licks on hea imendumisv\u00f5imega ja on rikastatud k\u00fc\u00fcslaugu ekstraktiga. Pakub tugevat antioks\u00fcdantset kaitset t\u00e4nu viinamarjaseemne ekstraktist saadud antioks\u00fcdantidele, mis vastavad 500 \u00fchikule E-vitamiinile. Sisaldab lisaks biotiini ja orgaanilisi mikroelemente.  Tips! Kasutades eemalda \u00e4mbri sang.","og_url":"https:\/\/www.horsefood.ee\/latvia\/pood\/horsefood-licks-optimaalne-kogus-vitamiinie-mineraale-ja-mikroelemente-15kg\/","og_site_name":"HORSEFOOD Estonia","article_modified_time":"2026-04-29T18:46:28+00:00","og_image":[{"width":800,"height":800,"url":"https:\/\/i0.wp.com\/horsefood.ee\/wp-content\/uploads\/2024\/06\/HF_Licks_Mineralenemmer.png?fit=800%2C800&ssl=1","type":"image\/png"}],"twitter_card":"summary_large_image","twitter_misc":{"Est. reading time":"1 min\u016bte"},"schema":{"@context":"https:\/\/schema.org","@graph":[{"@type":"WebPage","@id":"https:\/\/www.horsefood.ee\/latvia\/pood\/horsefood-licks-optimaalne-kogus-vitamiinie-mineraale-ja-mikroelemente-15kg\/","url":"https:\/\/www.horsefood.ee\/latvia\/pood\/horsefood-licks-optimaalne-kogus-vitamiinie-mineraale-ja-mikroelemente-15kg\/","name":"Horsefood Licks (optimaalne kogus vitamiinie, mineraale ja mikroelemente) 15kg - HORSEFOOD Estonia","isPartOf":{"@id":"https:\/\/www.horsefood.ee\/latvia\/#website"},"primaryImageOfPage":{"@id":"https:\/\/www.horsefood.ee\/latvia\/pood\/horsefood-licks-optimaalne-kogus-vitamiinie-mineraale-ja-mikroelemente-15kg\/#primaryimage"},"image":{"@id":"https:\/\/www.horsefood.ee\/latvia\/pood\/horsefood-licks-optimaalne-kogus-vitamiinie-mineraale-ja-mikroelemente-15kg\/#primaryimage"},"thumbnailUrl":"https:\/\/i0.wp.com\/horsefood.ee\/wp-content\/uploads\/2024\/06\/HF_Licks_Mineralenemmer.png?fit=800%2C800&ssl=1","datePublished":"2024-06-10T05:52:22+00:00","dateModified":"2026-04-29T18:46:28+00:00","breadcrumb":{"@id":"https:\/\/www.horsefood.ee\/latvia\/pood\/horsefood-licks-optimaalne-kogus-vitamiinie-mineraale-ja-mikroelemente-15kg\/#breadcrumb"},"inLanguage":"lv-LV","potentialAction":[{"@type":"ReadAction","target":["https:\/\/www.horsefood.ee\/latvia\/pood\/horsefood-licks-optimaalne-kogus-vitamiinie-mineraale-ja-mikroelemente-15kg\/"]}]},{"@type":"ImageObject","inLanguage":"lv-LV","@id":"https:\/\/www.horsefood.ee\/latvia\/pood\/horsefood-licks-optimaalne-kogus-vitamiinie-mineraale-ja-mikroelemente-15kg\/#primaryimage","url":"https:\/\/i0.wp.com\/horsefood.ee\/wp-content\/uploads\/2024\/06\/HF_Licks_Mineralenemmer.png?fit=800%2C800&ssl=1","contentUrl":"https:\/\/i0.wp.com\/horsefood.ee\/wp-content\/uploads\/2024\/06\/HF_Licks_Mineralenemmer.png?fit=800%2C800&ssl=1","width":800,"height":800},{"@type":"BreadcrumbList","@id":"https:\/\/www.horsefood.ee\/latvia\/pood\/horsefood-licks-optimaalne-kogus-vitamiinie-mineraale-ja-mikroelemente-15kg\/#breadcrumb","itemListElement":[{"@type":"ListItem","position":1,"name":"Home","item":"https:\/\/horsefood.ee\/et\/kontakt\/meist\/"},{"@type":"ListItem","position":2,"name":"E-POOD","item":"https:\/\/horsefood.ee\/et\/e-pood\/"},{"@type":"ListItem","position":3,"name":"Horsefood Licks (optimaalne kogus vitamiinie, mineraale ja mikroelemente) 15kg"}]},{"@type":"WebSite","@id":"https:\/\/www.horsefood.ee\/latvia\/#website","url":"https:\/\/www.horsefood.ee\/latvia\/","name":"HORSEFOOD Estonia","description":"","potentialAction":[{"@type":"SearchAction","target":{"@type":"EntryPoint","urlTemplate":"https:\/\/www.horsefood.ee\/latvia\/?s={search_term_string}"},"query-input":{"@type":"PropertyValueSpecification","valueRequired":true,"valueName":"search_term_string"}}],"inLanguage":"lv-LV"}]}},"jetpack_publicize_connections":[],"jetpack_sharing_enabled":true,"jetpack-related-posts":[],"_links":{"self":[{"href":"https:\/\/www.horsefood.ee\/latvia\/wp-json\/wp\/v2\/product\/19604","targetHints":{"allow":["GET"]}}],"collection":[{"href":"https:\/\/www.horsefood.ee\/latvia\/wp-json\/wp\/v2\/product"}],"about":[{"href":"https:\/\/www.horsefood.ee\/latvia\/wp-json\/wp\/v2\/types\/product"}],"wp:featuredmedia":[{"embeddable":true,"href":"https:\/\/www.horsefood.ee\/latvia\/wp-json\/wp\/v2\/media\/19605"}],"wp:attachment":[{"href":"https:\/\/www.horsefood.ee\/latvia\/wp-json\/wp\/v2\/media?parent=19604"}],"wp:term":[{"taxonomy":"product_brand","embeddable":true,"href":"https:\/\/www.horsefood.ee\/latvia\/wp-json\/wp\/v2\/product_brand?post=19604"},{"taxonomy":"product_cat","embeddable":true,"href":"https:\/\/www.horsefood.ee\/latvia\/wp-json\/wp\/v2\/product_cat?post=19604"},{"taxonomy":"product_tag","embeddable":true,"href":"https:\/\/www.horsefood.ee\/latvia\/wp-json\/wp\/v2\/product_tag?post=19604"}],"curies":[{"name":"wp","href":"https:\/\/api.w.org\/{rel}","templated":true}]}}