{"id":16167,"date":"2022-11-27T21:22:40","date_gmt":"2022-11-27T19:22:40","guid":{"rendered":"https:\/\/horsefood.ee\/?post_type=product&#038;p=16167"},"modified":"2026-02-08T11:17:11","modified_gmt":"2026-02-08T09:17:11","slug":"alpine-no-itch-balm","status":"publish","type":"product","link":"https:\/\/www.horsefood.ee\/latvia\/pood\/alpine-no-itch-balm\/","title":{"rendered":"ALPINE NO ITCH BALM"},"content":{"rendered":"","protected":false},"excerpt":{"rendered":"<p>ALPINE NO ITCH BALM on v\u00e4ga rahustav ja kontsentreeritud eeterlike \u00f5lidega palsam hobustele, kes on tundlikud hooajaliselt korduvate naha\u00e4rrituste suhtes, mida tuntakse ka suveekseemina. See palsam sisaldab peale Ichthyol Pale\u00ae ka avokaado-, mandli-, aprikoosi-, teepuu- ja p\u00e4evalille\u00f5li. Rosmariini ekstrakt annab sellele palsamile ka antibakteriaalsed ja toniseerivad omadused.<\/p>\n<p>Selle l\u00f5hn hoiab eemal ka erinevad putukad\u2026<\/p>\n<p>Rakendus<\/p>\n<p>Dermatiidi ja putukahammustusest v\u00f5i k\u00f5\u00f5mast p\u00f5hjustatud naha\u00e4rrituste raviks<\/p>\n<p>S\u00fcgeluse leevendamiseks<\/p>\n<p>Karvade taaskasvu soodustamiseks.<\/p>\n<p>Pindmiste kriimustuste tagaj\u00e4rjel tekkinud haavade leevendamiseks<\/p>\n<p>Toode ei sisalda loomse v\u00f5i mineraal\u00f5li p\u00e4ritolu koostisosi (nafta derivaadid) ja seet\u00f5ttu v\u00f5ib seda toodet kasutada ka p\u00e4ikese k\u00e4es!<\/p>\n<p>Juhised kasutamiseks<\/p>\n<p>Kandke palsamit kahjustatud nahale niipea, kui m\u00e4rkate naha\u00e4rritust. S\u00fcgeluse kontrolli all hoidmiseks kasutage paar korda p\u00e4evas.<\/p>","protected":false},"featured_media":16168,"template":"","meta":{"jetpack_post_was_ever_published":false,"jetpack_publicize_message":"","jetpack_publicize_feature_enabled":true,"jetpack_social_post_already_shared":true,"jetpack_social_options":{"image_generator_settings":{"template":"highway","default_image_id":0,"font":"","enabled":false},"version":2}},"product_brand":[],"product_cat":[56],"product_tag":[],"class_list":{"0":"post-16167","1":"product","2":"type-product","3":"status-publish","4":"has-post-thumbnail","6":"product_cat-horsefoodthebest","8":"first","9":"outofstock","10":"shipping-taxable","11":"purchasable","12":"product-type-simple"},"jetpack_publicize_connections":[],"jetpack_sharing_enabled":true,"jetpack-related-posts":[{"id":17511,"url":"https:\/\/www.horsefood.ee\/latvia\/pood\/gastro-activecare-mix-teravilja-melassi-ja-gluteenivaba-korge-kiudainesisaldus-lisatud-parm-ja-magneesium-20kg\/","url_meta":{"origin":16167,"position":0},"title":"Gastro Activecare-Mix (teravilja-, melassi- ja gluteenivaba \/ k\u00f5rge kiudainesisaldus \/ lisatud p\u00e4rm ja magneesium \/ k\u00f5rgeim koormus) 20kg","author":"kadri koppel","date":"21. J\u016bl 2023","format":false,"excerpt":"L\u00e4bim\u00f5eldud kiudainerikas m\u00fcsli sporthobustele, kellel on tundlik seedimine, kuid kes t\u00f6\u00f6tavad ka k\u00f5rgema koormuse juures. T\u00e4iends\u00f6\u00f6t. Gastro Activecare-Mix on loodud hobustele, kelle puhul ei sobi traditsioonilised teraviljarikkad s\u00f6\u00f6dad, kuid kellelt oodatakse siiski j\u00f5udlust, vastupidavust ja head t\u00f6\u00f6v\u00f5imet ka intensiivse treeningu ja v\u00f5istlusperioodil. K\u00f5rge toorkiu sisaldus (u 21%) toetab s\u00fclje tootmist\u2026","rel":"","context":"Similar post","block_context":{"text":"Similar post","link":""},"img":{"alt_text":"","src":"https:\/\/i0.wp.com\/horsefood.ee\/wp-content\/uploads\/2023\/07\/Gastro-ActiveCare-Mix-1.jpg?fit=720%2C1024&ssl=1&resize=350%2C200","width":350,"height":200,"srcset":"https:\/\/i0.wp.com\/horsefood.ee\/wp-content\/uploads\/2023\/07\/Gastro-ActiveCare-Mix-1.jpg?fit=720%2C1024&ssl=1&resize=350%2C200 1x, https:\/\/i0.wp.com\/horsefood.ee\/wp-content\/uploads\/2023\/07\/Gastro-ActiveCare-Mix-1.jpg?fit=720%2C1024&ssl=1&resize=525%2C300 1.5x, https:\/\/i0.wp.com\/horsefood.ee\/wp-content\/uploads\/2023\/07\/Gastro-ActiveCare-Mix-1.jpg?fit=720%2C1024&ssl=1&resize=700%2C400 2x"},"classes":[]},{"id":12840,"url":"https:\/\/www.horsefood.ee\/latvia\/pood\/relax-easy\/","url_meta":{"origin":16167,"position":1},"title":"RELAX &#038; EASY (N\u00e4rvilisus) 500gr","author":"Kaido Koppel","date":"24. Apr 2021","format":false,"excerpt":"Rahustava ja l\u00f5\u00f5gastava toimega dieettoit n\u00e4rvilistele ja kergesti ehmuvatele hobustele \u00e4revates olukordades! RELAX & EASY aidab toetada n\u00e4rvilisi ning kergesti ehmuvaid hobuseid. Loodud hobustele, kelledele p\u00f5hjustavad stressi treeningud, transport, n\u00e4itused ja v\u00f5istlused jm\u2026 RELAX & EASY v\u00e4hendab stressi ning selle negatiivseid tagaj\u00e4rgi hobuse kehale, kuid ei muuda hobust tuimaks ja\u2026","rel":"","context":"Similar post","block_context":{"text":"Similar post","link":""},"img":{"alt_text":"","src":"https:\/\/i0.wp.com\/horsefood.ee\/wp-content\/uploads\/2021\/04\/Relax-Easy-0.jpg?fit=1137%2C1200&ssl=1&resize=350%2C200","width":350,"height":200,"srcset":"https:\/\/i0.wp.com\/horsefood.ee\/wp-content\/uploads\/2021\/04\/Relax-Easy-0.jpg?fit=1137%2C1200&ssl=1&resize=350%2C200 1x, https:\/\/i0.wp.com\/horsefood.ee\/wp-content\/uploads\/2021\/04\/Relax-Easy-0.jpg?fit=1137%2C1200&ssl=1&resize=525%2C300 1.5x, https:\/\/i0.wp.com\/horsefood.ee\/wp-content\/uploads\/2021\/04\/Relax-Easy-0.jpg?fit=1137%2C1200&ssl=1&resize=700%2C400 2x, https:\/\/i0.wp.com\/horsefood.ee\/wp-content\/uploads\/2021\/04\/Relax-Easy-0.jpg?fit=1137%2C1200&ssl=1&resize=1050%2C600 3x"},"classes":[]},{"id":22279,"url":"https:\/\/www.horsefood.ee\/latvia\/pood\/alfalux-cube\/","url_meta":{"origin":16167,"position":2},"title":"Horsefood AlfaLux Cube \u2013 lutsernikuubikud (18 kg)","author":"Kaido Koppel","date":"7. Okt 2025","format":false,"excerpt":"Horsefood AlfaLux Cube on looduslikust lutsernist ja heintaimedest valmistatud kiurikas lisands\u00f6\u00f6t, mis toetab hobuse seedimist ja \u00fcldist heaolu. K\u00f5rge kiusisaldus pikendab s\u00f6\u00f6misprotsessi, soodustab s\u00fclje teket ja aitab s\u00e4ilitada tervet mao- ja soolestikus\u00fcsteemi. Lisatud p\u00fcsihein (sainfoin) on v\u00e4\u00e4rtuslik liblik\u00f5ieline s\u00f6\u00f6dakultuur, mis toetab hobuse immuunsust ja seedimist. Bentoniiit, looduslik savimineraal, aitab kaitsta\u2026","rel":"","context":"Similar post","block_context":{"text":"Similar post","link":""},"img":{"alt_text":"","src":"https:\/\/i0.wp.com\/horsefood.ee\/wp-content\/uploads\/2025\/10\/AlfaLux-Cubes-flyer-EN.png?fit=846%2C1200&ssl=1&resize=350%2C200","width":350,"height":200,"srcset":"https:\/\/i0.wp.com\/horsefood.ee\/wp-content\/uploads\/2025\/10\/AlfaLux-Cubes-flyer-EN.png?fit=846%2C1200&ssl=1&resize=350%2C200 1x, https:\/\/i0.wp.com\/horsefood.ee\/wp-content\/uploads\/2025\/10\/AlfaLux-Cubes-flyer-EN.png?fit=846%2C1200&ssl=1&resize=525%2C300 1.5x, https:\/\/i0.wp.com\/horsefood.ee\/wp-content\/uploads\/2025\/10\/AlfaLux-Cubes-flyer-EN.png?fit=846%2C1200&ssl=1&resize=700%2C400 2x"},"classes":[]},{"id":12963,"url":"https:\/\/www.horsefood.ee\/latvia\/pood\/hydra-fix-horse-lipstick\/","url_meta":{"origin":16167,"position":3},"title":"HYDRA-FIX HORSE LIPSTICK (Huulepulk hobusele) 100ml","author":"Kaido Koppel","date":"11. Mai 2021","format":false,"excerpt":"Hydra-Fix Horse huulepulk: kaitseb suud ja huuli kuivade, l\u00f5henenud ja\/v\u00f5i karedate suunurkade vastu, kaitseb ja aitab ninal taastuda tugevate p\u00e4ikesep\u00f5letuste korral, v\u00e4hendab naha punetust \u00fchtlaselt pika aja v\u00e4ltel. Hobuse suu, huuled ja nina puutuvad pidevalt kokku erinevate stressifaktoritega nagu valjad ja suulised aga ka keskkonnateguritega nagu tugev p\u00e4ike, temperatuurik\u00f5ikumised ja\u2026","rel":"","context":"Similar post","block_context":{"text":"Similar post","link":""},"img":{"alt_text":"","src":"https:\/\/i0.wp.com\/horsefood.ee\/wp-content\/uploads\/2021\/05\/lipstick-1200.jpg?fit=1200%2C1200&ssl=1&resize=350%2C200","width":350,"height":200,"srcset":"https:\/\/i0.wp.com\/horsefood.ee\/wp-content\/uploads\/2021\/05\/lipstick-1200.jpg?fit=1200%2C1200&ssl=1&resize=350%2C200 1x, https:\/\/i0.wp.com\/horsefood.ee\/wp-content\/uploads\/2021\/05\/lipstick-1200.jpg?fit=1200%2C1200&ssl=1&resize=525%2C300 1.5x, https:\/\/i0.wp.com\/horsefood.ee\/wp-content\/uploads\/2021\/05\/lipstick-1200.jpg?fit=1200%2C1200&ssl=1&resize=700%2C400 2x, https:\/\/i0.wp.com\/horsefood.ee\/wp-content\/uploads\/2021\/05\/lipstick-1200.jpg?fit=1200%2C1200&ssl=1&resize=1050%2C600 3x"},"classes":[]},{"id":8691,"url":"https:\/\/www.horsefood.ee\/latvia\/pood\/multibeet-senior-mix\/","url_meta":{"origin":16167,"position":4},"title":"Multibeet Senior-Mix (hambaprobleemid \/ halb konditsioon \/ pirtsakad s\u00f6\u00f6jad \/ temperamentsed isendid) 20kg","author":"kadri koppel","date":"29. Jan 2020","format":false,"excerpt":"\u26a0\ufe0f S\u00f6\u00f6ta ainult eelnevalt leotatult. L\u00e4bim\u00f5eldud t\u00e4iends\u00f6\u00f6t hobustele ja ponidele, kellel on hambaprobleemid, raskused konditsiooni hoidmisel v\u00f5i kes on s\u00f6\u00f6gi suhtes pirtsakad ning kelle puhul on oluline hea enesetunne ja kontrollitud energiatase. Multibeet Senior-Mix on loodud hobustele ja ponidele, kellel on hambaprobleemide t\u00f5ttu keeruline tavap\u00e4rast kores\u00f6\u00f6ta s\u00fc\u00fca v\u00f5i piisavas koguses\u2026","rel":"","context":"Similar post","block_context":{"text":"Similar post","link":""},"img":{"alt_text":"","src":"https:\/\/i0.wp.com\/horsefood.ee\/wp-content\/uploads\/2020\/01\/27.-Multibeet-senior-mix-1.png?fit=365%2C500&ssl=1&resize=350%2C200","width":350,"height":200},"classes":[]},{"id":5956,"url":"https:\/\/www.horsefood.ee\/latvia\/pood\/sport-recovery-sooritusvoime-taastumine-10kg\/","url_meta":{"origin":16167,"position":5},"title":"Sport Recovery (sooritusv\u00f5ime \/ taastumine) HF \u00e4mbris 10kg","author":"kadri koppel","date":"25. Aug 2018","format":false,"excerpt":"Maksimaalse v\u00f5imekusega lihased ja kiire taastumine pingutusest. Iga p\u00e4ev! T\u00e4iends\u00f6\u00f6t.\u00a0Sport Recovery+\u00a0granuleeritud lisandit kasutatakse \u00fche komponendina ka\u00a0Horsefood`the best\u00a0s\u00f6\u00f6das, Refit Energybrok. Siiski, k\u00f5ik hobused ei vaja s\u00f6\u00f6dast saadavat energiatihedust\/toitev\u00e4\u00e4rtust, kuid ometi vajavad ka nemad maksimaalse v\u00f5imekusega lihaseid ja tuge pingutusest taastumiseks. Teatud isendid v\u00f5ivad vajada lisatuge, kas siis\u00a0vigastusest taastumise j\u00e4rgselt\u00a0v\u00f5i tippsoorituse juures\u2026","rel":"","context":"Similar post","block_context":{"text":"Similar post","link":""},"img":{"alt_text":"","src":"https:\/\/i0.wp.com\/horsefood.ee\/wp-content\/uploads\/2018\/08\/Sport-recovery.jpg?fit=500%2C667&ssl=1&resize=350%2C200","width":350,"height":200},"classes":[]}],"_links":{"self":[{"href":"https:\/\/www.horsefood.ee\/latvia\/wp-json\/wp\/v2\/product\/16167","targetHints":{"allow":["GET"]}}],"collection":[{"href":"https:\/\/www.horsefood.ee\/latvia\/wp-json\/wp\/v2\/product"}],"about":[{"href":"https:\/\/www.horsefood.ee\/latvia\/wp-json\/wp\/v2\/types\/product"}],"wp:featuredmedia":[{"embeddable":true,"href":"https:\/\/www.horsefood.ee\/latvia\/wp-json\/wp\/v2\/media\/16168"}],"wp:attachment":[{"href":"https:\/\/www.horsefood.ee\/latvia\/wp-json\/wp\/v2\/media?parent=16167"}],"wp:term":[{"taxonomy":"product_brand","embeddable":true,"href":"https:\/\/www.horsefood.ee\/latvia\/wp-json\/wp\/v2\/product_brand?post=16167"},{"taxonomy":"product_cat","embeddable":true,"href":"https:\/\/www.horsefood.ee\/latvia\/wp-json\/wp\/v2\/product_cat?post=16167"},{"taxonomy":"product_tag","embeddable":true,"href":"https:\/\/www.horsefood.ee\/latvia\/wp-json\/wp\/v2\/product_tag?post=16167"}],"curies":[{"name":"wp","href":"https:\/\/api.w.org\/{rel}","templated":true}]}}