{"id":15854,"date":"2022-10-02T11:58:53","date_gmt":"2022-10-02T08:58:53","guid":{"rendered":"https:\/\/www.horsefood.ee\/?post_type=product&#038;p=15854"},"modified":"2025-07-03T11:44:24","modified_gmt":"2025-07-03T08:44:24","slug":"horsefood-show-2","status":"publish","type":"product","link":"https:\/\/www.horsefood.ee\/latvia\/pood\/horsefood-show-2\/","title":{"rendered":"HORSEFOOD SHOW"},"content":{"rendered":"","protected":false},"excerpt":{"rendered":"","protected":false},"featured_media":15826,"template":"","meta":{"jetpack_post_was_ever_published":false,"jetpack_publicize_message":"","jetpack_publicize_feature_enabled":true,"jetpack_social_post_already_shared":true,"jetpack_social_options":{"image_generator_settings":{"template":"highway","default_image_id":0,"font":"","enabled":false},"version":2}},"product_brand":[],"product_cat":[56],"product_tag":[],"class_list":{"0":"post-15854","1":"product","2":"type-product","3":"status-publish","4":"has-post-thumbnail","6":"product_cat-horsefoodthebest","8":"first","9":"instock","10":"shipping-taxable","11":"purchasable","12":"product-type-simple"},"jetpack_publicize_connections":[],"jetpack_sharing_enabled":true,"jetpack-related-posts":[{"id":4178,"url":"https:\/\/www.horsefood.ee\/latvia\/pood\/soodaamber-kaanega-15l\/","url_meta":{"origin":15854,"position":0},"title":"Horsefood`The best originaal s\u00f6\u00f6da\u00e4mber koos kaanega \/ 15L","author":"kadri koppel","date":"23. Aug 2017","format":false,"excerpt":"Horsefood s\u00f6\u00f6da\u00e4mber kaanega 15L. NB! S\u00f6\u00f6dakopsik ei kuulu komplekti!","rel":"","context":"Similar post","block_context":{"text":"Similar post","link":""},"img":{"alt_text":"","src":"https:\/\/i0.wp.com\/horsefood.ee\/wp-content\/uploads\/2017\/10\/S%C3%B6%C3%B6da%C3%A4mber-kaanega.jpg?fit=801%2C1200&ssl=1&resize=350%2C200","width":350,"height":200,"srcset":"https:\/\/i0.wp.com\/horsefood.ee\/wp-content\/uploads\/2017\/10\/S%C3%B6%C3%B6da%C3%A4mber-kaanega.jpg?fit=801%2C1200&ssl=1&resize=350%2C200 1x, https:\/\/i0.wp.com\/horsefood.ee\/wp-content\/uploads\/2017\/10\/S%C3%B6%C3%B6da%C3%A4mber-kaanega.jpg?fit=801%2C1200&ssl=1&resize=525%2C300 1.5x, https:\/\/i0.wp.com\/horsefood.ee\/wp-content\/uploads\/2017\/10\/S%C3%B6%C3%B6da%C3%A4mber-kaanega.jpg?fit=801%2C1200&ssl=1&resize=700%2C400 2x"},"classes":[]},{"id":6383,"url":"https:\/\/www.horsefood.ee\/latvia\/pood\/tallitahvel\/","url_meta":{"origin":15854,"position":1},"title":"Tallitahvel Horsefood`The best hobusetallidele!","author":"kadri koppel","date":"4. Dec 2018","format":false,"excerpt":"Suurus A4. M\u00e4rkmeid saab tahvlile kirjutada tahvlikriidiga. N\u00e4gus ja vastupidav.","rel":"","context":"Similar post","block_context":{"text":"Similar post","link":""},"img":{"alt_text":"","src":"https:\/\/i0.wp.com\/horsefood.ee\/wp-content\/uploads\/2018\/12\/Tallitahvel.jpg?fit=900%2C1200&ssl=1&resize=350%2C200","width":350,"height":200,"srcset":"https:\/\/i0.wp.com\/horsefood.ee\/wp-content\/uploads\/2018\/12\/Tallitahvel.jpg?fit=900%2C1200&ssl=1&resize=350%2C200 1x, https:\/\/i0.wp.com\/horsefood.ee\/wp-content\/uploads\/2018\/12\/Tallitahvel.jpg?fit=900%2C1200&ssl=1&resize=525%2C300 1.5x, https:\/\/i0.wp.com\/horsefood.ee\/wp-content\/uploads\/2018\/12\/Tallitahvel.jpg?fit=900%2C1200&ssl=1&resize=700%2C400 2x"},"classes":[]},{"id":20613,"url":"https:\/\/www.horsefood.ee\/latvia\/pood\/horsefood-stomach-protect-seedimine-maohaavad-ph-tasakaal-3000-gr\/","url_meta":{"origin":15854,"position":2},"title":"Horsefood Stomach Protect (seedimine\/maohaavad\/ Ph-tasakaal)  3000 gr","author":"Kaido Koppel","date":"25. Nov 2024","format":false,"excerpt":"Horsefood Stomach Protect aitab hoida hobuse mao happe-aluse tasakaalu. Hobuse magu toodab pidevalt maohapet, mis on vajalik toidu seedimiseks ja kahjulike bakterite h\u00e4vitamiseks. N\u00e4rimine stimuleerib s\u00fclje tootmist, mis aitab maohapet neutraliseerida ja hoida mao pH-taset tasakaalus. Kui hobune ei saa piisavalt n\u00e4rida, v\u00f5ib maohape kahjustada mao limaskesta. Stress v\u00f5ib samuti\u2026","rel":"","context":"Similar post","block_context":{"text":"Similar post","link":""},"img":{"alt_text":"","src":"","width":0,"height":0},"classes":[]},{"id":4316,"url":"https:\/\/www.horsefood.ee\/latvia\/pood\/jutekott\/","url_meta":{"origin":15854,"position":3},"title":"Jutekott","author":"kadri koppel","date":"8. Okt 2017","format":false,"excerpt":"Praktiline jutekott, kas kingiks v\u00f5i hobuvarustuse jaoks.\u00a0 Kandev\u00f5ime 15kg.","rel":"","context":"Similar post","block_context":{"text":"Similar post","link":""},"img":{"alt_text":"","src":"https:\/\/i0.wp.com\/horsefood.ee\/wp-content\/uploads\/2017\/10\/Jutekott.jpeg?fit=1112%2C1112&ssl=1&resize=350%2C200","width":350,"height":200,"srcset":"https:\/\/i0.wp.com\/horsefood.ee\/wp-content\/uploads\/2017\/10\/Jutekott.jpeg?fit=1112%2C1112&ssl=1&resize=350%2C200 1x, https:\/\/i0.wp.com\/horsefood.ee\/wp-content\/uploads\/2017\/10\/Jutekott.jpeg?fit=1112%2C1112&ssl=1&resize=525%2C300 1.5x, https:\/\/i0.wp.com\/horsefood.ee\/wp-content\/uploads\/2017\/10\/Jutekott.jpeg?fit=1112%2C1112&ssl=1&resize=700%2C400 2x, https:\/\/i0.wp.com\/horsefood.ee\/wp-content\/uploads\/2017\/10\/Jutekott.jpeg?fit=1112%2C1112&ssl=1&resize=1050%2C600 3x"},"classes":[]},{"id":6590,"url":"https:\/\/www.horsefood.ee\/latvia\/pood\/hoof-resilience-shine-julianjones-kabjarasv-natural-850ml\/","url_meta":{"origin":15854,"position":4},"title":"KABJARASV  850ml (Hoof Resilience&#038;Shine\/neutral)","author":"kadri koppel","date":"22. Jan 2019","format":false,"excerpt":"","rel":"","context":"Similar post","block_context":{"text":"Similar post","link":""},"img":{"alt_text":"","src":"https:\/\/i0.wp.com\/horsefood.ee\/wp-content\/uploads\/2019\/01\/Kabjarasv.png?fit=350%2C400&ssl=1&resize=350%2C200","width":350,"height":200},"classes":[]},{"id":4304,"url":"https:\/\/www.horsefood.ee\/latvia\/pood\/antiklit-gel-250ml-laikegeel-lakale-ja-sabale\/","url_meta":{"origin":15854,"position":5},"title":"Antiklit-GEL (l\u00e4ikegeel lakale ja sabale \/ siidine tulemus!) 250ml","author":"kadri koppel","date":"26. Sep 2017","format":false,"excerpt":"L\u00e4ikegeel lakale ja sabale. Hea alternatiiv nendele hobustele, kelledele tavap\u00e4rane spreitamine ei sobi. S\u00e4rav l\u00e4ige ning kauakestev tulemus!","rel":"","context":"Similar post","block_context":{"text":"Similar post","link":""},"img":{"alt_text":"","src":"https:\/\/i0.wp.com\/horsefood.ee\/wp-content\/uploads\/2017\/10\/L%C3%A4ikegeel.jpg?fit=801%2C1200&ssl=1&resize=350%2C200","width":350,"height":200,"srcset":"https:\/\/i0.wp.com\/horsefood.ee\/wp-content\/uploads\/2017\/10\/L%C3%A4ikegeel.jpg?fit=801%2C1200&ssl=1&resize=350%2C200 1x, https:\/\/i0.wp.com\/horsefood.ee\/wp-content\/uploads\/2017\/10\/L%C3%A4ikegeel.jpg?fit=801%2C1200&ssl=1&resize=525%2C300 1.5x, https:\/\/i0.wp.com\/horsefood.ee\/wp-content\/uploads\/2017\/10\/L%C3%A4ikegeel.jpg?fit=801%2C1200&ssl=1&resize=700%2C400 2x"},"classes":[]}],"_links":{"self":[{"href":"https:\/\/www.horsefood.ee\/latvia\/wp-json\/wp\/v2\/product\/15854","targetHints":{"allow":["GET"]}}],"collection":[{"href":"https:\/\/www.horsefood.ee\/latvia\/wp-json\/wp\/v2\/product"}],"about":[{"href":"https:\/\/www.horsefood.ee\/latvia\/wp-json\/wp\/v2\/types\/product"}],"wp:featuredmedia":[{"embeddable":true,"href":"https:\/\/www.horsefood.ee\/latvia\/wp-json\/wp\/v2\/media\/15826"}],"wp:attachment":[{"href":"https:\/\/www.horsefood.ee\/latvia\/wp-json\/wp\/v2\/media?parent=15854"}],"wp:term":[{"taxonomy":"product_brand","embeddable":true,"href":"https:\/\/www.horsefood.ee\/latvia\/wp-json\/wp\/v2\/product_brand?post=15854"},{"taxonomy":"product_cat","embeddable":true,"href":"https:\/\/www.horsefood.ee\/latvia\/wp-json\/wp\/v2\/product_cat?post=15854"},{"taxonomy":"product_tag","embeddable":true,"href":"https:\/\/www.horsefood.ee\/latvia\/wp-json\/wp\/v2\/product_tag?post=15854"}],"curies":[{"name":"wp","href":"https:\/\/api.w.org\/{rel}","templated":true}]}}