{"id":12963,"date":"2021-05-11T19:43:07","date_gmt":"2021-05-11T16:43:07","guid":{"rendered":"https:\/\/horsefood.ee\/?post_type=product&#038;p=12963"},"modified":"2026-02-08T11:19:13","modified_gmt":"2026-02-08T09:19:13","slug":"hydra-fix-horse-lipstick","status":"publish","type":"product","link":"https:\/\/www.horsefood.ee\/latvia\/pood\/hydra-fix-horse-lipstick\/","title":{"rendered":"HYDRA-FIX HORSE LIPSTICK (Huulepulk hobusele) 100ml"},"content":{"rendered":"<p><b>Hydra-Fix Horse huulepulk:<\/b><\/p>\n<ul>\n<li><b>kaitseb suud ja huuli kuivade, l\u00f5henenud ja\/v\u00f5i karedate suunurkade vastu,<\/b><\/li>\n<li><b>kaitseb ja aitab ninal taastuda tugevate p\u00e4ikesep\u00f5letuste korral,<\/b><\/li>\n<li><b>v\u00e4hendab naha punetust \u00fchtlaselt pika aja v\u00e4ltel.<\/b><\/li>\n<\/ul>\n<hr \/>\n<p>Hobuse suu, huuled ja nina puutuvad pidevalt kokku erinevate stressifaktoritega nagu valjad ja suulised aga ka keskkonnateguritega nagu tugev p\u00e4ike, temperatuurik\u00f5ikumised ja UV-kiirgus. Need muudavad suu, huuled ja nina tundlikuks ning kergelt haavatavaks..<\/p>\n<p>J&amp;J on v\u00e4lja t\u00f6\u00f6tanud \u201caktiivaine kontseptsiooni\u201d, mis vastab t\u00e4pselt nendele k\u00f5rgetele n\u00f5uetele.<\/p>\n<p><b>HYDRA-FIX Horse huulepulk kaitseb valulike, karedate v\u00f5i l\u00f5hestunud suunurkade vastu ja kaitseb nina p\u00e4ikesep\u00f5letuste eest!<\/b><\/p>\n<p>See \u201cEsimene hobuste huulepulk\u201d sisaldab p\u00e4ikesefiltreid ja on valmistatud loodusliku mesilasvaha baasil. See ei sisalda loomset ega mineraal\u00f5li p\u00e4ritolu koostisosi (nafta derivaate), on GMO-, CMR- ja pestitsiidivaba. Roheline v\u00e4rv peidab punetust ning maitsev \u00f5unal\u00f5hn paneb Su hobuse huuli lakkuma.<span class=\"Apple-converted-space\">\u00a0<\/span><\/p>\n<p><b>Toimeainete kirjeldus:<\/b><\/p>\n<p>2% pealekandmistugevusega kosmeetiline toimeaine <em><strong>DEFENSIL\u00ae<\/strong><\/em> kaitseb nahabarj\u00e4\u00e4ri, niisutab ning omab p\u00f5letikuvastast ja rahustavat toimet*. See normaliseerib tundliku naha kolmefaasilise t\u00f6\u00f6p\u00f5him\u00f5tte abil:<\/p>\n<ul>\n<li><b>Cardiospermum Halicacabum<\/b><\/li>\n<\/ul>\n<p>Cardiospermum on ronitaim, mis algselt p\u00e4rineb troopikast. Tema nimi tuleneb seemnel oleva valge s\u00fcdamekujulise j\u00e4lje t\u00f5ttu. Ravimiteaduses on ta tuntud oma s\u00fcgelust ja allergilist nahal\u00f6\u00f6vet leevendavate omaduste t\u00f5ttu. Need omadused tulenevad f\u00fctosteroolide, triterpeenide ning stearidoonhapete (oomega-3-rasvhapped) k\u00f5rgest osakaalust, mille p\u00f5letikuvastased omadused on eriti huvitavad.<span class=\"Apple-converted-space\">\u00a0<\/span><\/p>\n<ul>\n<li><b>Echiumolie \u2013 k\u00fclmpressitud v\u00f5imas \u00f5li<\/b><\/li>\n<\/ul>\n<p>\u00d5li ekstraheeritakse seemnetest k\u00fclmpressimise teel. Ehhiumi\u00f5li on v\u00e4ga rikas stearidoonhappe poolest, mis on asendamatu oomega-3-rasvhape ning tuntud oma p\u00f5letikuvastase omaduse poolest. Stearidoonhape p\u00e4rsib t\u00f5husalt 5-lipoks\u00fcgenaasi ens\u00fc\u00fcmi ning seel\u00e4bi ka p\u00f5letikulisi mehhanisme. Sama suur osakaal 7-12% gamma-linoolhapet vastutab ka nahabarj\u00e4\u00e4ri optimaalse kaitse eest, kuna k\u00fcllastumata rasvhapped taastavad epidermise rakkudevahelist tsementi.<\/p>\n<ul>\n<li><b>Looduslik vitamiin E (tokoferool) ja skvaleen p\u00e4evalille\u00f5lis<\/b><\/li>\n<\/ul>\n<p>Lipiidide peroks\u00fcdeerimise v\u00e4hendamine*<\/p>\n<p>&nbsp;<\/p>\n<p>T\u00e4nu oma huvitavale koostisele, mida iseloomustab suur steroolide osakaal, m\u00f5juvad p\u00e4evalille\u00f5li seebistumatud elemendid nahale eriti rahustavalt. Loodusliku vitamiin E ja skvaleeni m\u00e4rkimisv\u00e4\u00e4rne sisaldus p\u00e4evalille\u00f5li seebistamatus osas<span class=\"Apple-converted-space\">\u00a0 <\/span>on naha taastamisel ja hooldamisel samuti suure t\u00e4htsusega. Nahk on kaitstud ja varustatud oluliste koostisosadega ning sel viisil kompenseeritakse puuduj\u00e4\u00e4gid loomulikul viisil.<span class=\"Apple-converted-space\">\u00a0<\/span><\/p>\n<p>Toetatud mitmete firma Rahn poolt l\u00e4bi viidud in-vivo kliiniliste uuringutega.<\/p>\n<p><strong><span class=\"Apple-converted-space\">Toode ei sisalda loomset ega mineraal\u00f5li p\u00e4ritolu koostisosi (nafta derivaadid), on GMO- ja CMR-vaba ning vaba pestitsiididest!\u00a0<\/span><\/strong><\/p>\n<p>Hoidke eemal otsese p\u00e4ikesevalguse eest ning hoiustage jahedas (&lt;25 \u00b0C) ja kuivas kohas.<\/p>\n<p>Tootja:\u00a0<strong>JULIAN &amp; JONES\u00ae<\/strong>, Sveit\u0161. 100% naturaalne ja dopinguvaba!<\/p>","protected":false},"excerpt":{"rendered":"<p>Hydra-Fix Horse huulepulk: kaitseb suud ja huuli kuivade, l\u00f5henenud ja\/v\u00f5i karedate suunurkade vastu, kaitseb ja aitab ninal taastuda tugevate p\u00e4ikesep\u00f5letuste korral, v\u00e4hendab naha punetust \u00fchtlaselt pika aja v\u00e4ltel. Hobuse suu, huuled ja nina puutuvad pidevalt kokku erinevate stressifaktoritega nagu valjad ja suulised aga ka keskkonnateguritega nagu tugev p\u00e4ike, temperatuurik\u00f5ikumised ja UV-kiirgus. Need muudavad suu, huuled ja nina tundlikuks ning kergelt haavatavaks.. J&amp;J on v\u00e4lja t\u00f6\u00f6tanud \u201caktiivaine kontseptsiooni\u201d, mis vastab t\u00e4pselt nendele k\u00f5rgetele n\u00f5uetele. HYDRA-FIX Horse [&#8230;]\n","protected":false},"featured_media":12964,"template":"","meta":{"jetpack_post_was_ever_published":false,"jetpack_publicize_message":"","jetpack_publicize_feature_enabled":true,"jetpack_social_post_already_shared":true,"jetpack_social_options":{"image_generator_settings":{"template":"highway","default_image_id":0,"font":"","enabled":false},"version":2}},"product_brand":[],"product_cat":[56],"product_tag":[76],"class_list":{"0":"post-12963","1":"product","2":"type-product","3":"status-publish","4":"has-post-thumbnail","6":"product_cat-horsefoodthebest","7":"product_tag-heaolu-ja-tervis","9":"first","10":"outofstock","11":"shipping-taxable","12":"purchasable","13":"product-type-simple"},"jetpack_publicize_connections":[],"jetpack_sharing_enabled":true,"jetpack-related-posts":[{"id":22279,"url":"https:\/\/www.horsefood.ee\/latvia\/pood\/alfalux-cube\/","url_meta":{"origin":12963,"position":0},"title":"Horsefood AlfaLux Cube \u2013 lutsernikuubikud (18 kg)","author":"Kaido Koppel","date":"7. Okt 2025","format":false,"excerpt":"Horsefood AlfaLux Cube on looduslikust lutsernist ja heintaimedest valmistatud kiurikas lisands\u00f6\u00f6t, mis toetab hobuse seedimist ja \u00fcldist heaolu. K\u00f5rge kiusisaldus pikendab s\u00f6\u00f6misprotsessi, soodustab s\u00fclje teket ja aitab s\u00e4ilitada tervet mao- ja soolestikus\u00fcsteemi. Lisatud p\u00fcsihein (sainfoin) on v\u00e4\u00e4rtuslik liblik\u00f5ieline s\u00f6\u00f6dakultuur, mis toetab hobuse immuunsust ja seedimist. Bentoniiit, looduslik savimineraal, aitab kaitsta\u2026","rel":"","context":"Similar post","block_context":{"text":"Similar post","link":""},"img":{"alt_text":"","src":"https:\/\/i0.wp.com\/horsefood.ee\/wp-content\/uploads\/2025\/10\/AlfaLux-Cubes-flyer-EN.png?fit=846%2C1200&ssl=1&resize=350%2C200","width":350,"height":200,"srcset":"https:\/\/i0.wp.com\/horsefood.ee\/wp-content\/uploads\/2025\/10\/AlfaLux-Cubes-flyer-EN.png?fit=846%2C1200&ssl=1&resize=350%2C200 1x, https:\/\/i0.wp.com\/horsefood.ee\/wp-content\/uploads\/2025\/10\/AlfaLux-Cubes-flyer-EN.png?fit=846%2C1200&ssl=1&resize=525%2C300 1.5x, https:\/\/i0.wp.com\/horsefood.ee\/wp-content\/uploads\/2025\/10\/AlfaLux-Cubes-flyer-EN.png?fit=846%2C1200&ssl=1&resize=700%2C400 2x"},"classes":[]},{"id":20305,"url":"https:\/\/www.horsefood.ee\/latvia\/pood\/bronchoplus-siroop-hingamisteede-toetuseks-1000ml\/","url_meta":{"origin":12963,"position":1},"title":"Bronchoplus Siroop  (hingamisteede toetuseks ) 1000ml","author":"Kaido Koppel","date":"8. Okt 2024","format":false,"excerpt":"S\u00f6\u00f6dalisand. H\u00f5lpsalt kasutatav lahus kogu bronhides\u00fcsteemi toetuseks. See hoolikalt valitud\u00a0naturaalsetest koostisainetest\u00a0koosnev vahend aitab ventileerida hingamisteid enne intensiivset pingutust ning \u00f5hupuuduse korral.\u00a0Kiire toimeline ning rahustav effekt.\u00a0Leevendab k\u00f6ha\u00e4rritust ning aitab v\u00e4ljutada lima nii \u00fclemistest, kui ka alumistest hingamisteedest. Koostis: Mesi \u2013 Rahustab \u00e4rritunud limaskesti ja toetab loomulikku tervenemist. Grindelia ekstrakt \u2013 Aitab\u2026","rel":"","context":"Similar post","block_context":{"text":"Similar post","link":""},"img":{"alt_text":"","src":"https:\/\/i0.wp.com\/horsefood.ee\/wp-content\/uploads\/2024\/10\/Bronchhoplus-e1761209972829.jpeg?fit=800%2C800&ssl=1&resize=350%2C200","width":350,"height":200,"srcset":"https:\/\/i0.wp.com\/horsefood.ee\/wp-content\/uploads\/2024\/10\/Bronchhoplus-e1761209972829.jpeg?fit=800%2C800&ssl=1&resize=350%2C200 1x, https:\/\/i0.wp.com\/horsefood.ee\/wp-content\/uploads\/2024\/10\/Bronchhoplus-e1761209972829.jpeg?fit=800%2C800&ssl=1&resize=525%2C300 1.5x, https:\/\/i0.wp.com\/horsefood.ee\/wp-content\/uploads\/2024\/10\/Bronchhoplus-e1761209972829.jpeg?fit=800%2C800&ssl=1&resize=700%2C400 2x"},"classes":[]},{"id":12959,"url":"https:\/\/www.horsefood.ee\/latvia\/pood\/hoof-resilience-shine\/","url_meta":{"origin":12963,"position":2},"title":"HOOF RESILIENCE &#038; SHINE (Kabjasalv) 850ml","author":"Kaido Koppel","date":"11. Mai 2021","format":false,"excerpt":"Kabja vastupidavus ja s\u00e4ra! Traditsiooniliselt toodetud kabjam\u00e4\u00e4re.\u00a0 Hoolikalt valitud \u00f5lide segu, mida saab kasutada pragunenud, tundlike ja\/v\u00f5i habraste kapjade jaoks. See parandab kabja kvaliteeti, soodustab kabja kasvu ning tagab optimaalse niiskustasakaalu. Spetsiifiliste eeterlike \u00f5lide olemasolu tagab vastupidavuse ning laseb hobuse kapjadel s\u00e4rada.\u00a0 \u00d5li on oluline m\u00e4\u00e4rida harjaga mitu korda n\u00e4dalas\u2026","rel":"","context":"Similar post","block_context":{"text":"Similar post","link":""},"img":{"alt_text":"","src":"https:\/\/i0.wp.com\/horsefood.ee\/wp-content\/uploads\/2021\/05\/Hoof-resilience-black-750ml-sh.jpg?fit=1200%2C1200&ssl=1&resize=350%2C200","width":350,"height":200,"srcset":"https:\/\/i0.wp.com\/horsefood.ee\/wp-content\/uploads\/2021\/05\/Hoof-resilience-black-750ml-sh.jpg?fit=1200%2C1200&ssl=1&resize=350%2C200 1x, https:\/\/i0.wp.com\/horsefood.ee\/wp-content\/uploads\/2021\/05\/Hoof-resilience-black-750ml-sh.jpg?fit=1200%2C1200&ssl=1&resize=525%2C300 1.5x, https:\/\/i0.wp.com\/horsefood.ee\/wp-content\/uploads\/2021\/05\/Hoof-resilience-black-750ml-sh.jpg?fit=1200%2C1200&ssl=1&resize=700%2C400 2x, https:\/\/i0.wp.com\/horsefood.ee\/wp-content\/uploads\/2021\/05\/Hoof-resilience-black-750ml-sh.jpg?fit=1200%2C1200&ssl=1&resize=1050%2C600 3x"},"classes":[]},{"id":3500,"url":"https:\/\/www.horsefood.ee\/latvia\/pood\/kuuslauguhelbed\/","url_meta":{"origin":12963,"position":3},"title":"K\u00fc\u00fcslauguhelbed (immuunsus \/ s\u00f6\u00f6giisu soodustav) 2000gr","author":"Georg Koppel","date":"14. Apr 2017","format":false,"excerpt":"T\u00e4iends\u00f6\u00f6t. Horsefood`the best\u00a0k\u00fc\u00fcslauguhelbed on valmistatud Euroopa p\u00e4ritolu k\u00fc\u00fcslaugu mugulatest. Rikastatud kaltsiumi, magneesiumi, seleeniga. 100% k\u00fc\u00fcslauku! Antibakteriaalne toime: puhastab verd, ennetab seen- ja p\u00f5letikulisi protsesse kehas. Lima eritust soodustav toime. T\u00f5rjub putukaid. K\u00fc\u00fcslaugus on erinevaid v\u00e4\u00e4vli\u00fchendeid, mis annavad k\u00fc\u00fcslaugule tema iseloomuliku terava l\u00f5hna ja tugeva maitse. K\u00fc\u00fcslaugus leiame ka vitamiine B1,\u2026","rel":"","context":"Similar post","block_context":{"text":"Similar post","link":""},"img":{"alt_text":"","src":"https:\/\/i0.wp.com\/horsefood.ee\/wp-content\/uploads\/2017\/11\/K%C3%BC%C3%BCslauguliistakud.jpg?fit=801%2C1200&ssl=1&resize=350%2C200","width":350,"height":200,"srcset":"https:\/\/i0.wp.com\/horsefood.ee\/wp-content\/uploads\/2017\/11\/K%C3%BC%C3%BCslauguliistakud.jpg?fit=801%2C1200&ssl=1&resize=350%2C200 1x, https:\/\/i0.wp.com\/horsefood.ee\/wp-content\/uploads\/2017\/11\/K%C3%BC%C3%BCslauguliistakud.jpg?fit=801%2C1200&ssl=1&resize=525%2C300 1.5x, https:\/\/i0.wp.com\/horsefood.ee\/wp-content\/uploads\/2017\/11\/K%C3%BC%C3%BCslauguliistakud.jpg?fit=801%2C1200&ssl=1&resize=700%2C400 2x"},"classes":[]},{"id":12970,"url":"https:\/\/www.horsefood.ee\/latvia\/pood\/heparen-12-kg\/","url_meta":{"origin":12963,"position":4},"title":"HEPAREN+ (Neerude ja maksa kaitse) 1000ml","author":"Kaido Koppel","date":"11. Mai 2021","format":false,"excerpt":"See on dieettoit maksa ja neerude toetamiseks. Kasutatakse Teie hobuse tervise s\u00e4ilitamiseks, maksimaalse vastupidavuse ja eluj\u00f5u saavutamiseks.\u00a0 Hobuse organism peab t\u00f6\u00f6tlema palju j\u00e4\u00e4kaineid. Maksa, neerude ning vereringe ja -rakkudega seotud probleemid on tippspordihobustel v\u00e4ga levinud.\u00a0 Treeningu ajal toodab hobuse keha oks\u00fcdatiivseid j\u00e4\u00e4kaineid (vabu radikaale, piimhapet jm), mis on rakkudele koormaks.\u2026","rel":"","context":"Similar post","block_context":{"text":"Similar post","link":""},"img":{"alt_text":"","src":"https:\/\/i0.wp.com\/horsefood.ee\/wp-content\/uploads\/2021\/05\/Heparen-1L-shadow.jpg?fit=800%2C1200&ssl=1&resize=350%2C200","width":350,"height":200,"srcset":"https:\/\/i0.wp.com\/horsefood.ee\/wp-content\/uploads\/2021\/05\/Heparen-1L-shadow.jpg?fit=800%2C1200&ssl=1&resize=350%2C200 1x, https:\/\/i0.wp.com\/horsefood.ee\/wp-content\/uploads\/2021\/05\/Heparen-1L-shadow.jpg?fit=800%2C1200&ssl=1&resize=525%2C300 1.5x, https:\/\/i0.wp.com\/horsefood.ee\/wp-content\/uploads\/2021\/05\/Heparen-1L-shadow.jpg?fit=800%2C1200&ssl=1&resize=700%2C400 2x"},"classes":[]},{"id":4127,"url":"https:\/\/www.horsefood.ee\/latvia\/pood\/zeewier-mix-valik-mineraale-ca-biotiin-se-na-2kg\/","url_meta":{"origin":12963,"position":5},"title":"Zeewierbrokjes \/merevetikad (valik mineraale: Ca, biotiin, Se, Na) 2kg","author":"kadri koppel","date":"18. Aug 2017","format":false,"excerpt":"S\u00f6\u00f6dalisand. Valik mineraale. Merevetikad.\u00a0Puhas, naturaalne toode. vitamiinid: A, B1, B2, B3, B12, D-vitamiin ja E-vitamiin, mineraalained: Ca, biotiin, Se, Na. Horsefood`The best\u00a0merevetikad on turvaline valik ja uus t\u00e4iendus hobuste toidulauale. Kui j\u00e4lgid soovituslikke p\u00e4evaannuseid, siis on tegemist turvalise ja suurep\u00e4rase tootega,\u00a0 kuna merevetikates on looduslik valik erinevaid vitamiine, mineraale, mikroelemente\u2026","rel":"","context":"Similar post","block_context":{"text":"Similar post","link":""},"img":{"alt_text":"","src":"https:\/\/i0.wp.com\/horsefood.ee\/wp-content\/uploads\/2017\/11\/Merevetikad.jpg?fit=801%2C1200&ssl=1&resize=350%2C200","width":350,"height":200,"srcset":"https:\/\/i0.wp.com\/horsefood.ee\/wp-content\/uploads\/2017\/11\/Merevetikad.jpg?fit=801%2C1200&ssl=1&resize=350%2C200 1x, https:\/\/i0.wp.com\/horsefood.ee\/wp-content\/uploads\/2017\/11\/Merevetikad.jpg?fit=801%2C1200&ssl=1&resize=525%2C300 1.5x, https:\/\/i0.wp.com\/horsefood.ee\/wp-content\/uploads\/2017\/11\/Merevetikad.jpg?fit=801%2C1200&ssl=1&resize=700%2C400 2x"},"classes":[]}],"_links":{"self":[{"href":"https:\/\/www.horsefood.ee\/latvia\/wp-json\/wp\/v2\/product\/12963","targetHints":{"allow":["GET"]}}],"collection":[{"href":"https:\/\/www.horsefood.ee\/latvia\/wp-json\/wp\/v2\/product"}],"about":[{"href":"https:\/\/www.horsefood.ee\/latvia\/wp-json\/wp\/v2\/types\/product"}],"wp:featuredmedia":[{"embeddable":true,"href":"https:\/\/www.horsefood.ee\/latvia\/wp-json\/wp\/v2\/media\/12964"}],"wp:attachment":[{"href":"https:\/\/www.horsefood.ee\/latvia\/wp-json\/wp\/v2\/media?parent=12963"}],"wp:term":[{"taxonomy":"product_brand","embeddable":true,"href":"https:\/\/www.horsefood.ee\/latvia\/wp-json\/wp\/v2\/product_brand?post=12963"},{"taxonomy":"product_cat","embeddable":true,"href":"https:\/\/www.horsefood.ee\/latvia\/wp-json\/wp\/v2\/product_cat?post=12963"},{"taxonomy":"product_tag","embeddable":true,"href":"https:\/\/www.horsefood.ee\/latvia\/wp-json\/wp\/v2\/product_tag?post=12963"}],"curies":[{"name":"wp","href":"https:\/\/api.w.org\/{rel}","templated":true}]}}